{"id":93,"date":"2023-01-07T21:06:48","date_gmt":"2023-01-07T20:06:48","guid":{"rendered":"https:\/\/teamprofessional.pl\/teamprofessional\/?page_id=93"},"modified":"2023-10-12T19:13:35","modified_gmt":"2023-10-12T18:13:35","slug":"usluga-montarzu-podlogi-dywanow-paneli-c","status":"publish","type":"page","link":"https:\/\/teamprofessional.pl\/teamprofessional\/?page_id=93","title":{"rendered":"US\u0141UGA MONTARZU POD\u0141OGI, DYWAN\u00d3W, PANELI"},"content":{"rendered":"\n<figure class=\"wp-block-table is-style-stripes has-medium-font-size\"><table style=\"border-width:4px\"><thead><tr><th><strong>NUMER US\u0141UGI<\/strong><\/th><th><strong>NUMER US\u0141UGI<\/strong><\/th><th><strong>JEDNOSTKA<\/strong><\/th><th><strong><strong>CENA<\/strong><\/strong><\/th><\/tr><\/thead><tbody><tr><td><strong>Monta\u017c 12,1<\/strong><\/td><td><strong>Us\u0142ugi przygotowawcze&nbsp;<\/strong><\/td><td><strong>Indywidualna wycena<\/strong><\/td><td><strong>Indywidualna wycena<\/strong><\/td><\/tr><tr><td>Monta\u017c 12,2<\/td><td>Demonta\u017c pod\u0142\u00f3g nieprzyklejonych ( panele , parkiet , wyk\u0142adziny )&nbsp;<\/td><td>Metr kwadratowy<\/td><td>3,00 z\u0142<\/td><\/tr><tr><td>Monta\u017c 12,3<\/td><td>Demonta\u017c pod\u0142\u00f3g nieprzyklejonych ( panele , parkiet , wyk\u0142adziny ) z wyniesieniem do kontenera&nbsp;<\/td><td>Metr kwadratowy<\/td><td>5,00 z\u0142<\/td><\/tr><tr><td>Monta\u017c 12,4<\/td><td>Demonta\u017c pod\u0142\u00f3g przyklejonych ( panele , parkiet , wyk\u0142adziny )&nbsp;<\/td><td>Metr kwadratowy<\/td><td>8,00 z\u0142<\/td><\/tr><tr><td>Monta\u017c 12,5<\/td><td>Demonta\u017c pod\u0142\u00f3g przyklejonych ( panele , parkiet , wyk\u0142adziny ) z wyniesieniem do kontenera&nbsp;<\/td><td>Metr kwadratowy<\/td><td>10,00 z\u0142<\/td><\/tr><tr><td>Monta\u017c 12,6<\/td><td>Wykonanie wylewki wyr\u00f3wnuj\u0105cej samopoziomuj\u0105cej do 5 mm&nbsp;<\/td><td>Metr kwadratowy<\/td><td>5,00 z\u0142<\/td><\/tr><tr><td>Monta\u017c 12,7<\/td><td>Wykonanie wylewki wyr\u00f3wnuj\u0105cej samopoziomuj\u0105cej od 5 mm<\/td><td>Metr kwadratowy<\/td><td>8,00 z\u0142<\/td><\/tr><tr><td>Monta\u017c 12,8<\/td><td>Naprawa p\u0119kni\u0119\u0107 \u017cywic\u0105 epoksydow\u0105&nbsp;<\/td><td>Metr kwadratowy<\/td><td>8,00 z\u0142<\/td><\/tr><tr><td>Monta\u017c 12,9<\/td><td>Wykonanie izolacji foli\u0105 w p\u0142ynie&nbsp;<\/td><td>Metr kwadratowy<\/td><td>5,00 z\u0142<\/td><\/tr><tr><td>Monta\u017c 12,10<\/td><td>Wykonanie hydroizolacji&nbsp;<\/td><td>Metr kwadratowy<\/td><td>10,00 z\u0142<\/td><\/tr><tr><td>Monta\u017c 12,11<\/td><td>Przygotowanie powierzchni ( szlifowanie , skrobanie , zamiatanie , odkurzanie )&nbsp;<\/td><td>Metr kwadratowy<\/td><td>1,00 z\u0142<\/td><\/tr><tr><td>Monta\u017c 12,12<\/td><td>Gruntowanie pod\u0142o\u017ca \u015brodkiem gruntuj\u0105cym&nbsp;<\/td><td>Metr kwadratowy<\/td><td>2,00 z\u0142<\/td><\/tr><tr><td>Monta\u017c 12,13<\/td><td>Po\u0142o\u017cenie preparatu antypo\u015blizgowego<\/td><td>Metr kwadratowy<\/td><td>1,00 z\u0142<\/td><\/tr><tr><td>Monta\u017c 12,14<\/td><td>Przenoszenie mebli ( jedno pomieszczenie )&nbsp;<\/td><td>Sztuka<\/td><td>50 z\u0142&nbsp;<\/td><\/tr><tr><td>Monta\u017c 12,15<\/td><td>Zabezpieczenie foli\u0105 mebli , pod\u0142\u00f3g , okien , drzwi&nbsp;<\/td><td>Sztuka<\/td><td>10,00 z\u0142<\/td><\/tr><tr><td><strong>Monta\u017c 12,16<\/strong><\/td><td><strong>Paneli , parkietu , desek barlineckich&nbsp;<\/strong><\/td><td><strong>Indywidualna wycena<\/strong><\/td><td><strong>Indywidualna wycena<\/strong><\/td><\/tr><tr><td>Monta\u017c 12,17<\/td><td>Monta\u017c paneli pod\u0142ogowych z zamkami 5G , fold down , Express Click<\/td><td>Metr kwadratowy<\/td><td>17,00 z\u0142<\/td><\/tr><tr><td>Monta\u017c 12,18<\/td><td>Monta\u017c paneli pod\u0142ogowych w lini\u0119 z zamkami 5G , fold down , Express Click&nbsp;<\/td><td>Metr kwadratowy<\/td><td>18,00 z\u0142<\/td><\/tr><tr><td>Monta\u017c 12,19<\/td><td>Monta\u017c paneli pod\u0142ogowych pod kontem 45 stopni z zamkami 5G , fold down , Express Click&nbsp;<\/td><td>Metr kwadratowy<\/td><td>21,00 z\u0142<\/td><\/tr><tr><td>Monta\u017c 12,20<\/td><td>Monta\u017c paneli pod\u0142ogowych z zamkami 2G , angle angle , Drop On&nbsp;<\/td><td>Metr kwadratowy<\/td><td>22,00 z\u0142<\/td><\/tr><tr><td>Monta\u017c 12,21<\/td><td>Monta\u017c paneli winylowych LVT ( p\u0142ywaj\u0105co )&nbsp;<\/td><td>Metr kwadratowy<\/td><td>17,00 z\u0142<\/td><\/tr><tr><td>Monta\u017c 12,22<\/td><td>Monta\u017c paneli winylowych LVT ( na klej )&nbsp;<\/td><td>Metr kwadratowy<\/td><td>22,00 z\u0142<\/td><\/tr><tr><td>Monta\u017c 12,23<\/td><td>Monta\u017c paneli drewnianych tr\u00f3jwarstwowych&nbsp;<\/td><td>Metr kwadratowy<\/td><td>26,00 z\u0142<\/td><\/tr><tr><td>Monta\u017c 12,24<\/td><td>Monta\u017c desek barlineckich 3W ( p\u0142ywaj\u0105co )&nbsp;<\/td><td>Metr kwadratowy<\/td><td>27,00 z\u0142<\/td><\/tr><tr><td>Monta\u017c 12,25<\/td><td>Monta\u017c desek barlineckich 3W ( na klej )&nbsp;<\/td><td>Metr kwadratowy<\/td><td>32,00 z\u0142<\/td><\/tr><tr><td>Monta\u017c 12,26<\/td><td>Monta\u017c deski litej ( p\u0142ywaj\u0105co )<\/td><td>Metr kwadratowy<\/td><td>30,00 z\u0142<\/td><\/tr><tr><td>Monta\u017c 12,27<\/td><td>Monta\u017c deski litej ( na klej )&nbsp;<\/td><td>Metr kwadratowy<\/td><td>32,00 z\u0142<\/td><\/tr><tr><td>Monta\u017c 12,28<\/td><td>Monta\u017c parkietu gotowego ( finisch parkiet )&nbsp;<\/td><td>Metr kwadratowy<\/td><td>30,00 z\u0142<\/td><\/tr><tr><td>Monta\u017c 12,29<\/td><td>Monta\u017c parkietu lakierowanego lub olejowanego&nbsp;<\/td><td>Metr kwadratowy<\/td><td>35,00 z\u0142<\/td><\/tr><tr><td>Monta\u017c 12,30<\/td><td>Monta\u017c parkietu lakierowanego lub olejowanego ( w jode\u0142k\u0119 )&nbsp;<\/td><td>Metr kwadratowy<\/td><td>40,00 z\u0142<\/td><\/tr><tr><td><strong>Monta\u017c 12,31<\/strong><\/td><td><strong>Wyk\u0142adzina&nbsp;<\/strong><\/td><td><strong>Indywidualna wycena<\/strong><\/td><td><strong>Indywidualna wycena<\/strong><\/td><\/tr><tr><td>Monta\u017c 12,32<\/td><td>Monta\u017c wyk\u0142adziny dywanowej ( na ta\u015bm\u0119 , rzep\u0119 )&nbsp;<\/td><td>Metr kwadratowy<\/td><td>14,00 z\u0142<\/td><\/tr><tr><td>Monta\u017c 12,33<\/td><td>Monta\u017c wyk\u0142adziny dywanowej ( na klej )&nbsp;<\/td><td>Metr kwadratowy<\/td><td>16,00 z\u0142<\/td><\/tr><tr><td>Monta\u017c 12,34<\/td><td>Monta\u017c wyk\u0142adziny elastycznej PCV o kszta\u0142tach regularnych ( na ta\u015bm\u0119 )<\/td><td>Metr kwadratowy<\/td><td>10,00 z\u0142<\/td><\/tr><tr><td>Monta\u017c 12,35<\/td><td>Monta\u017c wyk\u0142adziny elastycznej PCV o kszta\u0142tach nieregularnych ( na ta\u015bm\u0119 )<\/td><td>Metr kwadratowy<\/td><td>12,00 z\u0142<\/td><\/tr><tr><td>Monta\u017c 12,36<\/td><td>Monta\u017c linoleum o kszta\u0142tach regularnych ( na ta\u015bm\u0119 )&nbsp;<\/td><td>Metr kwadratowy<\/td><td>13,00 z\u0142<\/td><\/tr><tr><td>Monta\u017c 12,37<\/td><td>Monta\u017c linoleum o kszta\u0142tach nieregularnych ( na ta\u015bm\u0119 )&nbsp;<\/td><td>Metr kwadratowy<\/td><td>17,00 z\u0142<\/td><\/tr><tr><td>Monta\u017c 12,38<\/td><td>Monta\u017c p\u0142ytek dywanowych&nbsp;<\/td><td>Metr kwadratowy<\/td><td>17,00 z\u0142<\/td><\/tr><tr><td><strong>Monta\u017c 12,39<\/strong><\/td><td><strong>Podk\u0142ady&nbsp;<\/strong><\/td><td><strong>Indywidualna wycena<\/strong><\/td><td><strong>Indywidualna wycena<\/strong><\/td><\/tr><tr><td>Monta\u017c 12,40<\/td><td>Monta\u017c podk\u0142adu , p\u0142yt podanelowych , folii z g\u0105bk\u0105&nbsp;<\/td><td>Metr kwadratowy<\/td><td>2,00 z\u0142<\/td><\/tr><tr><td>Monta\u017c 12,41<\/td><td>Monta\u017c foli pod panele&nbsp;<\/td><td>Metr kwadratowy<\/td><td>1,00 z\u0142<\/td><\/tr><tr><td>Monta\u017c 12,42<\/td><td>Monta\u017c mat ( pianomat )&nbsp;<\/td><td>Metr kwadratowy<\/td><td>5,50 z\u0142<\/td><\/tr><tr><td><strong>Monta\u017c 12,43<\/strong><\/td><td><strong>Panele \u015bcienne i boazerii&nbsp;<\/strong><\/td><td><strong>Indywidualna wycena<\/strong><\/td><td><strong>Indywidualna wycena<\/strong><\/td><\/tr><tr><td>Monta\u017c 12,44<\/td><td>Monta\u017c paneli \u015bciennych i boazerii na \u015bcianach<\/td><td>Metr kwadratowy<\/td><td>15,00 z\u0142<\/td><\/tr><tr><td>Monta\u017c 12,45<\/td><td>Monta\u017c paneli \u015bciennych boazerii na suficie&nbsp;<\/td><td>Metr kwadratowy<\/td><td>20,00 z\u0142<\/td><\/tr><tr><td>Monta\u017c 12,46<\/td><td>Wykonanie rusztu z listew&nbsp;<\/td><td>Metr kwadratowy<\/td><td>10,00 z\u0142<\/td><\/tr><tr><td><strong>Monta\u017c 12,47<\/strong><\/td><td><strong>Deska pod\u0142ogowa , tarasowa , kompzytowa i p\u0142yty OSB&nbsp;<\/strong><\/td><td><strong>Indywidualna wycena<\/strong><\/td><td><strong>Indywidualna wycena<\/strong><\/td><\/tr><tr><td>Monta\u017c 12,48<\/td><td>Monta\u017c deski pod\u0142ogowe ( mocowanie na gwo\u017adzie lub wkr\u0119ty )&nbsp;<\/td><td>Metr kwadratowy<\/td><td>17,00 z\u0142<\/td><\/tr><tr><td>Monta\u017c 12,49<\/td><td>Monta\u017c legar\u00f3w pod\u0142ogowych&nbsp;<\/td><td>Metr kwadratowy<\/td><td>12,00 z\u0142<\/td><\/tr><tr><td>Monta\u017c 12,50<\/td><td>Monta\u017c p\u0142yt OSB&nbsp;<\/td><td>Metr kwadratowy<\/td><td>14,00 z\u0142<\/td><\/tr><tr><td>Monta\u017c 12,51<\/td><td>Monta\u017c deski tarasowej&nbsp;<\/td><td>Metr kwadratowy<\/td><td>60,00 z\u0142<\/td><\/tr><tr><td>Monta\u017c 12,52<\/td><td>Monta\u017c deski tarasowej z podw\u00f3jnym olejeniem&nbsp;<\/td><td>Metr kwadratowy<\/td><td>80,00 z\u0142<\/td><\/tr><tr><td>Monta\u017c 12,53<\/td><td>Monta\u017c konstrukcji no\u015bnej z drewna ( rusztu )&nbsp;<\/td><td>Metr kwadratowy<\/td><td>20,00 z\u0142<\/td><\/tr><tr><td>Monta\u017c 12,54<\/td><td>Monta\u017c deski kompozytowej&nbsp;<\/td><td>Metr kwadratowy<\/td><td>50,00 z\u0142<\/td><\/tr><tr><td>Monta\u017c 12,55<\/td><td>Monta\u017c konstrukcji no\u015bnej z kompozytu ( rusztu )<\/td><td>Metr kwadratowy<\/td><td>20,00 z\u0142<\/td><\/tr><tr><td><strong>Monta\u017c 12,56<\/strong><\/td><td><strong>Listw&nbsp;<\/strong><\/td><td><strong>Indywidualna wycena<\/strong><\/td><td><strong>Indywidualna wycena<\/strong><\/td><\/tr><tr><td>Monta\u017c 12,57<\/td><td>Monta\u017c listwy przypod\u0142ogowej PCV cm&nbsp;<\/td><td>Metr bie\u017c\u0105cy<\/td><td>8,00 z\u0142<\/td><\/tr><tr><td>Monta\u017c 12,58<\/td><td>Monta\u017c listwy przypod\u0142ogowej MDF do 8 cm<\/td><td>Metr bie\u017c\u0105cy<\/td><td>10,00 z\u0142<\/td><\/tr><tr><td>Monta\u017c 12,59<\/td><td>Monta\u017c listwy przypod\u0142ogowej MDF powy\u017cej 8 cm&nbsp;<\/td><td>Metr bie\u017c\u0105cy<\/td><td>12,00 z\u0142<\/td><\/tr><tr><td>Monta\u017c 12,60<\/td><td>Monta\u017c listew przypod\u0142ogowej drewnianej malowanej&nbsp;<\/td><td>Metr bie\u017c\u0105cy<\/td><td>12,00 z\u0142<\/td><\/tr><tr><td>Monta\u017c 12,61<\/td><td>Monta\u017c listew przypod\u0142ogowej drewnianej do malowania&nbsp;<\/td><td>Metr bie\u017c\u0105cy<\/td><td>12,00 z\u0142<\/td><\/tr><tr><td>Monta\u017c 12,62<\/td><td>Monta\u017c coko\u0142\u00f3w przypod\u0142ogowych&nbsp;<\/td><td>Metr bie\u017c\u0105cy<\/td><td>10,00 z\u0142<\/td><\/tr><tr><td>Monta\u017c 12,63<\/td><td>Monta\u017c listwy dylatacyjnych&nbsp;<\/td><td>Metr bie\u017c\u0105cy<\/td><td>10,00 z\u0142<\/td><\/tr><tr><td>Monta\u017c 12,64<\/td><td>Monta\u017c listew progowych , przej\u015bciowych , zako\u0144czeniowych<\/td><td>Metr bie\u017c\u0105cy<\/td><td>15,00 z\u0142<\/td><\/tr><tr><td>Monta\u017c 12,65<\/td><td>Monta\u017c listwy dywanowych ( z wklejeniem paska wyk\u0142adziny )&nbsp;<\/td><td>Metr bie\u017c\u0105cy<\/td><td>12,00 z\u0142<\/td><\/tr><tr><td>Monta\u017c 12,66<\/td><td>Monta\u017c coko\u0142u dywanowego obszytego&nbsp;<\/td><td>Metr bie\u017c\u0105cy<\/td><td>10,00 z\u0142<\/td><\/tr><tr><td><strong>Monta\u017c 12,67<\/strong><\/td><td><strong>Konserwacja&nbsp;<\/strong><\/td><td><strong>Indywidualna wycena<\/strong><\/td><td><strong>Indywidualna wycena<\/strong><\/td><\/tr><tr><td>Monta\u017c 12,68<\/td><td>Konserwacja pod\u0142ogi ( olejowanie lub woskowanie )&nbsp;<\/td><td>Metr kwadratowy<\/td><td>6,00 z\u0142<\/td><\/tr><tr><td>Monta\u017c 12,69<\/td><td>Lakierowanie jednokrotne lakierem nawierzchniowy&nbsp;<\/td><td>Metr kwadratowy<\/td><td>4,00 z\u0142<\/td><\/tr><tr><td>Monta\u017c 12,70<\/td><td>Lakierowanie dwukrotne ( jednokrotnie podk\u0142adowy i nawierzchniowy )&nbsp;<\/td><td>Metr kwadratowy<\/td><td>7,00 z\u0142<\/td><\/tr><tr><td>Monta\u017c 12,71<\/td><td>Lakierowanie trzykrotne ( jednokrotnie podk\u0142adowy i dwukrotnie nawierzchniowy )<\/td><td>Metr kwadratowy<\/td><td>9,00 z\u0142<\/td><\/tr><tr><td>Monta\u017c 12,72<\/td><td>Bejcowanie pod\u0142ogi&nbsp;<\/td><td>Metr kwadratowy<\/td><td>5,00 z\u0142<\/td><\/tr><tr><td>Monta\u017c 12,73<\/td><td>Wype\u0142nianie ubytk\u00f3w szpachl\u0105 lub woskiem&nbsp;<\/td><td>Punkt<\/td><td>10,00 z\u0142<\/td><\/tr><tr><td><strong>Monta\u017c 12,74<\/strong><\/td><td><strong>Us\u0142ugi dodatkowe&nbsp;<\/strong><\/td><td><strong>Indywidualna wycena<\/strong><\/td><td><strong>Indywidualna wycena<\/strong><\/td><\/tr><tr><td>Monta\u017c 12,75<\/td><td>Poziomowanie paneli , deski barlineckich&nbsp;<\/td><td>Metr kwadratowy<\/td><td>2,00 z\u0142<\/td><\/tr><tr><td>Monta\u017c 12,76<\/td><td>Poziomowanie pod\u0142ogi&nbsp;<\/td><td>Metr kwadratowy<\/td><td>5,00 z\u0142<\/td><\/tr><tr><td>Monta\u017c 12,77<\/td><td>Monta\u017c progu&nbsp;<\/td><td>Sztuka<\/td><td>25,00 z\u0142<\/td><\/tr><tr><td>Monta\u017c 12,78<\/td><td>Podcinanie , przycinanie drzwi&nbsp;<\/td><td>Sztuka<\/td><td>50 z\u0142&nbsp;<\/td><\/tr><tr><td>Monta\u017c 12,79<\/td><td>Monta\u017c o\u015bcie\u017cnicy&nbsp;<\/td><td>Sztuka<\/td><td>80,00 z\u0142<\/td><\/tr><tr><td>Monta\u017c 12,80<\/td><td>Monta\u017c futryny drzwi ( zabudowa istniej\u0105cych futryn )&nbsp;<\/td><td>Sztuka<\/td><td>150,00 z\u0142<\/td><\/tr><tr><td>Monta\u017c 12,81<\/td><td>Monta\u017c drzwi wewn\u0119trznych<\/td><td>Sztuka<\/td><td>180,00 z\u0142<\/td><\/tr><\/tbody><\/table><\/figure>\n","protected":false},"excerpt":{"rendered":"<p>NUMER US\u0141UGI NUMER US\u0141UGI JEDNOSTKA CENA Monta\u017c 12,1 Us\u0142ugi przygotowawcze&nbsp; Indywidualna wycena Indywidualna wycena Monta\u017c 12,2 Demonta\u017c pod\u0142\u00f3g nieprzyklejonych (<\/p>\n","protected":false},"author":1,"featured_media":0,"parent":0,"menu_order":0,"comment_status":"closed","ping_status":"closed","template":"","meta":{"colormag_page_container_layout":"no_sidebar_full_width","colormag_page_sidebar_layout":"no_sidebar","footnotes":""},"class_list":["post-93","page","type-page","status-publish","hentry"],"_links":{"self":[{"href":"https:\/\/teamprofessional.pl\/teamprofessional\/index.php?rest_route=\/wp\/v2\/pages\/93","targetHints":{"allow":["GET"]}}],"collection":[{"href":"https:\/\/teamprofessional.pl\/teamprofessional\/index.php?rest_route=\/wp\/v2\/pages"}],"about":[{"href":"https:\/\/teamprofessional.pl\/teamprofessional\/index.php?rest_route=\/wp\/v2\/types\/page"}],"author":[{"embeddable":true,"href":"https:\/\/teamprofessional.pl\/teamprofessional\/index.php?rest_route=\/wp\/v2\/users\/1"}],"replies":[{"embeddable":true,"href":"https:\/\/teamprofessional.pl\/teamprofessional\/index.php?rest_route=%2Fwp%2Fv2%2Fcomments&post=93"}],"version-history":[{"count":2,"href":"https:\/\/teamprofessional.pl\/teamprofessional\/index.php?rest_route=\/wp\/v2\/pages\/93\/revisions"}],"predecessor-version":[{"id":521,"href":"https:\/\/teamprofessional.pl\/teamprofessional\/index.php?rest_route=\/wp\/v2\/pages\/93\/revisions\/521"}],"wp:attachment":[{"href":"https:\/\/teamprofessional.pl\/teamprofessional\/index.php?rest_route=%2Fwp%2Fv2%2Fmedia&parent=93"}],"curies":[{"name":"wp","href":"https:\/\/api.w.org\/{rel}","templated":true}]}}