{"id":87,"date":"2023-01-07T21:06:03","date_gmt":"2023-01-07T20:06:03","guid":{"rendered":"https:\/\/teamprofessional.pl\/teamprofessional\/?page_id=87"},"modified":"2023-10-12T19:02:04","modified_gmt":"2023-10-12T18:02:04","slug":"usluga-transportowa-c","status":"publish","type":"page","link":"https:\/\/teamprofessional.pl\/teamprofessional\/?page_id=87","title":{"rendered":"US\u0141UGA TRANSPORTOWA"},"content":{"rendered":"\n<figure class=\"wp-block-table is-style-stripes has-medium-font-size\"><table style=\"border-width:4px\"><thead><tr><th><strong>NUMER US\u0141UGI<\/strong><\/th><th><strong>NAZWA US\u0141UGI<\/strong><\/th><th><strong>JEDNOSTKA<\/strong><\/th><th><strong><strong>CENA<\/strong><\/strong><\/th><\/tr><\/thead><tbody><tr><td><strong>Monta\u017c 10,1<\/strong><\/td><td><strong>Transport&nbsp;<\/strong><\/td><td><strong>Indywidualna wycena<\/strong><\/td><td><strong>Indywidualna wycena<\/strong><\/td><\/tr><tr><td>Monta\u017c 10,2<\/td><td>Samoch\u00f3d osobowy + przyczepa&nbsp;<\/td><td>Kilometr<\/td><td>1,50 z\u0142<\/td><\/tr><tr><td>Monta\u017c 10,3<\/td><td>Samoch\u00f3d osobowy do 3,5 t<\/td><td>Kilometr<\/td><td>2,00 z\u0142<\/td><\/tr><tr><td>Monta\u017c 10,4<\/td><td>Samoch\u00f3d osobowy powy\u017cej 3,5 t<\/td><td>Kilometr<\/td><td>2,50 z\u0142<\/td><\/tr><tr><td><strong>Monta\u017c 10,5<\/strong><\/td><td><strong>Przeprowadzki&nbsp;<\/strong><\/td><td><strong>Indywidualna wycena<\/strong><\/td><td><strong>Indywidualna wycena<\/strong><\/td><\/tr><tr><td><strong>Monta\u017c 10,6<\/strong><\/td><td><strong>Kompleksowe przeprowadzki z magazynowaniem&nbsp; ( pakowanie , rozkr\u0119canie , znoszenie , za\u0142adunek , transport , przechowywanie , wy\u0142adunek , wnoszenie , skr\u0119canie , ustawianie , rozpakowywanie )<\/strong><\/td><td><strong>Indywidualna wycena<\/strong><\/td><td><strong>Indywidualna wycena<\/strong><\/td><\/tr><tr><td>Monta\u017c 10,7<\/td><td>Kompleksowe przeprowadzki ( pakowanie , rozkr\u0119canie , znoszenie , za\u0142adunek , transport , przechowywanie , wy\u0142adunek , wnoszenie , skr\u0119canie , ustawianie , rozpakowywanie )<\/td><td>Sztuka<\/td><td>3 000,00 z\u0142<\/td><\/tr><tr><td>Monta\u017c 10,8<\/td><td>Przeprowadzki ( rozkr\u0119canie , znoszenie , za\u0142adunek , transport , wy\u0142adunek , wnoszenie , skr\u0119canie )&nbsp;<\/td><td>Sztuka<\/td><td>2 500,00 z\u0142<\/td><\/tr><tr><td>Monta\u017c 10,9<\/td><td>Przeprowadzki ( znoszenie , za\u0142adunek , transport , wy\u0142adunek , wnoszenie )&nbsp;<\/td><td>Sztuka<\/td><td>2 000,00 z\u0142<\/td><\/tr><tr><td>Monta\u017c 10,10<\/td><td>Przeprowadzki ( za\u0142adunek , transport , wy\u0142adunek , )&nbsp;<\/td><td>Sztuka<\/td><td>1 000,00 z\u0142<\/td><\/tr><tr><td>Monta\u017c 10,11<\/td><td>Transport nowych i&nbsp; u\u017cywanych mebli , sprz\u0119tu RTV , AGD<\/td><td>Sztuka<\/td><td>100,00 z\u0142<\/td><\/tr><tr><td>Monta\u017c 10,12<\/td><td>Odbi\u00f3r ze sklepu , transport ( mebli , sprz\u0119ty RTV , AGD i towar\u00f3w ) oraz dow\u00f3z na wekazany adres z wniesieniem<\/td><td>Sztuka<\/td><td>100,00 z\u0142<\/td><\/tr><tr><td>Monta\u017c 10,13<\/td><td>Odbi\u00f3r z pod wskazanego adresu , transport ( mebli , sprz\u0119ty RTV , AGD i towar\u00f3w ) oraz dow\u00f3z na wskazany adres z wniesieniem<\/td><td>Sztuka<\/td><td>100,00 z\u0142<\/td><\/tr><tr><td>Monta\u017c 10,14<\/td><td>Dow\u00f3z materia\u0142\u00f3w budowlanych&nbsp;<\/td><td>Sztuka<\/td><td>100,00 z\u0142<\/td><\/tr><tr><td>Monta\u017c 10,15<\/td><td>Pomoc tragarzy ( znoszenie , za\u0142adunek , wy\u0142adunek, wnoszenie )&nbsp;<\/td><td>Osoba<\/td><td>80,00 z\u0142<\/td><\/tr><tr><td>Monta\u017c 10,16<\/td><td>Wyw\u00f3z i utylizacja starych mebli i zu\u017cytego sprz\u0119tu AGD , RTV i towar\u00f3w<\/td><td>Sztuka<\/td><td>50,00 z\u0142<\/td><\/tr><\/tbody><\/table><\/figure>\n","protected":false},"excerpt":{"rendered":"<p>NUMER US\u0141UGI NAZWA US\u0141UGI JEDNOSTKA CENA Monta\u017c 10,1 Transport&nbsp; Indywidualna wycena Indywidualna wycena Monta\u017c 10,2 Samoch\u00f3d osobowy + przyczepa&nbsp; Kilometr<\/p>\n","protected":false},"author":1,"featured_media":0,"parent":0,"menu_order":0,"comment_status":"closed","ping_status":"closed","template":"","meta":{"colormag_page_container_layout":"no_sidebar_full_width","colormag_page_sidebar_layout":"no_sidebar","footnotes":""},"class_list":["post-87","page","type-page","status-publish","hentry"],"_links":{"self":[{"href":"https:\/\/teamprofessional.pl\/teamprofessional\/index.php?rest_route=\/wp\/v2\/pages\/87","targetHints":{"allow":["GET"]}}],"collection":[{"href":"https:\/\/teamprofessional.pl\/teamprofessional\/index.php?rest_route=\/wp\/v2\/pages"}],"about":[{"href":"https:\/\/teamprofessional.pl\/teamprofessional\/index.php?rest_route=\/wp\/v2\/types\/page"}],"author":[{"embeddable":true,"href":"https:\/\/teamprofessional.pl\/teamprofessional\/index.php?rest_route=\/wp\/v2\/users\/1"}],"replies":[{"embeddable":true,"href":"https:\/\/teamprofessional.pl\/teamprofessional\/index.php?rest_route=%2Fwp%2Fv2%2Fcomments&post=87"}],"version-history":[{"count":2,"href":"https:\/\/teamprofessional.pl\/teamprofessional\/index.php?rest_route=\/wp\/v2\/pages\/87\/revisions"}],"predecessor-version":[{"id":517,"href":"https:\/\/teamprofessional.pl\/teamprofessional\/index.php?rest_route=\/wp\/v2\/pages\/87\/revisions\/517"}],"wp:attachment":[{"href":"https:\/\/teamprofessional.pl\/teamprofessional\/index.php?rest_route=%2Fwp%2Fv2%2Fmedia&parent=87"}],"curies":[{"name":"wp","href":"https:\/\/api.w.org\/{rel}","templated":true}]}}