{"id":81,"date":"2023-01-07T21:05:13","date_gmt":"2023-01-07T20:05:13","guid":{"rendered":"https:\/\/teamprofessional.pl\/teamprofessional\/?page_id=81"},"modified":"2023-10-12T18:53:08","modified_gmt":"2023-10-12T17:53:08","slug":"usluga-ukladania-plytek-c","status":"publish","type":"page","link":"https:\/\/teamprofessional.pl\/teamprofessional\/?page_id=81","title":{"rendered":"US\u0141UGA UK\u0141ADANIA P\u0141YTEK"},"content":{"rendered":"\n<figure class=\"wp-block-table is-style-stripes has-medium-font-size\"><table style=\"border-width:4px\"><thead><tr><th><strong>NUMER US\u0141UGI<\/strong><\/th><th><strong>NAZWA US\u0141UGI<\/strong><\/th><th><strong>JEDNOSTKA<\/strong><\/th><th><strong>CENA<\/strong><\/th><\/tr><\/thead><tbody><tr><td><strong>Monta\u017c 8,1<\/strong><\/td><td><strong>Us\u0142ugi przygotowawcze&nbsp;<\/strong><\/td><td><strong>Indywidualna wycena<\/strong><\/td><td><strong>Indywidualna wycena<\/strong><\/td><\/tr><tr><td>Monta\u017c 8,2<\/td><td>Demonta\u017c starych p\u0142ytek&nbsp;<\/td><td>Metr kwadratowy<\/td><td>20,00 z\u0142<\/td><\/tr><tr><td>Monta\u017c 8,3<\/td><td>Demonta\u017c starych p\u0142ytek z wyniesieniem do kontenera<\/td><td>Metr kwadratowy<\/td><td>30,00 z\u0142<\/td><\/tr><tr><td>Monta\u017c 8,4<\/td><td>Wyr\u00f3wnanie \u015bcian i posadzek zapraw\u0105 tynkarsk\u0105 , klejow\u0105 do 2cm&nbsp;<\/td><td>Metr kwadratowy<\/td><td>8,00 z\u0142<\/td><\/tr><tr><td>Monta\u017c 8,5<\/td><td>Wyr\u00f3wnanie \u015bcian p\u0142yt\u0105 k &#8211; g&nbsp;<\/td><td>Metr kwadratowy<\/td><td>25,00 z\u0142<\/td><\/tr><tr><td>Monta\u017c 8,6<\/td><td>Wykonanie wylewki wyr\u00f3wnuj\u0105cej samopoziomuj\u0105cej do 5&nbsp;<\/td><td>Metr kwadratowy<\/td><td>5,00 z\u0142<\/td><\/tr><tr><td>Monta\u017c 8,7<\/td><td>Wykonanie wylewki wyr\u00f3wnuj\u0105cej samopoziomuj\u0105cej od 5&nbsp;<\/td><td>Metr kwadratowy<\/td><td>8,00 z\u0142<\/td><\/tr><tr><td>Monta\u017c 8,8<\/td><td>Naprawa p\u0119kni\u0119\u0107 \u017cywic\u0105 epoksydow\u0105&nbsp;<\/td><td>Metr kwadratowy<\/td><td>8,00 z\u0142<\/td><\/tr><tr><td>Monta\u017c 8,9<\/td><td>Wykonanie izolacji foli\u0105 w p\u0142ynie&nbsp;<\/td><td>Metr kwadratowy<\/td><td>5,00 z\u0142<\/td><\/tr><tr><td>Monta\u017c 8,10<\/td><td>Wykonanie hydroizolacji<\/td><td>Metr kwadratowy<\/td><td>10,00 z\u0142<\/td><\/tr><tr><td>Monta\u017c 8,11<\/td><td>Przygotowanie powierzchni ( szlifowanie , skrobanie , zamiatanie , odkurzanie )&nbsp;<\/td><td>Metr kwadratowy<\/td><td>1,00 z\u0142<\/td><\/tr><tr><td>Monta\u017c 8,12<\/td><td>Gruntowanie pod\u0142o\u017ca \u015brodkiem gruntuj\u0105cym&nbsp;<\/td><td>Metr kwadratowy<\/td><td>2,00 z\u0142<\/td><\/tr><tr><td>Monta\u017c 8,13<\/td><td>Po\u0142o\u017cenie preparatu antypo\u015blizgowego&nbsp;<\/td><td>Metr kwadratowy<\/td><td>1,00 z\u0142<\/td><\/tr><tr><td>Monta\u017c 8,14<\/td><td>Przenoszenie mebli ( jedno pomieszczenie )&nbsp;<\/td><td>Sztuka<\/td><td>50 z\u0142&nbsp;<\/td><\/tr><tr><td>Monta\u017c 8,15<\/td><td>Zabezpieczenie foli\u0105 mebli pod\u0142\u00f3g , okien , drzwi&nbsp;<\/td><td>Sztuka<\/td><td>10,00 z\u0142<\/td><\/tr><tr><td><strong>Monta\u017c 8,16<\/strong><\/td><td><strong>Us\u0142ugi glazurnicze&nbsp;<\/strong><\/td><td><strong>Indywidualna wycena<\/strong><\/td><td><strong>Indywidualna wycena<\/strong><\/td><\/tr><tr><td>Monta\u017c 8,17<\/td><td>Uk\u0142adanie p\u0142ytek ceramicznych ( glazury ) \u015bredni format&nbsp;<\/td><td>Metr kwadratowy<\/td><td>40,00 z\u0142<\/td><\/tr><tr><td>Monta\u017c 8,18<\/td><td>Uk\u0142adanie p\u0142ytek ceramicznych ( glazury ) ma\u0142y format 10&#215;10&nbsp;<\/td><td>Metr kwadratowy<\/td><td>60,00 z\u0142<\/td><\/tr><tr><td>Monta\u017c 8,19<\/td><td>Uk\u0142adanie p\u0142ytek ceramicznych ( glazury ) du\u017cy format 60&#215;60<\/td><td>Metr kwadratowy<\/td><td>50 z\u0142&nbsp;<\/td><\/tr><tr><td>Monta\u017c 8,20<\/td><td>Uk\u0142adanie p\u0142ytek ceramicznych ( glazury ) w karo<\/td><td>Metr kwadratowy<\/td><td>60,00 z\u0142<\/td><\/tr><tr><td>Monta\u017c 8,21<\/td><td>Uk\u0142adanie terakoty&nbsp;<\/td><td>Metr kwadratowy<\/td><td>50 z\u0142&nbsp;<\/td><\/tr><tr><td>Monta\u017c 8,22<\/td><td>Uk\u0142adanie terakoty w karo<\/td><td>Metr kwadratowy<\/td><td>60,00 z\u0142<\/td><\/tr><tr><td>Monta\u017c 8,23<\/td><td>Uk\u0142adanie gresu&nbsp;<\/td><td>Metr kwadratowy<\/td><td>85,00 z\u0142<\/td><\/tr><tr><td>Monta\u017c 8,24<\/td><td>U\u0142o\u017cenie p\u0142ytek gipsowych&nbsp;<\/td><td>Metr kwadratowy<\/td><td>40,00 z\u0142<\/td><\/tr><tr><td>Monta\u017c 8,25<\/td><td>U\u0142o\u017cenie p\u0142ytek klinkierowych&nbsp;<\/td><td>Metr kwadratowy<\/td><td>50,00 z\u0142<\/td><\/tr><tr><td>Monta\u017c 8,26<\/td><td>Uk\u0142adanie ceg\u0142y klinkierowej<\/td><td>Metr kwadratowy<\/td><td>85,00 z\u0142<\/td><\/tr><tr><td>Monta\u017c 8,27<\/td><td>Uk\u0142adanie mozaiki ( plaster , dobierana )&nbsp;<\/td><td>Metr kwadratowy<\/td><td>85,00 z\u0142<\/td><\/tr><tr><td>Monta\u017c 8,28<\/td><td>Uk\u0142adanie mozaiki szklanej , kamiennej<\/td><td>Metr kwadratowy<\/td><td>100,00 z\u0142<\/td><\/tr><tr><td>Monta\u017c 8,29<\/td><td>Wstawienie szlaczka ozdobnego lub wa\u0142eczka&nbsp;<\/td><td>Metr bie\u017c\u0105cy<\/td><td>8,00 z\u0142<\/td><\/tr><tr><td>Monta\u017c 8,30<\/td><td>Uk\u0142adanie dekor\u00f3w<\/td><td>Metr bie\u017c\u0105cy<\/td><td>15,00 z\u0142<\/td><\/tr><tr><td>Monta\u017c 8,31<\/td><td>Op\u0142ytkowanie wanny&nbsp;<\/td><td>Sztuka<\/td><td>200,00 z\u0142<\/td><\/tr><tr><td>Monta\u017c 8,32<\/td><td>Op\u0142ytkowanie wanny ( w \u0142uku&nbsp; )<\/td><td>Sztuka<\/td><td>300,00 z\u0142<\/td><\/tr><tr><td>Monta\u017c 8,33<\/td><td>Monta\u017c obudowy plastikowej wanny&nbsp;<\/td><td>Sztuka<\/td><td>70,00 z\u0142<\/td><\/tr><tr><td>Monta\u017c 8,34<\/td><td>Op\u0142ytkowanie brodzika&nbsp;<\/td><td>Sztuka<\/td><td>100,00 z\u0142<\/td><\/tr><tr><td>Monta\u017c 8,35<\/td><td>Op\u0142ytkowanie brodzika&nbsp;( w \u0142uku&nbsp; )<\/td><td>Sztuka<\/td><td>150,00 z\u0142<\/td><\/tr><tr><td>Monta\u017c 8,36<\/td><td>Monta\u017c obudowy plastikowej brodzika<\/td><td>Sztuka<\/td><td>50 z\u0142&nbsp;<\/td><\/tr><tr><td>Monta\u017c 8,37<\/td><td>Op\u0142ytkowanie stela\u017ca podtynkowego&nbsp;<\/td><td>Sztuka<\/td><td>200,00 z\u0142<\/td><\/tr><tr><td>Monta\u017c 8,38<\/td><td>Op\u0142ytkowanie parapetu&nbsp;<\/td><td>Metr bie\u017c\u0105cy<\/td><td>70,00 z\u0142<\/td><\/tr><tr><td>Monta\u017c 8,39<\/td><td>Wykonanie brodzika licowanego z pod\u0142og\u0105 ( odp\u0142yw liniowy )&nbsp;<\/td><td>Sztuka<\/td><td>700,00 z\u0142<\/td><\/tr><tr><td>Monta\u017c 8,40<\/td><td>Op\u0142ytkowanie geberitu&nbsp;<\/td><td>Sztuka<\/td><td>100,00 z\u0142<\/td><\/tr><tr><td>Monta\u017c 8,41<\/td><td>Op\u0142ytkowanie zabudowy rur&nbsp;<\/td><td>Metr kwadratowy<\/td><td>60,00 z\u0142<\/td><\/tr><tr><td>Monta\u017c 8,42<\/td><td>Uk\u0142adanie p\u0142ytek na schodach wewn\u0119trznych&nbsp;<\/td><td>Sztuka<\/td><td>80,00 z\u0142<\/td><\/tr><tr><td>Monta\u017c 8,43<\/td><td>Uk\u0142adanie p\u0142ytek na schodach zewn\u0119trznych<\/td><td>Sztuka<\/td><td>100,00 z\u0142<\/td><\/tr><tr><td>Monta\u017c 8,44<\/td><td>Monta\u017c coko\u0142\u00f3w gotowych<\/td><td>Metr bie\u017c\u0105cy<\/td><td>10,00 z\u0142<\/td><\/tr><tr><td>Monta\u017c 8,45<\/td><td>&nbsp;Monta\u017c coko\u0142\u00f3w ci\u0119tych<\/td><td>Metr bie\u017c\u0105cy<\/td><td>20,00 z\u0142<\/td><\/tr><tr><td>Monta\u017c 8,46<\/td><td>Wykonanie p\u00f3\u0142ki&nbsp;<\/td><td>Sztuka<\/td><td>100,00 z\u0142<\/td><\/tr><tr><td><strong>Monta\u017c 8,47<\/strong><\/td><td><strong>Us\u0142ugi dodatkowe&nbsp;<\/strong><\/td><td><strong>Indywidualna wycena<\/strong><\/td><td><strong>Indywidualna wycena<\/strong><\/td><\/tr><tr><td>Monta\u017c 8,48<\/td><td>Monta\u017c lustra&nbsp;<\/td><td>Metr kwadratowy<\/td><td>50,00 z\u0142<\/td><\/tr><tr><td>Monta\u017c 8,49<\/td><td>System p\u0142aszczyznowania ( w\u0142oski ) &#8211; p\u0142ytki do 33x33cm&nbsp;<\/td><td>Metr kwadratowy<\/td><td>10,00 z\u0142<\/td><\/tr><tr><td>Monta\u017c 8,50<\/td><td>System p\u0142aszczyznowania ( w\u0142oski ) &#8211; p\u0142ytki do 60x60cm&nbsp;<\/td><td>Metr kwadratowy<\/td><td>5,00 z\u0142<\/td><\/tr><tr><td>Monta\u017c 8,51<\/td><td>Monta\u017c listew naro\u017cnych i kraw\u0119dziowych ( plastik . i alumin . )&nbsp;<\/td><td>Metr bie\u017c\u0105cy<\/td><td>10,00 z\u0142<\/td><\/tr><tr><td>Monta\u017c 8,52<\/td><td>Monta\u017c listew dylatacyjnych&nbsp;<\/td><td>Metr bie\u017c\u0105cy<\/td><td>10,00 z\u0142<\/td><\/tr><tr><td>Monta\u017c 8,53<\/td><td>Szlifowanie kraw\u0119dzi p\u0142ytek pod k\u0105tem 45\u00b0<\/td><td>Metr bie\u017c\u0105cy<\/td><td>20,00 z\u0142<\/td><\/tr><tr><td>Monta\u017c 8,54<\/td><td>Szlifowanie kraw\u0119dzi p\u0142ytek gresowych pod k\u0105tem 45\u00b0<\/td><td>Metr bie\u017c\u0105cy<\/td><td>40,00 z\u0142<\/td><\/tr><tr><td>Monta\u017c 8,55<\/td><td>Fugowanie silikonem&nbsp;<\/td><td>Metr bie\u017c\u0105cy<\/td><td>5,00 z\u0142<\/td><\/tr><tr><td>Monta\u017c 8,56<\/td><td>Fugowanie fug\u0105 mineraln\u0105<\/td><td>Metr kwadratowy<\/td><td>20,00 z\u0142<\/td><\/tr><tr><td>Monta\u017c 8,57<\/td><td>Fugowanie fug\u0105 wielokolorow\u0105 ( dwa kolory )&nbsp;<\/td><td>Metr kwadratowy<\/td><td>30,00 z\u0142<\/td><\/tr><tr><td>Monta\u017c 8,58<\/td><td>Fugowanie fug\u0105 epoksydow\u0105&nbsp;<\/td><td>Metr kwadratowy<\/td><td>30,00 z\u0142<\/td><\/tr><tr><td>Monta\u017c 8,59<\/td><td>Monta\u017c rewizora ( z tworzywa sztucznego , metalowego )&nbsp;<\/td><td>Sztuka<\/td><td>35,00 z\u0142<\/td><\/tr><tr><td>Monta\u017c 8,60<\/td><td>Monta\u017c rewizji na magnesy z oklejeniem p\u0142ytk\u0105 ceramiczn\u0105&nbsp;<\/td><td>Sztuka<\/td><td>60,00 z\u0142<\/td><\/tr><tr><td>Monta\u017c 8,61<\/td><td>Monta\u017c kratek wentylacyjnych&nbsp;<\/td><td>Sztuka<\/td><td>30,00 z\u0142<\/td><\/tr><tr><td>Monta\u017c 8,62<\/td><td>Monta\u017c dodatk\u00f3w ( wieszak , mydelniczka )&nbsp;<\/td><td>Sztuka<\/td><td>25,00 z\u0142<\/td><\/tr><tr><td>Monta\u017c 8,63<\/td><td>Wiercenie otwor\u00f3w w glazurze ( \u015br . p\u0142ytki do 8 mm )&nbsp;<\/td><td>Sztuka<\/td><td>20,00 z\u0142<\/td><\/tr><tr><td>Monta\u017c 8,64<\/td><td>Wiercenie otwor\u00f3w w glazurze ( \u015br . p\u0142ytki powy\u017cej 8 mm )<\/td><td>Sztuka<\/td><td>30,00 z\u0142<\/td><\/tr><tr><td>Monta\u017c 8,65<\/td><td>Wycinanie otwor\u00f3w w glazurze ( \u015br . p\u0142ytki do 8 mm )&nbsp;<\/td><td>Sztuka<\/td><td>30,00 z\u0142<\/td><\/tr><tr><td>Monta\u017c 8,66<\/td><td>Wycinanie otwor\u00f3w w glazurze ( \u015br . p\u0142ytki powy\u017cej 8 mm )&nbsp;<\/td><td>Sztuka<\/td><td>40,00 z\u0142<\/td><\/tr><tr><td>Monta\u017c 8,67<\/td><td>Wiercenie otwor\u00f3w w gresie ( \u015br . p\u0142ytki do 8 mm )&nbsp;<\/td><td>Sztuka<\/td><td>30,00 z\u0142<\/td><\/tr><tr><td>Monta\u017c 8,68<\/td><td>Wiercenie otwor\u00f3w w gresie ( \u015br . p\u0142ytki powy\u017cej 8 mm )&nbsp;<\/td><td>Sztuka<\/td><td>40,00 z\u0142<\/td><\/tr><tr><td>Monta\u017c 8,69<\/td><td>Wycinanie otwor\u00f3w w gresie ( \u015br . p\u0142ytki do 8 mm )&nbsp;<\/td><td>Sztuka<\/td><td>60,00 z\u0142<\/td><\/tr><tr><td>Monta\u017c 8,70<\/td><td>Wycinanie otwor\u00f3w w gresie ( \u015br . p\u0142ytki powy\u017cej 8 mm )<\/td><td>Sztuka<\/td><td>80,00 z\u0142<\/td><\/tr><\/tbody><\/table><\/figure>\n","protected":false},"excerpt":{"rendered":"<p>NUMER US\u0141UGI NAZWA US\u0141UGI JEDNOSTKA CENA Monta\u017c 8,1 Us\u0142ugi przygotowawcze&nbsp; Indywidualna wycena Indywidualna wycena Monta\u017c 8,2 Demonta\u017c starych p\u0142ytek&nbsp; Metr<\/p>\n","protected":false},"author":1,"featured_media":0,"parent":0,"menu_order":0,"comment_status":"closed","ping_status":"closed","template":"","meta":{"colormag_page_container_layout":"no_sidebar_full_width","colormag_page_sidebar_layout":"no_sidebar","footnotes":""},"class_list":["post-81","page","type-page","status-publish","hentry"],"_links":{"self":[{"href":"https:\/\/teamprofessional.pl\/teamprofessional\/index.php?rest_route=\/wp\/v2\/pages\/81","targetHints":{"allow":["GET"]}}],"collection":[{"href":"https:\/\/teamprofessional.pl\/teamprofessional\/index.php?rest_route=\/wp\/v2\/pages"}],"about":[{"href":"https:\/\/teamprofessional.pl\/teamprofessional\/index.php?rest_route=\/wp\/v2\/types\/page"}],"author":[{"embeddable":true,"href":"https:\/\/teamprofessional.pl\/teamprofessional\/index.php?rest_route=\/wp\/v2\/users\/1"}],"replies":[{"embeddable":true,"href":"https:\/\/teamprofessional.pl\/teamprofessional\/index.php?rest_route=%2Fwp%2Fv2%2Fcomments&post=81"}],"version-history":[{"count":2,"href":"https:\/\/teamprofessional.pl\/teamprofessional\/index.php?rest_route=\/wp\/v2\/pages\/81\/revisions"}],"predecessor-version":[{"id":513,"href":"https:\/\/teamprofessional.pl\/teamprofessional\/index.php?rest_route=\/wp\/v2\/pages\/81\/revisions\/513"}],"wp:attachment":[{"href":"https:\/\/teamprofessional.pl\/teamprofessional\/index.php?rest_route=%2Fwp%2Fv2%2Fmedia&parent=81"}],"curies":[{"name":"wp","href":"https:\/\/api.w.org\/{rel}","templated":true}]}}