{"id":78,"date":"2023-01-07T21:04:52","date_gmt":"2023-01-07T20:04:52","guid":{"rendered":"https:\/\/teamprofessional.pl\/teamprofessional\/?page_id=78"},"modified":"2023-10-12T18:51:12","modified_gmt":"2023-10-12T17:51:12","slug":"usluga-monitoringu-c","status":"publish","type":"page","link":"https:\/\/teamprofessional.pl\/teamprofessional\/?page_id=78","title":{"rendered":"US\u0141UGA ALARMOWA I MONITORINGU"},"content":{"rendered":"\n<figure class=\"wp-block-table is-style-stripes has-medium-font-size\"><table style=\"border-width:4px\"><thead><tr><th><strong>NUMER US\u0141UGI<\/strong><\/th><th><strong>NAZWA US\u0141UGI<\/strong><\/th><th><strong>JEDNOSTKA<\/strong><\/th><th><strong>CENA<\/strong><\/th><\/tr><\/thead><tbody><tr><td><strong>Monta\u017c 7,1<\/strong><\/td><td><strong>Kamery, monitoring TV\u00a0<\/strong><\/td><td><strong>Indywidualna wycena<\/strong><\/td><td><strong>Indywidualna wycena<\/strong><\/td><\/tr><tr><td>Monta\u017c 7,2<\/td><td>Wykonanie punktu wypustowego zewn\u0119trznego&nbsp;<\/td><td>Punkt<\/td><td>100,00 z\u0142<\/td><\/tr><tr><td>Monta\u017c 7,3<\/td><td>Wykonanie punktu wypustowego wewn\u0119trznego&nbsp;<\/td><td>Punkt<\/td><td>50 z\u0142&nbsp;<\/td><\/tr><tr><td>Monta\u017c 7,4<\/td><td>Monta\u017c i pod\u0142\u0105czenie kamery zewn\u0119trznej&nbsp;<\/td><td>Sztuka<\/td><td>150,00 z\u0142<\/td><\/tr><tr><td>Monta\u017c 7,5<\/td><td>Monta\u017c i pod\u0142\u0105czenie kamery wewn\u0119trznej&nbsp;<\/td><td>Sztuka<\/td><td>100,00 z\u0142<\/td><\/tr><tr><td>Monta\u017c 7,6<\/td><td>Pod\u0142\u0105czenie zasilacza&nbsp;<\/td><td>Punkt<\/td><td>50 z\u0142&nbsp;<\/td><\/tr><tr><td>Monta\u017c 7,7<\/td><td>Pod\u0142\u0105czenie rejestratora&nbsp;<\/td><td>Sztuka<\/td><td>50 z\u0142&nbsp;<\/td><\/tr><tr><td>Monta\u017c 7,8<\/td><td>Konfiguracja rejestratora&nbsp;<\/td><td>Sztuka<\/td><td>100,00 z\u0142<\/td><\/tr><tr><td>Monta\u017c 7,9<\/td><td>Konfiguracja sieci i routera&nbsp;<\/td><td>Sztuka<\/td><td>100,00 z\u0142<\/td><\/tr><tr><td>Monta\u017c 7,10<\/td><td>Monta\u017c obrotnicy&nbsp;<\/td><td>Sztuka<\/td><td>30,00 z\u0142<\/td><\/tr><tr><td>Monta\u017c 7,11<\/td><td>Wykonanie projektu<\/td><td>Sztuka<\/td><td>100,00 z\u0142<\/td><\/tr><tr><td><strong>Monta\u017c 7,12<\/strong><\/td><td><strong>Instalacje alarmowe&nbsp;System Sygnalizacji W\u0142amania i Napadu ( SSWIN )&nbsp;<\/strong><\/td><td><strong>Indywidualna wycena<\/strong><\/td><td><strong>Indywidualna wycena<\/strong><\/td><\/tr><tr><td>Monta\u017c 7,13<\/td><td>Wykonanie punktu wypustowego zewn\u0119trznego&nbsp;<\/td><td>Punkt<\/td><td>100,00 z\u0142<\/td><\/tr><tr><td>Monta\u017c 7,14<\/td><td>Wykonanie punktu wypustowego wewn\u0119trznego&nbsp;<\/td><td>Punkt<\/td><td>50 z\u0142&nbsp;<\/td><\/tr><tr><td>Monta\u017c 7,15<\/td><td>Monta\u017c i pod\u0142\u0105czenie czujki alarmowej&nbsp;<\/td><td>Sztuka<\/td><td>50 z\u0142&nbsp;<\/td><\/tr><tr><td>Monta\u017c 7,16<\/td><td>Monta\u017c i pod\u0142\u0105czenie sygnalizatora alarmowego<\/td><td>Sztuka<\/td><td>50 z\u0142&nbsp;<\/td><\/tr><tr><td>Monta\u017c 7,17<\/td><td>Monta\u017c i pod\u0142\u0105czenie centrali alarmowej ( do 8 czujek )&nbsp;<\/td><td>Sztuka<\/td><td>100,00 z\u0142<\/td><\/tr><tr><td>Monta\u017c 7,18<\/td><td>Monta\u017c i pod\u0142\u0105czenie centrali alarmowej ( powy\u017cej 8 czujek )&nbsp;<\/td><td>Sztuka<\/td><td>150,00 z\u0142<\/td><\/tr><tr><td>Monta\u017c 7,19<\/td><td>Programowanie systemu alarmowego<\/td><td>Sztuka<\/td><td>200,00 z\u0142<\/td><\/tr><tr><td>Monta\u017c 7,20<\/td><td>Monta\u017c i pod\u0142\u0105czenie kontrolera dost\u0119pu&nbsp;<\/td><td>Sztuka<\/td><td>100,00 z\u0142<\/td><\/tr><tr><td>Monta\u017c 7,21<\/td><td>Monta\u017c i pod\u0142\u0105czenie zamka szyfrowego&nbsp;<\/td><td>Sztuka<\/td><td>100,00 z\u0142<\/td><\/tr><tr><td>Monta\u017c 7,22<\/td><td>Monta\u017c i pod\u0142\u0105czenie ekspandera&nbsp;<\/td><td>Sztuka<\/td><td>100,00 z\u0142<\/td><\/tr><tr><td>Monta\u017c 7,23<\/td><td>Monta\u017c i pod\u0142\u0105czenie czujnika magnetycznego ( kontaktronu )&nbsp;<\/td><td>Sztuka<\/td><td>100,00 z\u0142<\/td><\/tr><tr><td>Monta\u017c 7,24<\/td><td>Monta\u017c i pod\u0142\u0105czenie czytnika kart&nbsp;<\/td><td>Sztuka<\/td><td>50 z\u0142&nbsp;<\/td><\/tr><tr><td>Monta\u017c 7,25<\/td><td>Monta\u017c i pod\u0142\u0105czenie klawiatury LCD&nbsp;<\/td><td>Sztuka<\/td><td>50 z\u0142&nbsp;<\/td><\/tr><tr><td>Monta\u017c 7,26<\/td><td>Monta\u017c i pod\u0142\u0105czenie akumulatora&nbsp;<\/td><td>Sztuka<\/td><td>50 z\u0142&nbsp;<\/td><\/tr><tr><td>Monta\u017c 7,27<\/td><td>Monta\u017c czujki ruchu&nbsp;<\/td><td>Sztuka<\/td><td>50 z\u0142&nbsp;<\/td><\/tr><tr><td>Monta\u017c 7,28<\/td><td>Monta\u017c sygnalizatora ( d\u017awi\u0119kowego i \u015bwietlnego )&nbsp;<\/td><td>Sztuka<\/td><td>50 z\u0142&nbsp;<\/td><\/tr><tr><td>Monta\u017c 7,29<\/td><td>Wykonanie projektu<\/td><td>Sztuka<\/td><td>100,00 z\u0142<\/td><\/tr><tr><td><strong>Monta\u017c 7,30<\/strong><\/td><td><strong>Naprawa i wymiana<\/strong><\/td><td><strong>Indywidualna wycena<\/strong><\/td><td><strong>Indywidualna wycena<\/strong><\/td><\/tr><tr><td>Monta\u017c 7,31<\/td><td>Usuni\u0119cie awarii i usterek ( pierwsza godzina ) od godz . 8.00 do 20.00<\/td><td>Sztuka<\/td><td>100,00 z\u0142<\/td><\/tr><tr><td>Monta\u017c 7,32<\/td><td>Usuni\u0119cie awarii i usterek ( kolejna godzina ) od godz . 8.00 do 20.00<\/td><td>Sztuka<\/td><td>50 z\u0142&nbsp;<\/td><\/tr><tr><td>Monta\u017c 7,33<\/td><td>Serwis<\/td><td>Roboczo godzina<\/td><td>100,00 z\u0142<\/td><\/tr><tr><td><strong>Monta\u017c 7,34<\/strong><\/td><td><strong>U\u0142o\u017cenia przewod\u00f3w&nbsp;<\/strong><\/td><td><strong>Indywidualna wycena<\/strong><\/td><td><strong>Indywidualna wycena<\/strong><\/td><\/tr><tr><td>Monta\u017c 7,35<\/td><td>U\u0142o\u017cenie przewod\u00f3w YDY , OMY , koncentrycznych 75 O , typu skr\u0119tka ( UTP &#8211; FTP ) , telekomunikacyjnego YTDY&nbsp;<\/td><td>Metr bie\u017c\u0105cy<\/td><td>1,00 z\u0142<\/td><\/tr><tr><td>Monta\u017c 7,36<\/td><td>U\u0142o\u017cenie przewod\u00f3w na uchwytach US&nbsp;<\/td><td>Metr bie\u017c\u0105cy<\/td><td>3,00 z\u0142<\/td><\/tr><tr><td>Monta\u017c 7,37<\/td><td>Monta\u017c trasy kablowej<\/td><td>Metr bie\u017c\u0105cy<\/td><td>25,00 z\u0142<\/td><\/tr><tr><td>Monta\u017c 7,38<\/td><td>U\u0142o\u017cenie przewod\u00f3w na trasie kablowej&nbsp;<\/td><td>Metr bie\u017c\u0105cy<\/td><td>2,50 z\u0142<\/td><\/tr><tr><td>Monta\u017c 7,39<\/td><td>Monta\u017c rurek PCV<\/td><td>Metr bie\u017c\u0105cy<\/td><td>5,00 z\u0142<\/td><\/tr><tr><td>Monta\u017c 7,40<\/td><td>Monta\u017c rurek PCV i u\u0142o\u017cenie przewod\u00f3w&nbsp;<\/td><td>Metr bie\u017c\u0105cy<\/td><td>7,00 z\u0142<\/td><\/tr><tr><td>Monta\u017c 7,41<\/td><td>Monta\u017c korytek PCV&nbsp;<\/td><td>Metr bie\u017c\u0105cy<\/td><td>5,00 z\u0142<\/td><\/tr><tr><td>Monta\u017c 7,42<\/td><td>Monta\u017c korytek PCV i u\u0142o\u017cenie przewod\u00f3w&nbsp;<\/td><td>Metr bie\u017c\u0105cy<\/td><td>7,00 z\u0142<\/td><\/tr><tr><td>Monta\u017c 7,43<\/td><td>U\u0142o\u017cenie przewod\u00f3w w rurkach , korytkach PCV&nbsp;<\/td><td>Metr bie\u017c\u0105cy<\/td><td>2,00 z\u0142<\/td><\/tr><tr><td>Monta\u017c 7,44<\/td><td>R\u0119czne wykonanie wykopu . na g\u0142\u0119boko\u015b\u0107 0,25-0,4 m&nbsp;<\/td><td>Metr bie\u017c\u0105cy<\/td><td>50 z\u0142&nbsp;<\/td><\/tr><tr><td>Monta\u017c 7,45<\/td><td>R\u0119czne wykonanie wykopu na g\u0142\u0119boko\u015b\u0107 0,25-0,4 m , wykonanie podsypki pod kabel , u\u0142o\u017cenie kabla i zasypanie&nbsp;<\/td><td>Metr bie\u017c\u0105cy<\/td><td>80,00 z\u0142<\/td><\/tr><tr><td>Monta\u017c 7,46<\/td><td>R\u0119czne wykonanie wykopu na g\u0142\u0119boko\u015b\u0107 0,7-0,8 m&nbsp;<\/td><td>Metr bie\u017c\u0105cy<\/td><td>100,00 z\u0142<\/td><\/tr><tr><td>Monta\u017c 7,47<\/td><td>R\u0119czne wykonanie wykopu na g\u0142\u0119boko\u015b\u0107 0,7-0,8 m , wykonanie podsypki pod kabel , u\u0142o\u017cenie kabla i zasypanie&nbsp;<\/td><td>Metr bie\u017c\u0105cy<\/td><td>140,00 z\u0142<\/td><\/tr><tr><td>Monta\u017c 7,48<\/td><td>U\u0142o\u017cenie foli ostrzegawczej&nbsp;<\/td><td>Metr bie\u017c\u0105cy<\/td><td>5,00 z\u0142<\/td><\/tr><tr><td>Monta\u017c 7,49<\/td><td>U\u0142o\u017cenie przewodu w wykopie w rurze os\u0142onowej typu AROT&nbsp;<\/td><td>Metr bie\u017c\u0105cy<\/td><td>25,00 z\u0142<\/td><\/tr><tr><td>Monta\u017c 7,50<\/td><td>Bruzdowanie w tynku , cegle i materia\u0142ach mi\u0119kkich&nbsp;<\/td><td>Metr bie\u017c\u0105cy<\/td><td>10,00 z\u0142<\/td><\/tr><tr><td>Monta\u017c 7,51<\/td><td>Bruzdowanie w tynku , cegle i materia\u0142ach mi\u0119kkich , u\u0142o\u017cenie przewod\u00f3w i zatarcie bruzdy&nbsp;<\/td><td>Metr bie\u017c\u0105cy<\/td><td>15,00 z\u0142<\/td><\/tr><tr><td>Monta\u017c 7,52<\/td><td>Bruzdowanie w betonie&nbsp;<\/td><td>Metr bie\u017c\u0105cy<\/td><td>15,00 z\u0142<\/td><\/tr><tr><td>Monta\u017c 7,53<\/td><td>Bruzdowanie w betonie , u\u0142o\u017cenie przewod\u00f3w i zatarcie bruzdy&nbsp;<\/td><td>Metr bie\u017c\u0105cy<\/td><td>20,00 z\u0142<\/td><\/tr><tr><td><strong>Monta\u017c 7,54<\/strong><\/td><td><strong>Us\u0142ugi dodatkowe\u00a0<\/strong><\/td><td><strong>Indywidualna wycena<\/strong><\/td><td><strong>Indywidualna wycena<\/strong><\/td><\/tr><tr><td>Monta\u017c 7,55<\/td><td>Wykonanie w betonie otworu pod puszk\u0119 instalacyjn\u0105 fi 60 x 50<\/td><td>Sztuka<\/td><td>30,00 z\u0142<\/td><\/tr><tr><td>Monta\u017c 7,56<\/td><td>Wykonanie w betonie otworu pod puszk\u0119 instalacyjn\u0105 fi 80 x 50<\/td><td>Sztuka<\/td><td>40,00 z\u0142<\/td><\/tr><tr><td>Monta\u017c 7,57<\/td><td>Wykonanie w cegle i materia\u0142ach mi\u0119kkich otworu pod puszk\u0119 instalacyjn\u0105 fi 60 x 50&nbsp;<\/td><td>Sztuka<\/td><td>30,00 z\u0142<\/td><\/tr><tr><td>Monta\u017c 7,58<\/td><td>Wykonanie w cegle i materia\u0142ach mi\u0119kkich otworu pod puszk\u0119 instalacyjn\u0105 fi 80 x 50&nbsp;<\/td><td>Sztuka<\/td><td>40,00 z\u0142<\/td><\/tr><tr><td>Monta\u017c 7,59<\/td><td>Osadzenie puszki&nbsp;<\/td><td>Sztuka<\/td><td>20,00 z\u0142<\/td><\/tr><tr><td>Monta\u017c 7,60<\/td><td>Wykonanie przebicia w betonie w \u015bcianie lub stropie do \u00d825 mm&nbsp;<\/td><td>Sztuka<\/td><td>50 z\u0142&nbsp;<\/td><\/tr><tr><td>Monta\u017c 7,61<\/td><td>Wykonanie przebicia w cegle i materia\u0142ach mi\u0119kkich w \u015bcianie do \u00d825 mm<\/td><td>Sztuka<\/td><td>40,00 z\u0142<\/td><\/tr><\/tbody><\/table><\/figure>\n","protected":false},"excerpt":{"rendered":"<p>NUMER US\u0141UGI NAZWA US\u0141UGI JEDNOSTKA CENA Monta\u017c 7,1 Kamery, monitoring TV\u00a0 Indywidualna wycena Indywidualna wycena Monta\u017c 7,2 Wykonanie punktu wypustowego<\/p>\n","protected":false},"author":1,"featured_media":0,"parent":0,"menu_order":0,"comment_status":"closed","ping_status":"closed","template":"","meta":{"colormag_page_container_layout":"no_sidebar_full_width","colormag_page_sidebar_layout":"no_sidebar","footnotes":""},"class_list":["post-78","page","type-page","status-publish","hentry"],"_links":{"self":[{"href":"https:\/\/teamprofessional.pl\/teamprofessional\/index.php?rest_route=\/wp\/v2\/pages\/78","targetHints":{"allow":["GET"]}}],"collection":[{"href":"https:\/\/teamprofessional.pl\/teamprofessional\/index.php?rest_route=\/wp\/v2\/pages"}],"about":[{"href":"https:\/\/teamprofessional.pl\/teamprofessional\/index.php?rest_route=\/wp\/v2\/types\/page"}],"author":[{"embeddable":true,"href":"https:\/\/teamprofessional.pl\/teamprofessional\/index.php?rest_route=\/wp\/v2\/users\/1"}],"replies":[{"embeddable":true,"href":"https:\/\/teamprofessional.pl\/teamprofessional\/index.php?rest_route=%2Fwp%2Fv2%2Fcomments&post=78"}],"version-history":[{"count":3,"href":"https:\/\/teamprofessional.pl\/teamprofessional\/index.php?rest_route=\/wp\/v2\/pages\/78\/revisions"}],"predecessor-version":[{"id":510,"href":"https:\/\/teamprofessional.pl\/teamprofessional\/index.php?rest_route=\/wp\/v2\/pages\/78\/revisions\/510"}],"wp:attachment":[{"href":"https:\/\/teamprofessional.pl\/teamprofessional\/index.php?rest_route=%2Fwp%2Fv2%2Fmedia&parent=78"}],"curies":[{"name":"wp","href":"https:\/\/api.w.org\/{rel}","templated":true}]}}