{"id":75,"date":"2023-01-07T21:04:26","date_gmt":"2023-01-07T20:04:26","guid":{"rendered":"https:\/\/teamprofessional.pl\/teamprofessional\/?page_id=75"},"modified":"2023-10-12T18:43:01","modified_gmt":"2023-10-12T17:43:01","slug":"usluga-automatyki-bram-c","status":"publish","type":"page","link":"https:\/\/teamprofessional.pl\/teamprofessional\/?page_id=75","title":{"rendered":"US\u0141UGA AUTOMATYKI BRAM"},"content":{"rendered":"\n<figure class=\"wp-block-table is-style-stripes has-medium-font-size\"><table style=\"border-width:4px\"><thead><tr><th><strong>NUMER US\u0141UGI<\/strong><\/th><th><strong>NAZWA US\u0141UGI<\/strong><\/th><th><strong>JEDNOSTKA<\/strong><\/th><th><strong>CENA<\/strong><\/th><\/tr><\/thead><tbody><tr><td><strong>Monta\u017c 6,1<\/strong><\/td><td><strong>Monta\u017c nap\u0119du bram przesuwnych<\/strong><\/td><td><strong>Indywidualna wycena<\/strong><\/td><td><strong>Indywidualna wycena<\/strong><\/td><\/tr><tr><td>Monta\u017c 6,2<\/td><td>Sprawdzenie istniej\u0105cej infrastruktury kablowej<\/td><td>Sztuka<\/td><td>600,00 z\u0142<\/td><\/tr><tr><td>Monta\u017c 6,3<\/td><td>Sprawdzenie zamocowania bramy<\/td><td>Sztuka<\/td><td>600,00 z\u0142<\/td><\/tr><tr><td>Monta\u017c 6,4<\/td><td>Monta\u017c podstawy nap\u0119du bramy przesuwnej zabezpieczaj\u0105cych<\/td><td>Sztuka<\/td><td>600,00 z\u0142<\/td><\/tr><tr><td>Monta\u017c 6,5<\/td><td>Monta\u017c nap\u0119du bramy przesuwnej<\/td><td>Sztuka<\/td><td>600,00 z\u0142<\/td><\/tr><tr><td>Monta\u017c 6,6<\/td><td>Monta\u017c oraz konfiguracja sterownika nap\u0119du bramy przesuwnej<\/td><td>Sztuka<\/td><td>600,00 z\u0142<\/td><\/tr><tr><td>Monta\u017c 6,7<\/td><td>Monta\u017c listwy z\u0119batej ( stalowej lub z tworzywa )<\/td><td>Sztuka<\/td><td>600,00 z\u0142<\/td><\/tr><tr><td>Monta\u017c 6,8<\/td><td>Monta\u017c fotokom\u00f3rek zabezpieczajacych<\/td><td>Sztuka<\/td><td>600,00 z\u0142<\/td><\/tr><tr><td>Monta\u017c 6,9<\/td><td>Monta\u017c lampy sygnalizacyjnej<\/td><td>Sztuka<\/td><td>600,00 z\u0142<\/td><\/tr><tr><td><strong>Monta\u017c 6,10<\/strong><\/td><td><strong>Monta\u017c nap\u0119d\u00f3w do bram skrzyd\u0142owych<\/strong><\/td><td><strong>Indywidualna wycena<\/strong><\/td><td><strong>Indywidualna wycena<\/strong><\/td><\/tr><tr><td>Monta\u017c 6,11<\/td><td>Sprawdzenie istniej\u0105cej infrastruktury kablowej<\/td><td>Sztuka<\/td><td>500,00 z\u0142<\/td><\/tr><tr><td>Monta\u017c 6,12<\/td><td>Sprawdzenie zamocowania bramy zabezpieczaj\u0105cych<\/td><td>Sztuka<\/td><td>500,00 z\u0142<\/td><\/tr><tr><td>Monta\u017c 6,13<\/td><td>Monta\u017c mocowa\u0144 si\u0142ownik\u00f3w bramy skrzyd\u0142owej<\/td><td>Sztuka<\/td><td>500,00 z\u0142<\/td><\/tr><tr><td>Monta\u017c 6,14<\/td><td>Monta\u017c si\u0142ownik\u00f3w bramy skrzyd\u0142owej<\/td><td>Sztuka<\/td><td>500,00 z\u0142<\/td><\/tr><tr><td>Monta\u017c 6,15<\/td><td>Monta\u017c oraz konfiguracja sterownika nap\u0119du bramy skrzyd\u0142owej<\/td><td>Sztuka<\/td><td>500,00 z\u0142<\/td><\/tr><tr><td>Monta\u017c 6,16<\/td><td>Monta\u017c fotokom\u00f3rek zabezpiecajacych<\/td><td>Sztuka<\/td><td>500,00 z\u0142<\/td><\/tr><tr><td>Monta\u017c 6,17<\/td><td>Monta\u017c lampy sygnalizacyjnej<\/td><td>Sztuka<\/td><td>500,00 z\u0142<\/td><\/tr><tr><td><strong>Monta\u017c 6,18<\/strong><\/td><td><strong>Monta\u017c nap\u0119d\u00f3w do bram gara\u017cowych<\/strong><\/td><td><strong>Indywidualna wycena<\/strong><\/td><td><strong>Indywidualna wycena<\/strong><\/td><\/tr><tr><td>Monta\u017c 6,19<\/td><td>Sprawdzenie istniej\u0105cej infrastruktury kablowej<\/td><td>Sztuka<\/td><td>500,00 z\u0142<\/td><\/tr><tr><td>Monta\u017c 6,20<\/td><td>Sprawdzenie zamocowania bramy i szyn<\/td><td>Sztuka<\/td><td>500,00 z\u0142<\/td><\/tr><tr><td>Monta\u017c 6,21<\/td><td>Monta\u017c szyny transmisyjnej<\/td><td>Sztuka<\/td><td>500,00 z\u0142<\/td><\/tr><tr><td>Monta\u017c 6,22<\/td><td>Monta\u017c nap\u0119du bramy gara\u017cowej<\/td><td>Sztuka<\/td><td>500,00 z\u0142<\/td><\/tr><tr><td>Monta\u017c 6,23<\/td><td>Monta\u017c oraz konfiguracja sterownika nap\u0119du bramy gara\u017cowej<\/td><td>Sztuka<\/td><td>500,00 z\u0142<\/td><\/tr><tr><td>Monta\u017c 6,24<\/td><td>Monta\u017c awaryjnego otwarcia bramy gara\u017cowej<\/td><td>Sztuka<\/td><td>500,00 z\u0142<\/td><\/tr><tr><td>Monta\u017c 6,25<\/td><td>Monta\u017c fotokom\u00f3rek zabezpieczajacych<\/td><td>Sztuka<\/td><td>500,00 z\u0142<\/td><\/tr><tr><td><strong>Monta\u017c 6,26<\/strong><\/td><td><strong>Us\u0142ugi dodatkowe<\/strong><\/td><td><strong>Indywidualna wycena<\/strong><\/td><td><strong>Indywidualna wycena<\/strong><\/td><\/tr><tr><td>Monta\u017c 6,27<\/td><td>Przygotowanie odpowiedniej infrastruktury kablowej ( doprowadzenie zasilania do nap\u0119du lub jego poszczeg\u00f3lnych element\u00f3w )<\/td><td>Metr bie\u017c\u0105cy<\/td><td>15,00 z\u0142<\/td><\/tr><tr><td>Monta\u017c 6,28<\/td><td>Przygotowanie podmur\u00f3wki lub wylewki pod nap\u0119d<\/td><td>Sztuka<\/td><td>100,00 z\u0142<\/td><\/tr><tr><td>Monta\u017c 6,29<\/td><td>Monta\u017c anteny dodatkowej wzmacniaj\u0105cej zasi\u0119g pilot\u00f3w<\/td><td>Sztuka<\/td><td>50 z\u0142&nbsp;<\/td><\/tr><tr><td>Monta\u017c 6,30<\/td><td>Monta\u017c dodatkowych przycisk\u00f3w steruj\u0105cych bram\u0105<\/td><td>Sztuka<\/td><td>100,00 z\u0142<\/td><\/tr><tr><td>Monta\u017c 6,31<\/td><td>Monta\u017c dodatkowych fotokom\u00f3rek zabezpieczaj\u0105cych obszar pracy bramy<\/td><td>Sztuka<\/td><td>50 z\u0142&nbsp;<\/td><\/tr><tr><td>Monta\u017c 6,32<\/td><td>Monta\u017c modu\u0142\u00f3w zdalnego sterowania bram\u0105 ( GSM , WIFI )<\/td><td>Sztuka<\/td><td>100,00 z\u0142<\/td><\/tr><tr><td>Monta\u017c 6,33<\/td><td>Programowanie centrali nap\u0119du<\/td><td>Sztuka<\/td><td>100,00 z\u0142<\/td><\/tr><tr><td>Monta\u017c 6,34<\/td><td>Monta\u017c anteny<\/td><td>Sztuka<\/td><td>50 z\u0142&nbsp;<\/td><\/tr><tr><td>Monta\u017c 6,35<\/td><td>Monta\u017c lampy<\/td><td>Sztuka<\/td><td>50 z\u0142&nbsp;<\/td><\/tr><tr><td>Monta\u017c 6,36<\/td><td>Monta\u017c listwy z\u0119batej<\/td><td>Sztuka<\/td><td>100,00 z\u0142<\/td><\/tr><tr><td><strong>Monta\u017c 6,37<\/strong><\/td><td><strong>Naprawa i wymiana<\/strong><\/td><td><strong>Indywidualna wycena<\/strong><\/td><td><strong>Indywidualna wycena<\/strong><\/td><\/tr><tr><td>Monta\u017c 6,38<\/td><td>Usuni\u0119cie awarii i usterek ( pierwsza godzina ) od godz . 8.00 do 20.00<\/td><td>Sztuka<\/td><td>100,00 z\u0142<\/td><\/tr><tr><td>Monta\u017c 6,39<\/td><td>Usuni\u0119cie awarii i usterek ( kolejna godzina ) od godz . 8.00 do 20.00<\/td><td>Sztuka<\/td><td>50 z\u0142&nbsp;<\/td><\/tr><tr><td>Monta\u017c 6,40<\/td><td>Serwis<\/td><td>Roboczo godzina<\/td><td>100,00 z\u0142<\/td><\/tr><\/tbody><\/table><\/figure>\n","protected":false},"excerpt":{"rendered":"<p>NUMER US\u0141UGI NAZWA US\u0141UGI JEDNOSTKA CENA Monta\u017c 6,1 Monta\u017c nap\u0119du bram przesuwnych Indywidualna wycena Indywidualna wycena Monta\u017c 6,2 Sprawdzenie istniej\u0105cej<\/p>\n","protected":false},"author":1,"featured_media":0,"parent":0,"menu_order":0,"comment_status":"closed","ping_status":"closed","template":"","meta":{"colormag_page_container_layout":"no_sidebar_full_width","colormag_page_sidebar_layout":"no_sidebar","footnotes":""},"class_list":["post-75","page","type-page","status-publish","hentry"],"_links":{"self":[{"href":"https:\/\/teamprofessional.pl\/teamprofessional\/index.php?rest_route=\/wp\/v2\/pages\/75","targetHints":{"allow":["GET"]}}],"collection":[{"href":"https:\/\/teamprofessional.pl\/teamprofessional\/index.php?rest_route=\/wp\/v2\/pages"}],"about":[{"href":"https:\/\/teamprofessional.pl\/teamprofessional\/index.php?rest_route=\/wp\/v2\/types\/page"}],"author":[{"embeddable":true,"href":"https:\/\/teamprofessional.pl\/teamprofessional\/index.php?rest_route=\/wp\/v2\/users\/1"}],"replies":[{"embeddable":true,"href":"https:\/\/teamprofessional.pl\/teamprofessional\/index.php?rest_route=%2Fwp%2Fv2%2Fcomments&post=75"}],"version-history":[{"count":2,"href":"https:\/\/teamprofessional.pl\/teamprofessional\/index.php?rest_route=\/wp\/v2\/pages\/75\/revisions"}],"predecessor-version":[{"id":508,"href":"https:\/\/teamprofessional.pl\/teamprofessional\/index.php?rest_route=\/wp\/v2\/pages\/75\/revisions\/508"}],"wp:attachment":[{"href":"https:\/\/teamprofessional.pl\/teamprofessional\/index.php?rest_route=%2Fwp%2Fv2%2Fmedia&parent=75"}],"curies":[{"name":"wp","href":"https:\/\/api.w.org\/{rel}","templated":true}]}}