{"id":72,"date":"2023-01-07T21:04:02","date_gmt":"2023-01-07T20:04:02","guid":{"rendered":"https:\/\/teamprofessional.pl\/teamprofessional\/?page_id=72"},"modified":"2023-10-12T18:49:26","modified_gmt":"2023-10-12T17:49:26","slug":"usluga-domofonowa-c","status":"publish","type":"page","link":"https:\/\/teamprofessional.pl\/teamprofessional\/?page_id=72","title":{"rendered":"US\u0141UGA DOMOFONOWA"},"content":{"rendered":"\n<figure class=\"wp-block-table is-style-stripes has-medium-font-size\"><table style=\"border-width:4px\"><thead><tr><th><strong>NUMER US\u0141UGI<\/strong><\/th><th><strong>NAZWA US\u0141UGI<\/strong><\/th><th><strong>JEDNOSTKA<\/strong><\/th><th><strong>CENA<\/strong><\/th><\/tr><\/thead><tbody><tr><td><strong>Monta\u017c 5,1<\/strong><\/td><td><strong>Monta\u017c domofonu<\/strong><\/td><td><strong>Indywidualna wycena<\/strong><\/td><td><strong>Indywidualna wycena<\/strong><\/td><\/tr><tr><td>Monta\u017c 5,2<\/td><td>Monta\u017c i pod\u0142\u0105czenie domofonu analogowego w&nbsp;domu jednorodzinnym ( s\u0142uchawka , kaseta ) do istniej\u0105cych punkt\u00f3w wypustowych&nbsp;<\/td><td>Sztuka<\/td><td>150,00 z\u0142<\/td><\/tr><tr><td>Monta\u017c 5,3<\/td><td>Monta\u017c i pod\u0142\u0105czenie kasety do istniej\u0105cego punktu wypustowego&nbsp;<\/td><td>Sztuka<\/td><td>100,00 z\u0142<\/td><\/tr><tr><td>Monta\u017c 5,4<\/td><td>Monta\u017c i pod\u0142\u0105czenie kasety ( do 10 mieszka\u0144 ) do istniej\u0105cego punktu wypustowego&nbsp;<\/td><td>Sztuka<\/td><td>120,00 z\u0142<\/td><\/tr><tr><td>Monta\u017c 5,5<\/td><td>Monta\u017c i pod\u0142\u0105czenie kasety ( od 10 do 20 mieszka\u0144 ) do istniej\u0105cego punktu wypustowego&nbsp;<\/td><td>Sztuka<\/td><td>150,00 z\u0142<\/td><\/tr><tr><td>Monta\u017c 5,6<\/td><td>Monta\u017c i pod\u0142\u0105czenie kasety ( powy\u017cej 20 mieszka\u0144 ) do istniej\u0105cego punktu wypustowego&nbsp;<\/td><td>Sztuka<\/td><td>200,00 z\u0142<\/td><\/tr><tr><td>Monta\u017c 5,7<\/td><td>Monta\u017c i pod\u0142\u0105czenie s\u0142uchawki do istniej\u0105cego punktu wypustowego<\/td><td>Sztuka<\/td><td>70,00 z\u0142<\/td><\/tr><tr><td>Monta\u017c 5,8<\/td><td>Monta\u017c i pod\u0142\u0105czenie elektrozaczepu do istniej\u0105cego punktu wypustowego&nbsp;<\/td><td>Sztuka<\/td><td>30,00 z\u0142<\/td><\/tr><tr><td>Monta\u017c 5,9<\/td><td>Monta\u017c pod\u0142\u0105czenie sterowania bram\u0105 wjazdow\u0105 do istniej\u0105cego punktu wypustowego&nbsp;<\/td><td>Sztuka<\/td><td>50 z\u0142&nbsp;<\/td><\/tr><tr><td>Monta\u017c 5,10<\/td><td>Wykonanie punktu wypustowego&nbsp;<\/td><td>Sztuka<\/td><td>100,00 z\u0142<\/td><\/tr><tr><td><strong>Monta\u017c 5,11<\/strong><\/td><td><strong>Monta\u017c unifonu<\/strong><\/td><td><strong>Indywidualna wycena<\/strong><\/td><td><strong>Indywidualna wycena<\/strong><\/td><\/tr><tr><td>Monta\u017c 5,12<\/td><td>Monta\u017c i pod\u0142\u0105czenie unifonu w domu jednorodzinnym&nbsp;( s\u0142uchawka , kaseta przy furtce , zasilacz ) do istniej\u0105cych punkt\u00f3w wypustowych&nbsp;<\/td><td>Sztuka<\/td><td>200,00 z\u0142<\/td><\/tr><tr><td>Monta\u017c 5,13<\/td><td>Monta\u017c i pod\u0142\u0105czenie kasety do istniej\u0105cego punktu wypustowego<\/td><td>Sztuka<\/td><td>150,00 z\u0142<\/td><\/tr><tr><td>Monta\u017c 5,14<\/td><td>Monta\u017c i pod\u0142\u0105czenie kasety ( do 10 mieszka\u0144 ) do istniej\u0105cego punktu wypustowego<\/td><td>Sztuka<\/td><td>180,00 z\u0142<\/td><\/tr><tr><td>Monta\u017c 5,15<\/td><td>Monta\u017c i pod\u0142\u0105czenie kasety ( od 10 do 20 mieszka\u0144 ) do istniej\u0105cego punktu wypustowego<\/td><td>Sztuka<\/td><td>220,00 z\u0142<\/td><\/tr><tr><td>Monta\u017c 5,16<\/td><td>Monta\u017c i pod\u0142\u0105czenie kasety ( powy\u017cej 20 mieszka\u0144 ) do istniej\u0105cego punktu wypustowego&nbsp;<\/td><td>Sztuka<\/td><td>250,00 z\u0142<\/td><\/tr><tr><td>Monta\u017c 5,17<\/td><td>Monta\u017c i pod\u0142\u0105czenie s\u0142uchawki do istniej\u0105cego punktu wypustowego&nbsp;<\/td><td>Sztuka<\/td><td>100,00 z\u0142<\/td><\/tr><tr><td>Monta\u017c 5,18<\/td><td>Monta\u017c i pod\u0142\u0105czenie elektrozaczepu do istniej\u0105cego punktu wypustowego&nbsp;<\/td><td>Sztuka<\/td><td>30,00 z\u0142<\/td><\/tr><tr><td>Monta\u017c 5,19<\/td><td>Monta\u017c i pod\u0142\u0105czenie sterowania bram\u0105 wjazdow\u0105 do istniej\u0105cego punktu wypustowego<\/td><td>Sztuka<\/td><td>50 z\u0142&nbsp;<\/td><\/tr><tr><td>Monta\u017c 5,20<\/td><td>Wykonanie punktu wypustowego&nbsp;<\/td><td>Sztuka<\/td><td>100,00 z\u0142<\/td><\/tr><tr><td><strong>Monta\u017c 5,21<\/strong><\/td><td><strong>Monta\u017c wideodomofonu<\/strong><\/td><td><strong>Indywidualna wycena<\/strong><\/td><td><strong>Indywidualna wycena<\/strong><\/td><\/tr><tr><td>Monta\u017c 5,22<\/td><td>Monta\u017c pod\u0142\u0105czenie wideodomofonu ( monitor, kaseta z kamer\u0105 , zasilacz ) do istniej\u0105cych punkt\u00f3w wypustowych&nbsp;<\/td><td>Sztuka<\/td><td>300,00 z\u0142<\/td><\/tr><tr><td>Monta\u017c 5,23<\/td><td>Monta\u017c i pod\u0142\u0105czenie kasety z kamer\u0105 przy furtce do istniej\u0105cego punktu wypustowego&nbsp;<\/td><td>Sztuka<\/td><td>200,00 z\u0142<\/td><\/tr><tr><td>Monta\u017c 5,24<\/td><td>Monta\u017c i pod\u0142\u0105czenie kasety ( do 10 mieszka\u0144 ) do istniej\u0105cego punktu wypustowego&nbsp;<\/td><td>Sztuka<\/td><td>250,00 z\u0142<\/td><\/tr><tr><td>Monta\u017c 5,25<\/td><td>Monta\u017c i pod\u0142\u0105czenie kasety ( od 10 do 20 mieszka\u0144 ) do istniej\u0105cego punktu wypustowego<\/td><td>Sztuka<\/td><td>300,00 z\u0142<\/td><\/tr><tr><td>Monta\u017c 5,26<\/td><td>Monta\u017c i pod\u0142\u0105czenie kasety ( powy\u017cej 20 mieszka\u0144 ) do istniej\u0105cego punktu wypustowego&nbsp;<\/td><td>Sztuka<\/td><td>350,00 z\u0142<\/td><\/tr><tr><td>Monta\u017c 5,27<\/td><td>Monta\u017c i pod\u0142\u0105czenie monitora do istniej\u0105cego punktu wypustowego Wykonanie punktu wypustowego&nbsp;<\/td><td>Sztuka<\/td><td>150,00 z\u0142<\/td><\/tr><tr><td>Monta\u017c 5,28<\/td><td>Monta\u017c i pod\u0142\u0105czenie elektrozaczepu do istniej\u0105cego punktu wypustowego&nbsp;<\/td><td>Sztuka<\/td><td>30,00 z\u0142<\/td><\/tr><tr><td>Monta\u017c 5,29<\/td><td>Monta\u017c i pod\u0142\u0105czenie sterowania bram\u0105 wjazdow\u0105 do istniej\u0105cego punktu wypustowego&nbsp;<\/td><td>Sztuka<\/td><td>50 z\u0142&nbsp;<\/td><\/tr><tr><td>Monta\u017c 5,30<\/td><td>Wykonanie punktu wypustowego&nbsp;<\/td><td>Sztuka<\/td><td>100,00 z\u0142<\/td><\/tr><tr><td><strong>Monta\u017c 5,31<\/strong><\/td><td><strong>Monta\u017c samozamykacza<\/strong><\/td><td><strong>Indywidualna wycena<\/strong><\/td><td><strong>Indywidualna wycena<\/strong><\/td><\/tr><tr><td>Monta\u017c 5,32<\/td><td>Monta\u017c samozamykacza<\/td><td>Sztuka<\/td><td>80,00 z\u0142<\/td><\/tr><tr><td>Monta\u017c 5,33<\/td><td>Regulacja samozamykacza&nbsp;<\/td><td>Sztuka<\/td><td>20,00 z\u0142<\/td><\/tr><tr><td><strong>Monta\u017c 5,34<\/strong><\/td><td><strong>Monta\u017c dzwonka&nbsp;<\/strong><\/td><td><strong>Indywidualna wycena<\/strong><\/td><td><strong>Indywidualna wycena<\/strong><\/td><\/tr><tr><td>Monta\u017c 5,35<\/td><td>Monta\u017c i pod\u0142\u0105czenie dzwonka ( kaseta , w\u0142\u0105cznik do istniej\u0105cych punkt\u00f3w wypustowych&nbsp;<\/td><td>Sztuka<\/td><td>50,00 z\u0142<\/td><\/tr><tr><td>Monta\u017c 5,36<\/td><td>Monta\u017c i pod\u0142\u0105czenie osprz\u0119tu dzwonka do istniej\u0105cego punktu wypustowego&nbsp;<\/td><td>Sztuka<\/td><td>40,00 z\u0142<\/td><\/tr><tr><td>Monta\u017c 5,37<\/td><td>Monta\u017c i pod\u0142\u0105czenie w\u0142\u0105cznika dzwonka do istniej\u0105cego punktu wypustowego&nbsp;<\/td><td>Sztuka<\/td><td>15,00 z\u0142<\/td><\/tr><tr><td><strong>Monta\u017c 5,38<\/strong><\/td><td><strong>Napraw i wymian&nbsp;<\/strong><\/td><td><strong>Indywidualna wycena<\/strong><\/td><td><strong>Indywidualna wycena<\/strong><\/td><\/tr><tr><td>Monta\u017c 5,39<\/td><td>Usuni\u0119cie awarii i usterek ( pierwsza godzina ) od godz . 8.00 do 20.00&nbsp;<\/td><td>Roboczo godzina<\/td><td>100,00 z\u0142<\/td><\/tr><tr><td>Monta\u017c 5,40<\/td><td>Usuni\u0119cie awarii i usterek ( kolejna godzina ) od godz . 8.00 do 20.00<\/td><td>Roboczo godzina<\/td><td>50 z\u0142&nbsp;<\/td><\/tr><tr><td>Monta\u017c 5,41<\/td><td>Serwis&nbsp;<\/td><td>Roboczo godzina<\/td><td>100,00 z\u0142<\/td><\/tr><tr><td>Monta\u017c 5,42<\/td><td>Wymiana elektrozaczepu&nbsp;<\/td><td>Sztuka<\/td><td>30,00 z\u0142<\/td><\/tr><tr><td>Monta\u017c 5,43<\/td><td>Wymiana s\u0142uchawki&nbsp;<\/td><td>Sztuka<\/td><td>100,00 z\u0142<\/td><\/tr><tr><td>Monta\u017c 5,44<\/td><td>Wymiana kasety&nbsp;<\/td><td>Sztuka<\/td><td>100,00 z\u0142<\/td><\/tr><tr><td>Monta\u017c 5,45<\/td><td>Wymiana wzmacniacza i zasilacza&nbsp;<\/td><td>Sztuka<\/td><td>100,00 z\u0142<\/td><\/tr><tr><td>Monta\u017c 5,46<\/td><td>Wykonanie i wymiana listy lokator\u00f3w<\/td><td>Sztuka<\/td><td>30,00 z\u0142<\/td><\/tr><tr><td>Monta\u017c 5,47<\/td><td>Zmiana kodu otwarcia drzwi&nbsp;<\/td><td>Sztuka<\/td><td>30,00 z\u0142<\/td><\/tr><tr><td><strong>Monta\u017c 5,48<\/strong><\/td><td><strong>U\u0142o\u017cenia przewod\u00f3w&nbsp;<\/strong><\/td><td><strong>Indywidualna wycena<\/strong><\/td><td><strong>Indywidualna wycena<\/strong><\/td><\/tr><tr><td>Monta\u017c 5,49<\/td><td>U\u0142o\u017cenie przewod\u00f3w YDY , OMY , koncentrycznych 75 \u03a9 , typu skr\u0119tka ( UTP &#8211; FTP ) , telekomunikacyjnego YTDY&nbsp;<\/td><td>Metr bie\u017c\u0105cy<\/td><td>1,00 z\u0142<\/td><\/tr><tr><td>Monta\u017c 5,50<\/td><td>U\u0142o\u017cenie przewod\u00f3w na uchwytach US&nbsp;<\/td><td>Metr bie\u017c\u0105cy<\/td><td>3,00 z\u0142<\/td><\/tr><tr><td>Monta\u017c 5,51<\/td><td>Monta\u017c trasy kablowej<\/td><td>Metr bie\u017c\u0105cy<\/td><td>25,00 z\u0142<\/td><\/tr><tr><td>Monta\u017c 5,52<\/td><td>U\u0142o\u017cenie przewod\u00f3w na trasie kablowej&nbsp;<\/td><td>Metr bie\u017c\u0105cy<\/td><td>2,50 z\u0142<\/td><\/tr><tr><td>Monta\u017c 5,53<\/td><td>Monta\u017c rurek PCV&nbsp;<\/td><td>Metr bie\u017c\u0105cy<\/td><td>5,00 z\u0142<\/td><\/tr><tr><td>Monta\u017c 5,54<\/td><td>Monta\u017c rurek PCV i u\u0142o\u017cenie przewod\u00f3w&nbsp;<\/td><td>Metr bie\u017c\u0105cy<\/td><td>7,00 z\u0142<\/td><\/tr><tr><td>Monta\u017c 5,55<\/td><td>Monta\u017c korytek PCV&nbsp;<\/td><td>Metr bie\u017c\u0105cy<\/td><td>5,00 z\u0142<\/td><\/tr><tr><td>Monta\u017c 5,56<\/td><td>Monta\u017c korytek PCV i u\u0142o\u017cenie przewod\u00f3w&nbsp;<\/td><td>Metr bie\u017c\u0105cy<\/td><td>7,00 z\u0142<\/td><\/tr><tr><td>Monta\u017c 5,57<\/td><td>U\u0142o\u017cenie przewod\u00f3w w rurkach , korytkach PCV&nbsp;<\/td><td>Metr bie\u017c\u0105cy<\/td><td>2,00 z\u0142<\/td><\/tr><tr><td>Monta\u017c 5,58<\/td><td>R\u0119czne wykonanie wykopu na g\u0142\u0119boko\u015b\u0107 0,25-0,4 m&nbsp;<\/td><td>Metr bie\u017c\u0105cy<\/td><td>50 z\u0142&nbsp;<\/td><\/tr><tr><td>Monta\u017c 5,59<\/td><td>R\u0119czne wykonanie wykopu na g\u0142\u0119boko\u015b\u0107 0,25 -0,4 m , wykonanie podsypki pod kabel , u\u0142o\u017cenie kabla i zasypanie&nbsp;<\/td><td>Metr bie\u017c\u0105cy<\/td><td>80,00 z\u0142<\/td><\/tr><tr><td>Monta\u017c 5,60<\/td><td>R\u0119czne wykonanie wykopu na g\u0142\u0119boko\u015b\u0107 0,7-0,8 m&nbsp;<\/td><td>Metr bie\u017c\u0105cy<\/td><td>100,00 z\u0142<\/td><\/tr><tr><td>Monta\u017c 5,61<\/td><td>R\u0119czne wykonanie wykopu na g\u0142\u0119boko\u015b\u0107 0,7-0,8 m , wykonanie podsypki pod Jabol ulo\u017conio kabla i<\/td><td>Metr bie\u017c\u0105cy<\/td><td>140,00 z\u0142<\/td><\/tr><tr><td>Monta\u017c 5,62<\/td><td>U\u0142o\u017cenie foli ostrzegawczej&nbsp;<\/td><td>Metr bie\u017c\u0105cy<\/td><td>5,00 z\u0142<\/td><\/tr><tr><td>Monta\u017c 5,63<\/td><td>U\u0142o\u017cenie przewodu w wykopie w rurze os\u0142onowej typu AROT&nbsp;<\/td><td>Metr bie\u017c\u0105cy<\/td><td>25,00 z\u0142<\/td><\/tr><tr><td>Monta\u017c 5,64<\/td><td>Bruzdowanie w tynku , cegle i materia\u0142ach mi\u0119kkich&nbsp;<\/td><td>Metr bie\u017c\u0105cy<\/td><td>10,00 z\u0142<\/td><\/tr><tr><td>Monta\u017c 5,65<\/td><td>Bruzdowanie w tynku , cegle i materia\u0142ach mi\u0119kkich , u\u0142o\u017cenie przewod\u00f3w i zatarcie bruzdy&nbsp;<\/td><td>Metr bie\u017c\u0105cy<\/td><td>15,00 z\u0142<\/td><\/tr><tr><td>Monta\u017c 5,66<\/td><td>Bruzdowanie w betonie&nbsp;<\/td><td>Metr bie\u017c\u0105cy<\/td><td>15,00 z\u0142<\/td><\/tr><tr><td>Monta\u017c 5,67<\/td><td>Bruzdowanie w betonie , u\u0142o\u017cenie przewod\u00f3w i zatarcie bruzdy&nbsp;<\/td><td>Metr bie\u017c\u0105cy<\/td><td>20,00 z\u0142<\/td><\/tr><tr><td><strong>Monta\u017c 5,68<\/strong><\/td><td><strong>Us\u0142ugi dodatkowe\u00a0<\/strong><\/td><td><strong>Indywidualna wycena<\/strong><\/td><td><strong>Indywidualna wycena<\/strong><\/td><\/tr><tr><td>Monta\u017c 5,69<\/td><td>Wykonanie w betonie otworu pod puszk\u0119 instalacyjn\u0105 fi 60 x 50&nbsp;<\/td><td>Sztuka<\/td><td>30,00 z\u0142<\/td><\/tr><tr><td>Monta\u017c 5,70<\/td><td>Wykonanie w betonie otworu pod puszk\u0119 instalacyjn\u0105 fi 80 x 50&nbsp;<\/td><td>Sztuka<\/td><td>40,00 z\u0142<\/td><\/tr><tr><td>Monta\u017c 5,71<\/td><td>Wykonanie w cegle i materia\u0142ach mi\u0119kkich otworu pod puszk\u0119 instalacyjn\u0105 fi 60 x 50&nbsp;<\/td><td>Sztuka<\/td><td>30,00 z\u0142<\/td><\/tr><tr><td>Monta\u017c 5,72<\/td><td>Wykonanie w cegle i materia\u0142ach mi\u0119kkich otworu pod puszk\u0119 instalacyjn\u0105 fi 80 x 50&nbsp;<\/td><td>Sztuka<\/td><td>40,00 z\u0142<\/td><\/tr><tr><td>Monta\u017c 5,73<\/td><td>Osadzenie puszki&nbsp;<\/td><td>Sztuka<\/td><td>20,00 z\u0142<\/td><\/tr><tr><td>Monta\u017c 5,74<\/td><td>Wykonanie przebicia w betonie w \u015bcianie lub stropie do \u00d825 mm<\/td><td>Sztuka<\/td><td>50 z\u0142&nbsp;<\/td><\/tr><tr><td>Monta\u017c 5,75<\/td><td>Wykonanie przebicia w cegle i materia\u0142ach mi\u0119kkich w \u015bcianie do \u00d825 mm<\/td><td>Sztuka<\/td><td>40,00 z\u0142<\/td><\/tr><\/tbody><\/table><\/figure>\n","protected":false},"excerpt":{"rendered":"<p>NUMER US\u0141UGI NAZWA US\u0141UGI JEDNOSTKA CENA Monta\u017c 5,1 Monta\u017c domofonu Indywidualna wycena Indywidualna wycena Monta\u017c 5,2 Monta\u017c i pod\u0142\u0105czenie domofonu<\/p>\n","protected":false},"author":1,"featured_media":0,"parent":0,"menu_order":0,"comment_status":"closed","ping_status":"closed","template":"","meta":{"colormag_page_container_layout":"no_sidebar_full_width","colormag_page_sidebar_layout":"no_sidebar","footnotes":""},"class_list":["post-72","page","type-page","status-publish","hentry"],"_links":{"self":[{"href":"https:\/\/teamprofessional.pl\/teamprofessional\/index.php?rest_route=\/wp\/v2\/pages\/72","targetHints":{"allow":["GET"]}}],"collection":[{"href":"https:\/\/teamprofessional.pl\/teamprofessional\/index.php?rest_route=\/wp\/v2\/pages"}],"about":[{"href":"https:\/\/teamprofessional.pl\/teamprofessional\/index.php?rest_route=\/wp\/v2\/types\/page"}],"author":[{"embeddable":true,"href":"https:\/\/teamprofessional.pl\/teamprofessional\/index.php?rest_route=\/wp\/v2\/users\/1"}],"replies":[{"embeddable":true,"href":"https:\/\/teamprofessional.pl\/teamprofessional\/index.php?rest_route=%2Fwp%2Fv2%2Fcomments&post=72"}],"version-history":[{"count":4,"href":"https:\/\/teamprofessional.pl\/teamprofessional\/index.php?rest_route=\/wp\/v2\/pages\/72\/revisions"}],"predecessor-version":[{"id":511,"href":"https:\/\/teamprofessional.pl\/teamprofessional\/index.php?rest_route=\/wp\/v2\/pages\/72\/revisions\/511"}],"wp:attachment":[{"href":"https:\/\/teamprofessional.pl\/teamprofessional\/index.php?rest_route=%2Fwp%2Fv2%2Fmedia&parent=72"}],"curies":[{"name":"wp","href":"https:\/\/api.w.org\/{rel}","templated":true}]}}