{"id":69,"date":"2023-01-07T21:03:40","date_gmt":"2023-01-07T20:03:40","guid":{"rendered":"https:\/\/teamprofessional.pl\/teamprofessional\/?page_id=69"},"modified":"2023-10-12T18:29:44","modified_gmt":"2023-10-12T17:29:44","slug":"usluga-malowania-c","status":"publish","type":"page","link":"https:\/\/teamprofessional.pl\/teamprofessional\/?page_id=69","title":{"rendered":"US\u0141UGA MALOWANIA"},"content":{"rendered":"\n<figure class=\"wp-block-table is-style-stripes has-medium-font-size\"><table style=\"border-width:4px\"><thead><tr><th><strong>NUMER US\u0141UGI<\/strong><\/th><th><strong>NAZWA US\u0141UGI<\/strong><\/th><th><strong>JEDNOSTKA<\/strong><\/th><th><strong>CENA<\/strong><\/th><\/tr><\/thead><tbody><tr><td><strong>Monta\u017c 4,1<\/strong><\/td><td><strong>Us\u0142ugi przygotowawcze&nbsp;<\/strong><\/td><td><strong>Indywidualna wycena<\/strong><\/td><td><strong>Indywidualna wycena<\/strong><\/td><\/tr><tr><td>Monta\u017c 4,2<\/td><td>Usuwanie starych pow\u0142ok malarskich&nbsp;<\/td><td>Metr kwadratowy<\/td><td>5,00 z\u0142<\/td><\/tr><tr><td>Monta\u017c 4,3<\/td><td>Opalanie starych pow\u0142ok malarskich&nbsp;<\/td><td>Metr kwadratowy<\/td><td>20,00 z\u0142<\/td><\/tr><tr><td>Monta\u017c 4,4<\/td><td>Usuwanie starych tapet&nbsp;<\/td><td>Metr kwadratowy<\/td><td>5,00 z\u0142<\/td><\/tr><tr><td>Monta\u017c 4,5<\/td><td>Szpachlowanie ubytk\u00f3w , p\u0119kni\u0119\u0107 , zarysowa\u0144&nbsp;<\/td><td>Metr kwadratowy<\/td><td>3,00 z\u0142<\/td><\/tr><tr><td>Monta\u017c 4,6<\/td><td>Naprawa p\u0119kni\u0119\u0107 ( siatka zbrojona i szpachlowanie )&nbsp;<\/td><td>Metr bie\u017c\u0105cy<\/td><td>8,00 z\u0142<\/td><\/tr><tr><td>Monta\u017c 4,7<\/td><td>Naprawa p\u0119kni\u0119\u0107 ( wype\u0142nienie szczelin akrylem )&nbsp;<\/td><td>Metr bie\u017c\u0105cy<\/td><td>5,00 z\u0142<\/td><\/tr><tr><td>Monta\u017c 4,8<\/td><td>Naprawa p\u0119kni\u0119\u0107 ( \u017cywica epoksydowa i szpachlowanie )<\/td><td>Metr bie\u017c\u0105cy<\/td><td>2,00 z\u0142<\/td><\/tr><tr><td>Monta\u017c 4,9<\/td><td>Mycie \u015bcian&nbsp;<\/td><td>Metr bie\u017c\u0105cy<\/td><td>8,00 z\u0142<\/td><\/tr><tr><td>Monta\u017c 4,10<\/td><td>Mycie sufitu<\/td><td>Metr kwadratowy<\/td><td>4,00 z\u0142<\/td><\/tr><tr><td>Monta\u017c 4,11<\/td><td>Naprawa p\u0119kni\u0119\u0107 ( silikonowanie i szpachlowanie )&nbsp;<\/td><td>Metr kwadratowy<\/td><td>5,00 z\u0142<\/td><\/tr><tr><td>Monta\u017c 4,12<\/td><td>Przenoszenie mebli ( jedno pomieszczenie )&nbsp;<\/td><td>Sztuka<\/td><td>50 z\u0142&nbsp;<\/td><\/tr><tr><td>Monta\u017c 4,13<\/td><td>Zabezpieczenie foli\u0105 ( papierem ) gniazdek , w\u0142\u0105cznik\u00f3w , lampy , halogen\u00f3w&nbsp;<\/td><td>Sztuka<\/td><td>5,00 z\u0142<\/td><\/tr><tr><td>Monta\u017c 4,14<\/td><td>Zabezpieczenie foli\u0105 ( papierem ) ma\u0142ych mebli , grzejnika&nbsp;<\/td><td>Sztuka<\/td><td>10,00 z\u0142<\/td><\/tr><tr><td>Monta\u017c 4,15<\/td><td>Zabezpieczenie foli\u0105 ( papierem ) du\u017cych mebli , pod\u0142ogi , okna , drzwi&nbsp;<\/td><td>Sztuka<\/td><td>20,00 z\u0142<\/td><\/tr><tr><td>Monta\u017c 4,16<\/td><td>Sprz\u0105tanie ( skrobanie , zamiatanie , odkurzanie , mycie )&nbsp;<\/td><td>Metr kwadratowy<\/td><td>1,00 z\u0142<\/td><\/tr><tr><td><strong>Monta\u017c 4,17<\/strong><\/td><td><strong>Gruntowanie&nbsp;<\/strong><\/td><td><strong>Indywidualna wycena<\/strong><\/td><td><strong>Indywidualna wycena<\/strong><\/td><\/tr><tr><td>Monta\u017c 4,18<\/td><td>Gruntowanie \u015bcian \u015brodkiem gruntuj\u0105cym&nbsp;<\/td><td>Metr kwadratowy<\/td><td>3,00 z\u0142<\/td><\/tr><tr><td>Monta\u017c 4,19<\/td><td>Gruntowanie sufitu \u015brodkiem gruntuj\u0105cym&nbsp;<\/td><td>Metr kwadratowy<\/td><td>4,00 z\u0142<\/td><\/tr><tr><td>Monta\u017c 4,20<\/td><td>Po\u0142o\u017cenie preparatu antypo\u015blizgowego<\/td><td>Metr kwadratowy<\/td><td>2,00 z\u0142<\/td><\/tr><tr><td>Monta\u017c 4,21<\/td><td>Wykonanie izolacji ( folia w p\u0142ynie )<\/td><td>Metr kwadratowy<\/td><td>5,00 z\u0142<\/td><\/tr><tr><td>Monta\u017c 4,22<\/td><td>Wykonanie hydroizolacji&nbsp;<\/td><td>Metr kwadratowy<\/td><td>10,00 z\u0142<\/td><\/tr><tr><td><strong>Monta\u017c 4,23<\/strong><\/td><td><strong>Malowanie&nbsp;<\/strong><\/td><td><strong>Indywidualna wycena<\/strong><\/td><td><strong>Indywidualna wycena<\/strong><\/td><\/tr><tr><td>Monta\u017c 4,24<\/td><td>Malowanie jednokrotne \u015bcian i sufit\u00f3w farb\u0105 podk\u0142adow\u0105&nbsp;<\/td><td>Metr kwadratowy<\/td><td>5,00 z\u0142<\/td><\/tr><tr><td>Monta\u017c 4,25<\/td><td>Malowanie dwukrotne \u015bcian i sufit\u00f3w farb\u0105 emulsyjn\u0105 ( jeden kolor )&nbsp;<\/td><td>Metr kwadratowy<\/td><td>10,00 z\u0142<\/td><\/tr><tr><td>Monta\u017c 4,26<\/td><td>Malowanie dwukrotne \u015bcian i sufit\u00f3w farb\u0105 emulsyjn\u0105 ( dwa kolor )&nbsp;<\/td><td>Metr kwadratowy<\/td><td>13,00 z\u0142<\/td><\/tr><tr><td>Monta\u017c 4,27<\/td><td>Malowanie dwukrotne \u015bcian i sufit\u00f3w farb\u0105 emulsyjn\u0105 ( trzy i wi\u0119cej kolor\u00f3w )&nbsp;<\/td><td>Metr kwadratowy<\/td><td>13,00 z\u0142<\/td><\/tr><tr><td>Monta\u017c 4,28<\/td><td>Malowanie jednokrotne \u015bcian i sufit\u00f3w farb\u0105 olejn\u0105&nbsp;<\/td><td>Metr kwadratowy<\/td><td>7,00 z\u0142<\/td><\/tr><tr><td>Monta\u017c 4,29<\/td><td>Malowanie grzejnik\u00f3w<\/td><td>Sztuka<\/td><td>50,00 z\u0142<\/td><\/tr><tr><td>Monta\u017c 4,30<\/td><td>Malowanie okien&nbsp;<\/td><td>Sztuka<\/td><td>50,00 z\u0142<\/td><\/tr><tr><td>Monta\u017c 4,31<\/td><td>Malowanie drzwi&nbsp;<\/td><td>Sztuka<\/td><td>40,00 z\u0142<\/td><\/tr><tr><td>Monta\u017c 4,32<\/td><td>Malowanie o\u015bcie\u017cnicy ( futryny )&nbsp;<\/td><td>Sztuka<\/td><td>30,00 z\u0142<\/td><\/tr><tr><td>Monta\u017c 4,33<\/td><td>Malowanie rur wod . &#8211; kan . lub c.o.&nbsp;<\/td><td>Metr bie\u017c\u0105cy<\/td><td>6,00 z\u0142<\/td><\/tr><tr><td>Monta\u017c 4,34<\/td><td>Malowanie parapetu&nbsp;<\/td><td>Sztuka<\/td><td>20,00 z\u0142<\/td><\/tr><tr><td>Monta\u017c 4,35<\/td><td>Malowanie balustrad lub por\u0119czy balkonowych&nbsp;<\/td><td>Metr kwadratowy<\/td><td>20,00 z\u0142<\/td><\/tr><tr><td>Monta\u017c 4,36<\/td><td>Malowanie listew sztukateryjnych&nbsp;<\/td><td>Metr bie\u017c\u0105cy<\/td><td>10,00 z\u0142<\/td><\/tr><tr><td><strong>Monta\u017c 4,37<\/strong><\/td><td><strong>Tapetowanie&nbsp;<\/strong><\/td><td><strong>Indywidualna wycena<\/strong><\/td><td><strong>Indywidualna wycena<\/strong><\/td><\/tr><tr><td>Monta\u017c 4,38<\/td><td>Tapetowanie \u015bcian&nbsp;<\/td><td>Metr kwadratowy<\/td><td>15,00 z\u0142<\/td><\/tr><tr><td>Monta\u017c 4,39<\/td><td>Tapetowanie \u015bcian z dopasowaniem wzor\u00f3w&nbsp;<\/td><td>Metr kwadratowy<\/td><td>18,00 z\u0142<\/td><\/tr><tr><td>Monta\u017c 4,40<\/td><td>Tapetowanie \u015bcian ( tapeta z w\u0142\u00f3kna szklanego )&nbsp;<\/td><td>Metr kwadratowy<\/td><td>25,00 z\u0142<\/td><\/tr><tr><td>Monta\u017c 4,41<\/td><td>Tapetowanie sufit\u00f3w&nbsp;<\/td><td>Metr kwadratowy<\/td><td>25,00 z\u0142<\/td><\/tr><tr><td>Monta\u017c 4,42<\/td><td>Przyklejenie bordy ( paska ozdobnego )<\/td><td>Metr bie\u017c\u0105cy<\/td><td>2,00 z\u0142<\/td><\/tr><tr><td><strong>Monta\u017c 4,43<\/strong><\/td><td><strong>Prace dodatkowe&nbsp;<\/strong><\/td><td><strong>Indywidualna wycena<\/strong><\/td><td><strong>Indywidualna wycena<\/strong><\/td><\/tr><tr><td>Monta\u017c 4,44<\/td><td>Monta\u017c karnisza&nbsp;<\/td><td>Sztuka<\/td><td>30,00 z\u0142<\/td><\/tr><tr><td>Monta\u017c 4,45<\/td><td>Monta\u017c lustra&nbsp;<\/td><td>Metr kwadratowy<\/td><td>50,00 z\u0142<\/td><\/tr><tr><td>Monta\u017c 4,46<\/td><td>Monta\u017c p\u00f3\u0142ki , wieszaka&nbsp;<\/td><td>Sztuka<\/td><td>25,00 z\u0142<\/td><\/tr><tr><td>Monta\u017c 4,47<\/td><td>Monta\u017c dodatk\u00f3w ma ko\u0142ki rozporowe ( obraz , lustro )<\/td><td>Sztuka<\/td><td>10,00 z\u0142<\/td><\/tr><\/tbody><\/table><\/figure>\n","protected":false},"excerpt":{"rendered":"<p>NUMER US\u0141UGI NAZWA US\u0141UGI JEDNOSTKA CENA Monta\u017c 4,1 Us\u0142ugi przygotowawcze&nbsp; Indywidualna wycena Indywidualna wycena Monta\u017c 4,2 Usuwanie starych pow\u0142ok malarskich&nbsp;<\/p>\n","protected":false},"author":1,"featured_media":0,"parent":0,"menu_order":0,"comment_status":"closed","ping_status":"closed","template":"","meta":{"colormag_page_container_layout":"no_sidebar_full_width","colormag_page_sidebar_layout":"no_sidebar","footnotes":""},"class_list":["post-69","page","type-page","status-publish","hentry"],"_links":{"self":[{"href":"https:\/\/teamprofessional.pl\/teamprofessional\/index.php?rest_route=\/wp\/v2\/pages\/69","targetHints":{"allow":["GET"]}}],"collection":[{"href":"https:\/\/teamprofessional.pl\/teamprofessional\/index.php?rest_route=\/wp\/v2\/pages"}],"about":[{"href":"https:\/\/teamprofessional.pl\/teamprofessional\/index.php?rest_route=\/wp\/v2\/types\/page"}],"author":[{"embeddable":true,"href":"https:\/\/teamprofessional.pl\/teamprofessional\/index.php?rest_route=\/wp\/v2\/users\/1"}],"replies":[{"embeddable":true,"href":"https:\/\/teamprofessional.pl\/teamprofessional\/index.php?rest_route=%2Fwp%2Fv2%2Fcomments&post=69"}],"version-history":[{"count":2,"href":"https:\/\/teamprofessional.pl\/teamprofessional\/index.php?rest_route=\/wp\/v2\/pages\/69\/revisions"}],"predecessor-version":[{"id":502,"href":"https:\/\/teamprofessional.pl\/teamprofessional\/index.php?rest_route=\/wp\/v2\/pages\/69\/revisions\/502"}],"wp:attachment":[{"href":"https:\/\/teamprofessional.pl\/teamprofessional\/index.php?rest_route=%2Fwp%2Fv2%2Fmedia&parent=69"}],"curies":[{"name":"wp","href":"https:\/\/api.w.org\/{rel}","templated":true}]}}