{"id":66,"date":"2023-01-07T21:03:19","date_gmt":"2023-01-07T20:03:19","guid":{"rendered":"https:\/\/teamprofessional.pl\/teamprofessional\/?page_id=66"},"modified":"2023-10-12T18:24:10","modified_gmt":"2023-10-12T17:24:10","slug":"usluga-zabudowy-z-karton-gipsu-c","status":"publish","type":"page","link":"https:\/\/teamprofessional.pl\/teamprofessional\/?page_id=66","title":{"rendered":"US\u0141UGA ZABUDOWY Z KARTON GIPSU"},"content":{"rendered":"\n<figure class=\"wp-block-table is-style-stripes has-medium-font-size\"><table style=\"border-width:4px\"><thead><tr><th><strong>NUMER US\u0141UGI<\/strong><\/th><th><strong>NUMER US\u0141UGI<\/strong><\/th><th><strong><strong>JEDNOSTKA<\/strong><\/strong><\/th><th><strong>CENA<\/strong><\/th><\/tr><\/thead><tbody><tr><td><strong>Monta\u017c 3,1<\/strong><\/td><td><strong>Cennik Zabudowa gipsowo-kartonowa<\/strong><\/td><td><strong>Indywidualna wycena<\/strong><\/td><td><strong>Indywidualna wycena<\/strong><\/td><\/tr><tr><td>Monta\u017c 3,2<\/td><td>Usuni\u0119cie tynku ze \u015bcian<\/td><td>Metr kwadratowy<\/td><td>15,00 z\u0142<\/td><\/tr><tr><td>Monta\u017c 3,3<\/td><td>Usuni\u0119cie tynku ze \u015bcian z wyniesieniem do kontenera<\/td><td>Metr kwadratowy<\/td><td>25,00 z\u0142<\/td><\/tr><tr><td>Monta\u017c 3,4<\/td><td>Usuni\u0119cie tynku z sufitu<\/td><td>Metr kwadratowy<\/td><td>20,00 z\u0142<\/td><\/tr><tr><td>Monta\u017c 3,5<\/td><td>Usuni\u0119cie tynku z sufitu z wyniesieniem do kontenera<\/td><td>Metr kwadratowy<\/td><td>30,00 z\u0142<\/td><\/tr><tr><td>Monta\u017c 3,6<\/td><td>Szpachlowanie ubytk\u00f3w , p\u0119kni\u0119\u0107 , zarysowa\u0144<\/td><td>Metr kwadratowy<\/td><td>3,00 z\u0142<\/td><\/tr><tr><td>Monta\u017c 3,7<\/td><td>Naprawa p\u0119kni\u0119\u0107 ( siatka zbrojona i szpachlowanie )<\/td><td>Metr bie\u017c\u0105cy<\/td><td>8,00 z\u0142<\/td><\/tr><tr><td>Monta\u017c 3,8<\/td><td>Naprawa p\u0119kni\u0119\u0107 ( silikonowanie i szpachlowanie )<\/td><td>Metr bie\u017c\u0105cy<\/td><td>5,00 z\u0142<\/td><\/tr><tr><td>Monta\u017c 3,9<\/td><td>Naprawa p\u0119kni\u0119\u0107 ( wype\u0142nienie szczelin akrylem )<\/td><td>Metr bie\u017c\u0105cy<\/td><td>2,00 z\u0142<\/td><\/tr><tr><td>Monta\u017c 3,10<\/td><td>Naprawa p\u0119kni\u0119\u0107 ( \u017cywica epoksydowa i szpachlowanie )<\/td><td>Metr bie\u017c\u0105cy<\/td><td>8,00 z\u0142<\/td><\/tr><tr><td>Monta\u017c 3,11<\/td><td>Przenoszenie mebli ( jedno pomieszczenie )<\/td><td>Sztuka<\/td><td>50,00 z\u0142<\/td><\/tr><tr><td>Monta\u017c 3,12<\/td><td>Zabezpieczenie foli\u0105 mebli , pod\u0142\u00f3g , okien , drzwi<\/td><td>Sztuka<\/td><td>10,00 z\u0142<\/td><\/tr><tr><td>Monta\u017c 3,13<\/td><td>Zabezpieczenie foli\u0105 ( papierem ) gniazdek , w\u0142\u0105cznik\u00f3w , lampy , halogen\u00f3w<\/td><td>Sztuka<\/td><td>5,00 z\u0142<\/td><\/tr><tr><td>Monta\u017c 3,14<\/td><td>Zabezpieczenie foli\u0105 ( papierem ) ma\u0142ych mebli , grzejnika<\/td><td>Sztuka<\/td><td>10,00 z\u0142<\/td><\/tr><tr><td>Monta\u017c 3,15<\/td><td>Zabezpieczenie foli\u0105 ( papierem ) du\u017cych mohli<\/td><td>Sztuka<\/td><td>10,00 z\u0142<\/td><\/tr><tr><td>Monta\u017c 3,16<\/td><td>Sprz\u0105tanie ( skrobanie , zamiatanie , odkurzanie , mycie )<\/td><td>Metr kwadratowy<\/td><td>1,00 z\u0142<\/td><\/tr><tr><td><strong>Monta\u017c 3,17<\/strong><\/td><td><strong>Cennik Gruntowanie<\/strong><\/td><td><strong>Indywidualna wycena<\/strong><\/td><td><strong>Indywidualna wycena<\/strong><\/td><\/tr><tr><td>Monta\u017c 3,18<\/td><td>Gruntowanie \u015bcian \u015brodkiem gruntuj\u0105cym<\/td><td>Metr kwadratowy<\/td><td>3,00 z\u0142<\/td><\/tr><tr><td>Monta\u017c 3,19<\/td><td>Gruntowanie sufitu \u015brodkiem gruntuj\u0105cym<\/td><td>Metr kwadratowy<\/td><td>4,00 z\u0142<\/td><\/tr><tr><td>Monta\u017c 3,20<\/td><td>Po\u0142o\u017cenie preparatu antypo\u015blizgowego<\/td><td>Metr kwadratowy<\/td><td>2,00 z\u0142<\/td><\/tr><tr><td>Monta\u017c 3,21<\/td><td>Wykonanie izolacji ( folia w p\u0142ynie )<\/td><td>Metr kwadratowy<\/td><td>5,00 z\u0142<\/td><\/tr><tr><td>Monta\u017c 3,22<\/td><td>Wykonanie hydroizolacji<\/td><td>Metr kwadratowy<\/td><td>10,00 z\u0142<\/td><\/tr><tr><td>Monta\u017c 3,23<\/td><td>Usuwanie ple\u015bni i grzyba preparatami chemicznymi<\/td><td>Pomieszczenie<\/td><td>300,00 z\u0142<\/td><\/tr><tr><td><strong>Monta\u017c 3,24<\/strong><\/td><td><strong>Cennik Zabudowa gipsowo &#8211; kartonowa<\/strong><\/td><td><strong>Indywidualna wycena<\/strong><\/td><td><strong>Indywidualna wycena<\/strong><\/td><\/tr><tr><td>Monta\u017c 3,25<\/td><td>Monta\u017c stela\u017ca \u015bciennego<\/td><td>Metr kwadratowy<\/td><td>25,00 z\u0142<\/td><\/tr><tr><td>Monta\u017c 3,26<\/td><td>Monta\u017c p\u0142yt k &#8211; g na stela\u017cu \u015bciennym na wkr\u0119ty<\/td><td>Metr kwadratowy<\/td><td>25,00 z\u0142<\/td><\/tr><tr><td>Monta\u017c 3,27<\/td><td>Monta\u017c p\u0142yt k &#8211; g na klej<\/td><td>Metr kwadratowy<\/td><td>30,00 z\u0142<\/td><\/tr><tr><td>Monta\u017c 3,28<\/td><td>Monta\u017c \u015bcianki dzia\u0142owej z p\u0142yt stela\u017cu bez wyg\u0142uszenia &#8211; op\u0142ytowanie jednostronne jednowarstwowe<\/td><td>Metr kwadratowy<\/td><td>50 z\u0142&nbsp;<\/td><\/tr><tr><td>Monta\u017c 3,29<\/td><td>Monta\u017c \u015bcianki dzia\u0142owej z p\u0142yt stela\u017cu z wyg\u0142uszeniem &#8211; op\u0142ytowanie jednostronne jednowarstwowe<\/td><td>Metr kwadratowy<\/td><td>65,00 z\u0142<\/td><\/tr><tr><td>Monta\u017c 3,30<\/td><td>Monta\u017c \u015bcianki dzia\u0142owej z p\u0142yt stela\u017cu bez wyg\u0142uszeniem &#8211; op\u0142ytowanie dwustronne jednowarstwowe<\/td><td>Metr kwadratowy<\/td><td>75,00 z\u0142<\/td><\/tr><tr><td>Monta\u017c 3,31<\/td><td>Monta\u017c \u015bcianki dzia\u0142owej z p\u0142yt stela\u017cu z wyg\u0142uszeniem &#8211; op\u0142ytowanie dwustronne jednowarstwowe<\/td><td>Metr kwadratowy<\/td><td>80,00 z\u0142<\/td><\/tr><tr><td>Monta\u017c 3,32<\/td><td>Monta\u017c stela\u017ca syfitowego<\/td><td>Metr kwadratowy<\/td><td>30,00 z\u0142<\/td><\/tr><tr><td>Monta\u017c 3,33<\/td><td>Monta\u017c sufitu podwieszanego prostego z p\u0142yt g &#8211; k na stela\u017cu<\/td><td>Metr kwadratowy<\/td><td>70,00 z\u0142<\/td><\/tr><tr><td>Monta\u017c 3,34<\/td><td>Monta\u017c sufitu podwieszanego o r\u00f3\u017cnych kszta\u0142tach z p\u0142yt g &#8211; k na stela\u017cu stela\u017cu<\/td><td>Metr kwadratowy<\/td><td>100,00 z\u0142<\/td><\/tr><tr><td>Monta\u017c 3,35<\/td><td>Monta\u017c sufitu podwieszanego dwupoziomowego z p\u0142yt g &#8211; k na stela\u017cu<\/td><td>Metr kwadratowy<\/td><td>75,00 z\u0142<\/td><\/tr><tr><td>Monta\u017c 3,36<\/td><td>Monta\u017c sufitu podwieszanego kasetonowego ( rastrowy , Armstrong Tetmathex )<\/td><td>Metr kwadratowy<\/td><td>50,00 z\u0142<\/td><\/tr><tr><td>Monta\u017c 3,37<\/td><td>Wykonanie gzymsu prosty<\/td><td>Metr bie\u017c\u0105cy<\/td><td>60,00 z\u0142<\/td><\/tr><tr><td>Monta\u017c 3,38<\/td><td>Wykonanie gzymsu &#8211; podci\u0119cie LED<\/td><td>Metr bie\u017c\u0105cy<\/td><td>80,00 z\u0142<\/td><\/tr><tr><td>Monta\u017c 3,39<\/td><td>Wykonanie gzymsu po \u0142uku &#8211; prosty<\/td><td>Metr bie\u017c\u0105cy<\/td><td>100,00 z\u0142<\/td><\/tr><tr><td>Monta\u017c 3,40<\/td><td>Wykonanie gzymsu po \u0142uku &#8211; podci\u0119cie na LED<\/td><td>Metr bie\u017c\u0105cy<\/td><td>120,00 z\u0142<\/td><\/tr><tr><td>Monta\u017c 3,41<\/td><td>Wykonanie wpustu na karnisz<\/td><td>Metr kwadratowy<\/td><td>100,00 z\u0142<\/td><\/tr><tr><td>Monta\u017c 3,42<\/td><td>Zabudowy nietypowe z elemen \u0142ukowymi<\/td><td>Metr kwadratowy<\/td><td>80,00 z\u0142<\/td><\/tr><tr><td>Monta\u017c 3,43<\/td><td>Zabudowy dekoracyjne prostoliniowe<\/td><td>Metr kwadratowy<\/td><td>80,00 z\u0142<\/td><\/tr><tr><td>Monta\u017c 3,44<\/td><td>Zabudowy dekoracyjne \u0142ukowe<\/td><td>Metr bie\u017c\u0105cy<\/td><td>100,00 z\u0142<\/td><\/tr><tr><td>Monta\u017c 3,45<\/td><td>Zabudowa rur centralnego ogrzewania i pion\u00f3w kanalizacy ( kowery )<\/td><td>Metr bie\u017c\u0105cy<\/td><td>40,00 z\u0142<\/td><\/tr><tr><td>Monta\u017c 3,46<\/td><td>Szpachlowanie \u0142\u0105cze\u0144 p\u0142yt z siat zbrojon\u0119<\/td><td>Metr kwadratowy<\/td><td>8,00 z\u0142<\/td><\/tr><tr><td>Monta\u017c 3,47<\/td><td>Monta\u017c wzmacniaj\u0105cych naro\u017cn aluminiowych<\/td><td>Metr bie\u017c\u0105cy<\/td><td>4,00 z\u0142<\/td><\/tr><tr><td>Monta\u017c 3,48<\/td><td>Szpachlowanie wzmacniaj\u0105cych naro\u017cnik\u00f3w aluminiowych<\/td><td>Metr bie\u017c\u0105cy<\/td><td>12,00 z\u0142<\/td><\/tr><tr><td>Monta\u017c 3,49<\/td><td>Po\u0142o\u017cenie g\u0142adzi gipsowej na ca\u0142ej powierzchni p\u0142yt<\/td><td>Metr kwadratowy<\/td><td>12,00 z\u0142<\/td><\/tr><tr><td>Monta\u017c 3,50<\/td><td>Akrylowanie naro\u017cnik\u00f3w<\/td><td>Metr bie\u017c\u0105cy<\/td><td>4,00 z\u0142<\/td><\/tr><tr><td>Monta\u017c 3,51<\/td><td>Monta\u017c listew sztukateryjnych<\/td><td>Metr bie\u017c\u0105cy<\/td><td>7,00 z\u0142<\/td><\/tr><tr><td>Monta\u017c 3,52<\/td><td>Monta\u017c rewizora<\/td><td>Sztuka<\/td><td>30,00 z\u0142<\/td><\/tr><tr><td>Monta\u017c 3,53<\/td><td>Monta\u017c sztukaterii<\/td><td>Sztuka<\/td><td>30,00 z\u0142<\/td><\/tr><tr><td>Monta\u017c 3,54<\/td><td>Wykonanie otworu na drzwi w \u015bciance z p\u0142yt g &#8211; k<\/td><td>Sztuka<\/td><td>50 z\u0142&nbsp;<\/td><\/tr><tr><td><strong>Monta\u017c 3,55<\/strong><\/td><td><strong>Cennik G\u0142adzie gipsowe<\/strong><\/td><td><strong>Indywidualna wycena<\/strong><\/td><td><strong>Indywidualna wycena<\/strong><\/td><\/tr><tr><td>Monta\u017c 3,56<\/td><td>Wykonanie g\u0142adzi gipsowej ( jednokrotne ) Siniat , Omega , Knauff , Cekol , Megaron<\/td><td>Metr kwadratowy<\/td><td>25,00 z\u0142<\/td><\/tr><tr><td>Monta\u017c 3,57<\/td><td>Wykonanie g\u0142adzi gipsowej ( dwukrotne ) Siniat , Omega , Knauff , Cekol , Megaron<\/td><td>Metr kwadratowy<\/td><td>30,00 z\u0142<\/td><\/tr><tr><td>Monta\u017c 3,58<\/td><td>Wykonanie g\u0142adzi gipsowej ( trzykrotne ) Siniat , Omega , Knauff , Cekol , Megaron<\/td><td>Metr kwadratowy<\/td><td>45,00 z\u0142<\/td><\/tr><tr><td>Monta\u017c 3,59<\/td><td>Na\u0142o\u017cenie warstwy wyr\u00f3wnuj\u0105cej pod g\u0142adzie ( przy bardzo nier\u00f3wnych \u015bcianach )<\/td><td>Metr kwadratowy<\/td><td>8,00 z\u0142<\/td><\/tr><tr><td>Monta\u017c 3,60<\/td><td>Wyr\u00f3wnywanie krzywych naro\u017cy<\/td><td>Metr bie\u017c\u0105cy<\/td><td>15,00 z\u0142<\/td><\/tr><tr><td>Monta\u017c 3,61<\/td><td>Obsadzanie naro\u017cnik\u00f3w aluminiowych<\/td><td>Metr bie\u017c\u0105cy<\/td><td>8,00 z\u0142<\/td><\/tr><tr><td><strong>Monta\u017c 3,62<\/strong><\/td><td><strong>Cennik Tynki wewn\u0119trzne<\/strong><\/td><td><strong>Indywidualna wycena<\/strong><\/td><td><strong>Indywidualna wycena<\/strong><\/td><\/tr><tr><td>Monta\u017c 3,63<\/td><td>Po\u0142o\u017cenie Stiuku syntetyczne ( akrylowe ) , mineralne ( wapienne )<\/td><td>Metr kwadratowy<\/td><td>40,00 z\u0142<\/td><\/tr><tr><td>Monta\u017c 3,64<\/td><td>Po\u0142o\u017cenie tynku akrylowego<\/td><td>Metr kwadratowy<\/td><td>15,00 z\u0142<\/td><\/tr><tr><td>Monta\u017c 3,65<\/td><td>Po\u0142o\u017cenie tynku mineralnego<\/td><td>Metr kwadratowy<\/td><td>30,00 z\u0142<\/td><\/tr><tr><td>Monta\u017c 3,66<\/td><td>Po\u0142o\u017cenie tynku silikonowo silikatowego<\/td><td>Metr kwadratowy<\/td><td>18,00 z\u0142<\/td><\/tr><tr><td>Monta\u017c 3,67<\/td><td>Po\u0142o\u017cenie tynku silikonowego<\/td><td>Metr kwadratowy<\/td><td>18,00 z\u0142<\/td><\/tr><tr><td>Monta\u017c 3,68<\/td><td>Po\u0142o\u017cenie tynku dekoracyjne<\/td><td>Metr kwadratowy<\/td><td>20,00 z\u0142<\/td><\/tr><tr><td>Monta\u017c 3,69<\/td><td>Tynki ozdobne<\/td><td>Metr kwadratowy<\/td><td>40,00 z\u0142<\/td><\/tr><tr><td><strong>Monta\u017c 3,70<\/strong><\/td><td><strong>Cennik Murowanie<\/strong><\/td><td><strong>Indywidualna wycena<\/strong><\/td><td><strong>Indywidualna wycena<\/strong><\/td><\/tr><tr><td>Monta\u017c 3,71<\/td><td>Murowanie \u015bcianek z bloczk\u00f3w Ytong , Porotherm , Suporex<\/td><td>Metr kwadratowy<\/td><td>30,00 z\u0142<\/td><\/tr><tr><td>Monta\u017c 3,72<\/td><td>Murowanie \u015bcianek z ceg\u0142y<\/td><td>Metr kwadratowy<\/td><td>32,00 z\u0142<\/td><\/tr><tr><td>Monta\u017c 3,73<\/td><td>Wylewka samopoziomuj\u0105ca o gr . do 5 mm<\/td><td>Metr kwadratowy<\/td><td>12,00 z\u0142<\/td><\/tr><tr><td>Monta\u017c 3,74<\/td><td>Wylewka samopoziomuj\u0105ca o gr . powyzej 5 mm<\/td><td>Metr kwadratowy<\/td><td>18,00 z\u0142<\/td><\/tr><tr><td>Monta\u017c 3,75<\/td><td>Uk\u0142adanie luksfer\u00f3w<\/td><td>Metr kwadratowy<\/td><td>50,00 z\u0142<\/td><\/tr><tr><td>Monta\u017c 3,76<\/td><td>Szpachlowanie bruzd po robotach elektrycznych i hydraulicznych<\/td><td>Metr bie\u017c\u0105cy<\/td><td>10,00 z\u0142<\/td><\/tr><tr><td>Monta\u017c 3,77<\/td><td>Obr\u00f3bka otwor\u00f3w okiennych i drzwiowych<\/td><td>Metr bie\u017c\u0105cy<\/td><td>10,00 z\u0142<\/td><\/tr><tr><td><strong>Monta\u017c 3,78<\/strong><\/td><td><strong>Cennik Wybu\u017cenia<\/strong><\/td><td><strong>Indywidualna wycena<\/strong><\/td><td><strong>Indywidualna wycena<\/strong><\/td><\/tr><tr><td>Monta\u017c 3,79<\/td><td>Wyburzanie \u015bciany z ceg\u0142y do grubo\u015bci 20 cm<\/td><td>Metr kwadratowy<\/td><td>50,00 z\u0142<\/td><\/tr><tr><td>Monta\u017c 3,80<\/td><td>Wyburzanie \u015bciany z ceg\u0142y do grubo\u015bci 20 cm z wyniesieniem gruzu do kontenera<\/td><td>Metr kwadratowy<\/td><td>80,00 z\u0142<\/td><\/tr><tr><td>Monta\u017c 3,81<\/td><td>Wyburzanie \u015bciany z ceg\u0142y powy\u017cej grubo\u015bci 20 cm<\/td><td>Metr kwadratowy<\/td><td>60,00 z\u0142<\/td><\/tr><tr><td>Monta\u017c 3,82<\/td><td>Wyburzanie \u015bciany z ceg\u0142y powy\u017cej grubo\u015bci 20 cm z wyniesieniem<\/td><td>Metr kwadratowy<\/td><td>90,00 z\u0142<\/td><\/tr><tr><td>Monta\u017c 3,83<\/td><td>Wyburzanie \u015bciany betonowej do grubo\u015bci 20 cm<\/td><td>Metr kwadratowy<\/td><td>200,00 z\u0142<\/td><\/tr><tr><td>Monta\u017c 3,84<\/td><td>Wyburzanie \u015bciany betonowej do grubo\u015bci 20 cm z wyniesieniem gruzu do kontenera<\/td><td>Metr kwadratowy<\/td><td>270,00 z\u0142<\/td><\/tr><tr><td>Monta\u017c 3,85<\/td><td>Wyburzanie \u015bciany betonowej powy\u017cej grubo\u015bci 20 cm<\/td><td>Metr kwadratowy<\/td><td>300,00 z\u0142<\/td><\/tr><tr><td>Monta\u017c 3,86<\/td><td>Wyburzanie \u015bciany betonowej powy\u017cej grubo\u015bci 20 cm z wyniesieniem gruzu do kontenera<\/td><td>Metr kwadratowy<\/td><td>400,00 z\u0142<\/td><\/tr><\/tbody><\/table><\/figure>\n","protected":false},"excerpt":{"rendered":"<p>NUMER US\u0141UGI NUMER US\u0141UGI JEDNOSTKA CENA Monta\u017c 3,1 Cennik Zabudowa gipsowo-kartonowa Indywidualna wycena Indywidualna wycena Monta\u017c 3,2 Usuni\u0119cie tynku ze<\/p>\n","protected":false},"author":1,"featured_media":0,"parent":0,"menu_order":0,"comment_status":"closed","ping_status":"closed","template":"","meta":{"colormag_page_container_layout":"no_sidebar_full_width","colormag_page_sidebar_layout":"no_sidebar","footnotes":""},"class_list":["post-66","page","type-page","status-publish","hentry"],"_links":{"self":[{"href":"https:\/\/teamprofessional.pl\/teamprofessional\/index.php?rest_route=\/wp\/v2\/pages\/66","targetHints":{"allow":["GET"]}}],"collection":[{"href":"https:\/\/teamprofessional.pl\/teamprofessional\/index.php?rest_route=\/wp\/v2\/pages"}],"about":[{"href":"https:\/\/teamprofessional.pl\/teamprofessional\/index.php?rest_route=\/wp\/v2\/types\/page"}],"author":[{"embeddable":true,"href":"https:\/\/teamprofessional.pl\/teamprofessional\/index.php?rest_route=\/wp\/v2\/users\/1"}],"replies":[{"embeddable":true,"href":"https:\/\/teamprofessional.pl\/teamprofessional\/index.php?rest_route=%2Fwp%2Fv2%2Fcomments&post=66"}],"version-history":[{"count":5,"href":"https:\/\/teamprofessional.pl\/teamprofessional\/index.php?rest_route=\/wp\/v2\/pages\/66\/revisions"}],"predecessor-version":[{"id":498,"href":"https:\/\/teamprofessional.pl\/teamprofessional\/index.php?rest_route=\/wp\/v2\/pages\/66\/revisions\/498"}],"wp:attachment":[{"href":"https:\/\/teamprofessional.pl\/teamprofessional\/index.php?rest_route=%2Fwp%2Fv2%2Fmedia&parent=66"}],"curies":[{"name":"wp","href":"https:\/\/api.w.org\/{rel}","templated":true}]}}