{"id":63,"date":"2023-01-07T21:02:53","date_gmt":"2023-01-07T20:02:53","guid":{"rendered":"https:\/\/teamprofessional.pl\/teamprofessional\/?page_id=63"},"modified":"2023-10-12T18:24:53","modified_gmt":"2023-10-12T17:24:53","slug":"usluga-hydrauliczna-c","status":"publish","type":"page","link":"https:\/\/teamprofessional.pl\/teamprofessional\/?page_id=63","title":{"rendered":"\u00a0US\u0141UGA HYDRAULICZNA"},"content":{"rendered":"\n<figure class=\"wp-block-table is-style-stripes has-medium-font-size\"><table style=\"border-width:4px\"><thead><tr><th><strong>NUMER US\u0141UGI<\/strong><\/th><th><strong>NAZWA US\u0141UGI<\/strong><\/th><th><strong>JEDNOSTKA<\/strong><\/th><th><strong>CENA<\/strong><\/th><\/tr><\/thead><tbody><tr><td><strong>Monta\u017c 2,1<\/strong><\/td><td><strong>Cennik Instalacja kanalizacyjna<\/strong><\/td><td><strong>Indywidualna wycena<\/strong><\/td><td><strong>Indywidualna wycena<\/strong><\/td><\/tr><tr><td>Monta\u017c 2,2<\/td><td>Wykonanie przy\u0142\u0105cza kanalizacyjnego<\/td><td>Sztuka<\/td><td>300,00 z\u0142<\/td><\/tr><tr><td>Monta\u017c 2,3<\/td><td>Monta\u017c studzienki kanalizacyjnej z tworzywa sztucznego&nbsp;<\/td><td>Sztuka<\/td><td>400,00 z\u0142<\/td><\/tr><tr><td>Monta\u017c 2,4<\/td><td>Monta\u017c studzienki kanalizacyjnej z betonu<\/td><td>Sztuka<\/td><td>500,00 z\u0142<\/td><\/tr><tr><td>Monta\u017c 2,5<\/td><td>Wykonanie pionu kanalizacyjnego<\/td><td>Punkt<\/td><td>150,00 z\u0142<\/td><\/tr><tr><td>Monta\u017c 2,6<\/td><td>Wykonanie poziomu kanalizacyjnego<\/td><td>Punkt<\/td><td>150,00 z\u0142<\/td><\/tr><tr><td>Monta\u017c 2,7<\/td><td>Wykonanie odej\u015bcia kanalizacyjnego<\/td><td>Punkt<\/td><td>100,00 z\u0142<\/td><\/tr><tr><td>Monta\u017c 2,8<\/td><td>Wykonanie punktu instalacji kanalizacyjnej<\/td><td>Punkt<\/td><td>80,00 z\u0142<\/td><\/tr><tr><td>Monta\u017c 2,9<\/td><td>Monta\u017c rewizji kanalizacyjnej<\/td><td>Punkt<\/td><td>50,00 z\u0142<\/td><\/tr><tr><td>Monta\u017c 2,10<\/td><td>Monta\u017c napowietrznika kanalizacyjnego<\/td><td>Punkt<\/td><td>100,00 z\u0142<\/td><\/tr><tr><td>Monta\u017c 2,11<\/td><td>Demonta\u017c odej\u015bcia kanalizacyjnego<\/td><td>Punkt<\/td><td>50 z\u0142&nbsp;<\/td><\/tr><tr><td><strong>Monta\u017c 2,12<\/strong><\/td><td><strong>&nbsp;Cennik Instalacja wodna<\/strong><\/td><td><strong>Indywidualna wycena<\/strong><\/td><td><strong>Indywidualna wycena<\/strong><\/td><\/tr><tr><td>Monta\u017c 2,13<\/td><td>Wykonanie przy\u0142\u0105cza wodnego<\/td><td>Sztuka<\/td><td>400,00 z\u0142<\/td><\/tr><tr><td>Monta\u017c 2,14<\/td><td>Wykonanie punktu instalacji wodnej PP<\/td><td>Punkt<\/td><td>100,00 z\u0142<\/td><\/tr><tr><td>Monta\u017c 2,15<\/td><td>Wykonanie punktu instalacji wodnej Alu &#8211; Pex<\/td><td>Punkt<\/td><td>100,00 z\u0142<\/td><\/tr><tr><td>Monta\u017c 2,16<\/td><td>Wykonanie punktu instalacji wodnej TECEflex<\/td><td>Punkt<\/td><td>100,00 z\u0142<\/td><\/tr><tr><td>Monta\u017c 2,17<\/td><td>Wykonanie punktu instalacji wodnej z miedzi<\/td><td>Punkt<\/td><td>120,00 z\u0142<\/td><\/tr><tr><td>Monta\u017c 2,18<\/td><td>Wykonanie punktu instalacji wodnej ze stali<\/td><td>Punkt<\/td><td>130,00 z\u0142<\/td><\/tr><tr><td>Monta\u017c 2,19<\/td><td>Demonta\u017c punkt\u00f3w instalacji wodnej<\/td><td>Punkt<\/td><td>50 z\u0142&nbsp;<\/td><\/tr><tr><td>Monta\u017c 2,20<\/td><td>Demonta\u017c starej instalacji hydraulicznej ( rury )<\/td><td>Metr bie\u017c\u0105cy<\/td><td>20,00 z\u0142<\/td><\/tr><tr><td>Monta\u017c 2,21<\/td><td>Monta\u017c zestawu hydroforowego<\/td><td>Sztuka<\/td><td>200,00 z\u0142<\/td><\/tr><tr><td>Monta\u017c 2,22<\/td><td>Monta\u017c mieszacza podtynkowego , przy\u0142\u0105cza do deszczownicy i s\u0142uchawki prysznicowej<\/td><td>Sztuka<\/td><td>200,00 z\u0142<\/td><\/tr><tr><td>Monta\u017c 2,23<\/td><td>Monta\u017c mieszacza podtynkowego z termostatem i przy\u0142\u0105cza do deszczownicy i s\u0142uchawki prysznicowej<\/td><td>Sztuka<\/td><td>220,00 z\u0142<\/td><\/tr><tr><td>Monta\u017c 2,24<\/td><td>Monta\u017c bojlera elektrycznego<\/td><td>Sztuka<\/td><td>200,00 z\u0142<\/td><\/tr><tr><td>Monta\u017c 2,25<\/td><td>Instalacja zaworu podtynkowego<\/td><td>Sztuka<\/td><td>200,00 z\u0142<\/td><\/tr><tr><td>Monta\u017c 2,26<\/td><td>Odpowietrzenie kanalizacji<\/td><td>Punkt<\/td><td>50 z\u0142&nbsp;<\/td><\/tr><tr><td>Monta\u017c 2,27<\/td><td>Monta\u017c wodomierza<\/td><td>Sztuka<\/td><td>75,00 z\u0142<\/td><\/tr><tr><td><strong>Monta\u017c 2,28<\/strong><\/td><td><strong>Cennik Instalacja C.O. ( centralnego ogrzewania )<\/strong><\/td><td><strong>Indywidualna wycena<\/strong><\/td><td><strong>Indywidualna wycena<\/strong><\/td><\/tr><tr><td>Monta\u017c 2,29<\/td><td>Wykonanie podej\u015bcia centralnego ogrzewania PP<\/td><td>Indywidualna wycena<\/td><td>100,00 z\u0142<\/td><\/tr><tr><td>Monta\u017c 2,30<\/td><td>Wykonanie podej\u015bcia centralnego ogrzewania Alu &#8211; Pex<\/td><td>Punkt<\/td><td>100,00 z\u0142<\/td><\/tr><tr><td>Monta\u017c 2,31<\/td><td>Wykonanie podej\u015bcia centralnego ogrzewania z miedzi<\/td><td>Punkt<\/td><td>120,00 z\u0142<\/td><\/tr><tr><td>Monta\u017c 2,32<\/td><td>Wykonanie podej\u015bcia centralnego ogrzewania ze stali<\/td><td>Punkt<\/td><td>130,00 z\u0142<\/td><\/tr><tr><td>Monta\u017c 2,33<\/td><td>Monta\u017c grzejnika<\/td><td>Sztuka<\/td><td>50,00 z\u0142<\/td><\/tr><tr><td>Monta\u017c 2,34<\/td><td>Demonta\u017c grzejnika<\/td><td>Sztuka<\/td><td>50 z\u0142&nbsp;<\/td><\/tr><tr><td>Monta\u017c 2,35<\/td><td>Monta\u017c szafki i rozdzielacza C.O.&nbsp;<\/td><td>Sztuka<\/td><td>200,00 z\u0142<\/td><\/tr><tr><td>Monta\u017c 2,36<\/td><td>Monta\u017c szafki i rozdzielacza ogrzewania pod\u0142ogowego<\/td><td>Sztuka<\/td><td>350,00 z\u0142<\/td><\/tr><tr><td>Monta\u017c 2,37<\/td><td>Monta\u017c zaworu RTL<\/td><td>Sztuka<\/td><td>350,00 z\u0142<\/td><\/tr><tr><td>Monta\u017c 2,38<\/td><td>Wykonanie pionu C.O. lub pod\u0142ogowego<\/td><td>Sztuka<\/td><td>150,00 z\u0142<\/td><\/tr><tr><td>Monta\u017c 2,39<\/td><td>Monta\u017c ogrzewania pod\u0142ogowego ( wraz z roz\u0142o\u017ceniem styropiany , folii i mat brzegowych )<\/td><td>Metr kwadratowy<\/td><td>35,00 z\u0142<\/td><\/tr><tr><td>Monta\u017c 2,40<\/td><td>Monta\u017c odp\u0142ywu liniowego z prysznica<\/td><td>Sztuka<\/td><td>200,00 z\u0142<\/td><\/tr><tr><td>Monta\u017c 2,41<\/td><td>Demonta\u017c starych rur<\/td><td>Metr bie\u017c\u0105cy<\/td><td>20,00 z\u0142<\/td><\/tr><tr><td>Monta\u017c 2,42<\/td><td>Demonta\u017c pieca gazowego<\/td><td>Sztuka<\/td><td>50,00 z\u0142<\/td><\/tr><tr><td>Monta\u017c 2,43<\/td><td>Demonta\u017c pieca w\u0119glowego<\/td><td>Sztuka<\/td><td>250,00 z\u0142<\/td><\/tr><tr><td>Monta\u017c 2,44<\/td><td>Odpowietrzenie grzejnika<\/td><td>Sztuka<\/td><td>10,00 z\u0142<\/td><\/tr><tr><td>Monta\u017c 2,45<\/td><td>Kryzowanie grzejnika<\/td><td>Sztuka<\/td><td>20,00 z\u0142<\/td><\/tr><tr><td><strong>Monta\u017c 2,46<\/strong><\/td><td><strong>Cennik Bia\u0142y monta\u017c<\/strong><\/td><td><strong>Indywidualna wycena<\/strong><\/td><td><strong>Indywidualna wycena<\/strong><\/td><\/tr><tr><td>Monta\u017c 2,47<\/td><td>Monta\u017c kranu , baterii ( \u0142azienkowej lub kuchennej )<\/td><td>Indywidualna wycena<\/td><td>40,00 z\u0142<\/td><\/tr><tr><td>Monta\u017c 2,48<\/td><td>Monta\u017c przep\u0142ywowego podgrzewacza wody<\/td><td>Indywidualna wycena<\/td><td>60,00 z\u0142<\/td><\/tr><tr><td>Monta\u017c 2,49<\/td><td>Monta\u017c bidetu<\/td><td>Sztuka<\/td><td>80,00 z\u0142<\/td><\/tr><tr><td>Monta\u017c 2,50<\/td><td>Monta\u017c stela\u017ca podtynkowego do bidetu<\/td><td>Sztuka<\/td><td>150,00 z\u0142<\/td><\/tr><tr><td>Monta\u017c 2,51<\/td><td>Monta\u017c WC ( g\u00f3rnop\u0142uk , dolnop\u0142uk , kompakt )<\/td><td>Sztuka<\/td><td>80,00 z\u0142<\/td><\/tr><tr><td>Monta\u017c 2,52<\/td><td>Monta\u017c WC kompakt podwieszanego<\/td><td>Sztuka<\/td><td>150,00 z\u0142<\/td><\/tr><tr><td>Monta\u017c 2,53<\/td><td>Monta\u017c stela\u017ca podtynkowego do WC<\/td><td>Sztuka<\/td><td>150,00 z\u0142<\/td><\/tr><tr><td>Monta\u017c 2,54<\/td><td>Zabudowa stela\u017ca p\u0142yt\u0105 G-K<\/td><td>Sztuka<\/td><td>150,00 z\u0142<\/td><\/tr><tr><td>Monta\u017c 2,55<\/td><td>Monta\u017c umywalki , zlewozmywaka<\/td><td>Sztuka<\/td><td>70,00 z\u0142<\/td><\/tr><tr><td>Monta\u017c 2,56<\/td><td>Demonta\u017c umywalki , zlewozmywaka<\/td><td>Sztuka<\/td><td>30,00 z\u0142<\/td><\/tr><tr><td>Monta\u017c 2,57<\/td><td>Monta\u017c wanny<\/td><td>Sztuka<\/td><td>150,00 z\u0142<\/td><\/tr><tr><td>Monta\u017c 2,58<\/td><td>Demonta\u017c wanny<\/td><td>Sztuka<\/td><td>50,00 z\u0142<\/td><\/tr><tr><td>Monta\u017c 2,59<\/td><td>Monta\u017c wanny z hydromasa\u017cem<\/td><td>Sztuka<\/td><td>200,00 z\u0142<\/td><\/tr><tr><td>Monta\u017c 2,60<\/td><td>Monta\u017c kabiny nad wann\u0105<\/td><td>Sztuka<\/td><td>100,00 z\u0142<\/td><\/tr><tr><td>Monta\u017c 2,61<\/td><td>Montarz brodzika<\/td><td>Sztuka<\/td><td>100,00 z\u0142<\/td><\/tr><tr><td>Monta\u017c 2,62<\/td><td>Demontarz brodzika<\/td><td>Sztuka<\/td><td>50,00 z\u0142<\/td><\/tr><tr><td>Monta\u017c 2,63<\/td><td>Monta\u017c deszczownicy<\/td><td>Sztuka<\/td><td>70,00 z\u0142<\/td><\/tr><tr><td>Monta\u017c 2,64<\/td><td>Monta\u017c panelu prysznicowego<\/td><td>Sztuka<\/td><td>100,00 z\u0142<\/td><\/tr><tr><td>Monta\u017c 2,65<\/td><td>Monta\u017c kabiny prysznicowej<\/td><td>Sztuka<\/td><td>150,00 z\u0142<\/td><\/tr><tr><td>Monta\u017c 2,66<\/td><td>Monta\u017c kabiny prysznicowej szklanej<\/td><td>Sztuka<\/td><td>200,00 z\u0142<\/td><\/tr><tr><td>Monta\u017c 2,67<\/td><td>Monta\u017c kabiny prysznicowej z hydromasarzem<\/td><td>Sztuka<\/td><td>200,00 z\u0142<\/td><\/tr><tr><td>Monta\u017c 2,68<\/td><td>Monta\u017c kranu , baterii<\/td><td>Sztuka<\/td><td>50 z\u0142&nbsp;<\/td><\/tr><tr><td>Monta\u017c 2,69<\/td><td>Monta\u017c zawork\u00f3w pod w\u0119\u017cyk<\/td><td>Sztuka<\/td><td>25,00 z\u0142<\/td><\/tr><tr><td>Monta\u017c 2,70<\/td><td>Monta\u017c lustra<\/td><td>Sztuka<\/td><td>30,00 z\u0142<\/td><\/tr><tr><td><strong>Monta\u017c 2,71<\/strong><\/td><td><strong>Cennik Pr\u00f3ba szczelno\u015bci<\/strong><\/td><td><strong>Indywidualna wycena<\/strong><\/td><td><strong>Indywidualna wycena<\/strong><\/td><\/tr><tr><td>Monta\u017c 2,72<\/td><td>Pr\u00f3ba szczelno\u015bci instalacji C.O. + protok\u00f3\u0142<\/td><td>Indywidualna wycena<\/td><td>250,00 z\u0142<\/td><\/tr><tr><td>Monta\u017c 2,73<\/td><td>Pr\u00f3ba szczelno\u015bci instalacji wodnej ( zimna i ciep\u0142a ) za ka\u017cd\u0105 instalacj\u0119 + protok\u00f3\u0142<\/td><td>Indywidualna wycena<\/td><td>150,00 z\u0142<\/td><\/tr><tr><td>Monta\u017c 2,74<\/td><td>Pr\u00f3ba szczelnosci instalacji pod\u0142ogowej C.O. + protok\u00f3\u0142<\/td><td>Sztuka<\/td><td>250,00 z\u0142<\/td><\/tr><tr><td><strong>Monta\u017c 2,75<\/strong><\/td><td><strong>Cennik Udra\u017cnianie rur<\/strong><\/td><td><strong>Indywidualna wycena<\/strong><\/td><td><strong>Indywidualna wycena<\/strong><\/td><\/tr><tr><td>Monta\u017c 2,76<\/td><td>Udra\u017cnianie rur kanalizacyjnych \u00d8110 mm<\/td><td>Indywidualna wycena<\/td><td>150,00 z\u0142<\/td><\/tr><tr><td>Monta\u017c 2,77<\/td><td>Udra\u017cnianie rur przybrze\u017cnych do \u00d850 mm<\/td><td>Indywidualna wycena<\/td><td>100,00 z\u0142<\/td><\/tr><tr><td>Monta\u017c 2,78<\/td><td>Udra\u017cnianie syfon\u00f3w<\/td><td>Sztuka<\/td><td>50 z\u0142&nbsp;<\/td><\/tr><tr><td><strong>Monta\u017c 2,79<\/strong><\/td><td><strong>Cennik Naprawa i wymiana<\/strong><\/td><td><strong>Indywidualna wycena<\/strong><\/td><td><strong>Indywidualna wycena<\/strong><\/td><\/tr><tr><td>Monta\u017c 2,80<\/td><td>Usuni\u0119cie awarii , usterki<\/td><td>Sztuka<\/td><td>100,00 z\u0142<\/td><\/tr><tr><td>Monta\u017c 2,81<\/td><td>Przesuni\u0119cie grzejnika w linii prostej<\/td><td>Sztuka<\/td><td>150,00 z\u0142<\/td><\/tr><tr><td>Monta\u017c 2,82<\/td><td>Usuni\u0119cie grzejnika i przeniesienie go w inne miejsce<\/td><td>Sztuka<\/td><td>350,00 z\u0142<\/td><\/tr><tr><td>Monta\u017c 2,83<\/td><td>Przer\u00f3bki instalacji wodo kanalizacyjnej , C.O.<\/td><td>Sztuka<\/td><td>100,00 z\u0142<\/td><\/tr><tr><td>Monta\u017c 2,84<\/td><td>Naprawa lub wymiana elementu w istniej\u0105cej instalacji wodo kanalizacyjnej , C.O.<\/td><td>Sztuka<\/td><td>50,00 z\u0142<\/td><\/tr><tr><td>Monta\u017c 2,85<\/td><td>Wymiana bojlera<\/td><td>Sztuka<\/td><td>250,00 z\u0142<\/td><\/tr><tr><td>Monta\u017c 2,86<\/td><td>Przesuni\u0119cie kranu, baterii, zaworu<\/td><td>Sztuka<\/td><td>100,00 z\u0142<\/td><\/tr><tr><td>Monta\u017c 2,87<\/td><td>Wymiana kranu , baterii ( \u0142azienkowej lub kuchennej )<\/td><td>Sztuka<\/td><td>40,00 z\u0142<\/td><\/tr><tr><td>Monta\u017c 2,88<\/td><td>Wymiana przep\u0142ywowego podgrzewacza wody<\/td><td>Sztuka<\/td><td>100,00 z\u0142<\/td><\/tr><tr><td>Monta\u017c 2,89<\/td><td>Wymiana syfonu<\/td><td>Sztuka<\/td><td>50 z\u0142&nbsp;<\/td><\/tr><tr><td>Monta\u017c 2,90<\/td><td>Wymiana zaworu<\/td><td>Sztuka<\/td><td>100,00 z\u0142<\/td><\/tr><tr><td>Monta\u017c 2,91<\/td><td>Wymiana zaworku pod w\u0119\u017cyk<\/td><td>Sztuka<\/td><td>25,00 z\u0142<\/td><\/tr><tr><td>Monta\u017c 2,92<\/td><td>Wymiana w\u0119\u017cyka<\/td><td>Sztuka<\/td><td>25,00 z\u0142<\/td><\/tr><tr><td>Monta\u017c 2,93<\/td><td>Wymiana grzybka w zaworze<\/td><td>Sztuka<\/td><td>25,00 z\u0142<\/td><\/tr><tr><td>Monta\u017c 2,94<\/td><td>Wymiana g\u0142owicy ( zaworu RTL ) Wymiana uszczelki<\/td><td>Sztuka<\/td><td>50 z\u0142&nbsp;<\/td><\/tr><tr><td>Monta\u017c 2,95<\/td><td>Wymiana pompy obiegowej C.O.<\/td><td>Sztuka<\/td><td>80,00 z\u0142<\/td><\/tr><tr><td>Monta\u017c 2,96<\/td><td>Wymiana uszczelki<\/td><td>Sztuka<\/td><td>5,00 z\u0142<\/td><\/tr><tr><td>Monta\u017c 2,97<\/td><td>Wymiana , naprawa sp\u0142uczki WC<\/td><td>Sztuka<\/td><td>50,00 z\u0142<\/td><\/tr><tr><td>Monta\u017c 2,98<\/td><td>Wymiana, naprawa zaworu nape\u0142niajacego WC<\/td><td>Sztuka<\/td><td>40,00 z\u0142<\/td><\/tr><tr><td>Monta\u017c 2,99<\/td><td>Wymiana filtra<\/td><td>Sztuka<\/td><td>20,00 z\u0142<\/td><\/tr><tr><td>Monta\u017c 2,100<\/td><td>Wymiana grza\u0142ki w bojlerze<\/td><td>Sztuka<\/td><td>100,00 z\u0142<\/td><\/tr><tr><td>Monta\u017c 2,101<\/td><td>Wymiana kot\u0142a C.O.<\/td><td>Sztuka<\/td><td>700,00 z\u0142<\/td><\/tr><tr><td><strong>Monta\u017c 2,102<\/strong><\/td><td><strong>Cennik Us\u0142ug dodatkowych<\/strong><\/td><td><strong>Indywidualna wycena<\/strong><\/td><td><strong>Indywidualna wycena<\/strong><\/td><\/tr><tr><td>Monta\u017c 2,103<\/td><td>Gwintowanie rur od 3\/8 cala do 2 cala<\/td><td>Sztuka<\/td><td>20,00 z\u0142<\/td><\/tr><tr><td>Monta\u017c 2,104<\/td><td>Silikonowanie<\/td><td>Metr bie\u017c\u0105cy<\/td><td>10,00 z\u0142<\/td><\/tr><tr><td>Monta\u017c 2,105<\/td><td>Bruzdowanie w betonie<\/td><td>Metr bie\u017c\u0105cy<\/td><td>50 z\u0142&nbsp;<\/td><\/tr><tr><td>Monta\u017c 2,106<\/td><td>Bruzdowanie w cegle i materia\u0142ach mi\u0119kkich<\/td><td>Sztuka<\/td><td>20,00 z\u0142<\/td><\/tr><tr><td>Monta\u017c 2,107<\/td><td>Wykonanie otworu do \u00d825<\/td><td>Sztuka<\/td><td>50 z\u0142&nbsp;<\/td><\/tr><tr><td>Monta\u017c 2,108<\/td><td>Monta\u017c dodatk\u00f3w ( wieszak , mydelniczka )<\/td><td>Sztuka<\/td><td>30,00 z\u0142<\/td><\/tr><tr><td>Monta\u017c 2,109<\/td><td>Monta\u017c kratek wentylacyjnych<\/td><td>Metr kwadratowy<\/td><td>50,00 z\u0142<\/td><\/tr><tr><td>Monta\u017c 2,110<\/td><td>Wklejenie lustra<\/td><td>Sztuka<\/td><td>50 z\u0142&nbsp;<\/td><\/tr><tr><td>Monta\u017c 2,111<\/td><td>Monta\u017c drzwi rewizyjnych<\/td><td>Sztuka<\/td><td>25,00 z\u0142<\/td><\/tr><\/tbody><\/table><\/figure>\n","protected":false},"excerpt":{"rendered":"<p>NUMER US\u0141UGI NAZWA US\u0141UGI JEDNOSTKA CENA Monta\u017c 2,1 Cennik Instalacja kanalizacyjna Indywidualna wycena Indywidualna wycena Monta\u017c 2,2 Wykonanie przy\u0142\u0105cza kanalizacyjnego<\/p>\n","protected":false},"author":1,"featured_media":0,"parent":0,"menu_order":0,"comment_status":"closed","ping_status":"closed","template":"","meta":{"colormag_page_container_layout":"no_sidebar_full_width","colormag_page_sidebar_layout":"no_sidebar","footnotes":""},"class_list":["post-63","page","type-page","status-publish","hentry"],"_links":{"self":[{"href":"https:\/\/teamprofessional.pl\/teamprofessional\/index.php?rest_route=\/wp\/v2\/pages\/63","targetHints":{"allow":["GET"]}}],"collection":[{"href":"https:\/\/teamprofessional.pl\/teamprofessional\/index.php?rest_route=\/wp\/v2\/pages"}],"about":[{"href":"https:\/\/teamprofessional.pl\/teamprofessional\/index.php?rest_route=\/wp\/v2\/types\/page"}],"author":[{"embeddable":true,"href":"https:\/\/teamprofessional.pl\/teamprofessional\/index.php?rest_route=\/wp\/v2\/users\/1"}],"replies":[{"embeddable":true,"href":"https:\/\/teamprofessional.pl\/teamprofessional\/index.php?rest_route=%2Fwp%2Fv2%2Fcomments&post=63"}],"version-history":[{"count":4,"href":"https:\/\/teamprofessional.pl\/teamprofessional\/index.php?rest_route=\/wp\/v2\/pages\/63\/revisions"}],"predecessor-version":[{"id":499,"href":"https:\/\/teamprofessional.pl\/teamprofessional\/index.php?rest_route=\/wp\/v2\/pages\/63\/revisions\/499"}],"wp:attachment":[{"href":"https:\/\/teamprofessional.pl\/teamprofessional\/index.php?rest_route=%2Fwp%2Fv2%2Fmedia&parent=63"}],"curies":[{"name":"wp","href":"https:\/\/api.w.org\/{rel}","templated":true}]}}