{"id":60,"date":"2023-01-07T21:02:15","date_gmt":"2023-01-07T20:02:15","guid":{"rendered":"https:\/\/teamprofessional.pl\/teamprofessional\/?page_id=60"},"modified":"2023-10-12T18:24:51","modified_gmt":"2023-10-12T17:24:51","slug":"usluga-elektryczna-c","status":"publish","type":"page","link":"https:\/\/teamprofessional.pl\/teamprofessional\/?page_id=60","title":{"rendered":"US\u0141UGA ELEKTRYCZNA"},"content":{"rendered":"\n<figure class=\"wp-block-table is-style-stripes has-medium-font-size\"><table style=\"border-width:4px\"><thead><tr><th><strong>NUMER US\u0141UGI<\/strong><\/th><th><strong>NAZWA US\u0141UGI<\/strong><\/th><th><strong>JEDNOSTKA<\/strong><\/th><th><strong>CENA<\/strong><\/th><\/tr><\/thead><tbody><tr><td><strong>Monta\u017c 1,1<\/strong><\/td><td><strong>Cennik Instalacji Elektrycznych<\/strong><\/td><td><strong>Indywidualna wycena<\/strong><\/td><td><strong>Indywidualna wycena<\/strong><\/td><\/tr><tr><td>Monta\u017c 1,2<\/td><td>Wykonanie punktu si\u0142owego ( tr\u00f3jfazowego ) 400V<\/td><td>Punkt<\/td><td>80,00 z\u0142<\/td><\/tr><tr><td>Monta\u017c 1,3<\/td><td>Wykonanie punktu elektrycznego 230 V<\/td><td>Punkt<\/td><td>60,00 z\u0142<\/td><\/tr><tr><td>Monta\u017c 1,4<\/td><td>Wykonanie punktu elektrycznego ( szeregowego )<\/td><td>Punkt<\/td><td>60,00 z\u0142<\/td><\/tr><tr><td>Monta\u017c 1,5<\/td><td>Wykonanie punktu o\u015bwietleniowego<\/td><td>Punkt<\/td><td>60,00 z\u0142<\/td><\/tr><tr><td>Monta\u017c 1,6<\/td><td>Wykonanie punktu o\u015bwietlenia schodowego<\/td><td>Punkt<\/td><td>50,00 z\u0142<\/td><\/tr><tr><td>Monta\u017c 1,7<\/td><td>Wykonanie punktu o\u015bwietleniowego z \u0142\u0105cznikiem ( w\u0142\u0105cznikiem ) schodowym , krzy\u017cowym<\/td><td>Punkt<\/td><td>80,00 z\u0142<\/td><\/tr><tr><td>Monta\u017c 1,8<\/td><td>Wykonanie punktu wypustowego o\u015bwietlenia g\u00f3rnego , kinkietowego wewn\u0119trznego<\/td><td>Sztuka<\/td><td>50,00 z\u0142<\/td><\/tr><tr><td>Monta\u017c 1,9<\/td><td>Wykonanie punktu wypustowego czujki ruchu . zmierzchowego<\/td><td>Punkt<\/td><td>50,00 z\u0142<\/td><\/tr><tr><td>Monta\u017c 1,10<\/td><td>Wykonanie punktu wypustowego czujki ruchu , zmierzchowego w\u0142\u0105cznika , wentylatora<\/td><td>Sztuka<\/td><td>50,00 z\u0142<\/td><\/tr><tr><td>Monta\u017c 1,11<\/td><td>Wykonanie punktu wypustowy o\u015bwietlenia zewn\u0119trznego na budynku komputerowego , telewizyjnego<\/td><td>Punkt<\/td><td>60,00 z\u0142<\/td><\/tr><tr><td>Monta\u017c 1,12<\/td><td>Wykonanie punktu gniazda telefonicznego , antenowego ,<\/td><td>Punkt<\/td><td>60,00 z\u0142<\/td><\/tr><tr><td>Monta\u017c 1,13<\/td><td>Wykonanie rozety rozdzielczej punktu elektrycznego<\/td><td>Punkt<\/td><td>60,00 z\u0142<\/td><\/tr><tr><td>Monta\u017c 1,14<\/td><td>Wykonanie punkty sterowania rolety<\/td><td>Punkt<\/td><td>50 z\u0142&nbsp;<\/td><\/tr><tr><td>Monta\u017c 1,15<\/td><td>Wykonanie punktu zasilania silnika rolety elektrycznej<\/td><td>Punkt<\/td><td>50 z\u0142&nbsp;<\/td><\/tr><tr><td>Monta\u017c 1,16<\/td><td>Usuni\u0119cie starego punktu elektrycznego<\/td><td>Punkt<\/td><td>20,00 z\u0142<\/td><\/tr><tr><td><strong>Monta\u017c 1,17<\/strong><\/td><td><strong>Cennik Z\u0142\u0105cze kablowe<\/strong><\/td><td><strong>Indywidualna wycena<\/strong><\/td><td><strong>Indywidualna wycena<\/strong><\/td><\/tr><tr><td>Monta\u017c 1,18<\/td><td>Monta\u017c z\u0142\u0105cza kablowego<\/td><td>Sztuka<\/td><td>1 000,00 z\u0142<\/td><\/tr><tr><td>Monta\u017c 1,19<\/td><td>Monta\u017c i pod\u0142\u0105czenie osprzetu w z\u0142aczu kablowym<\/td><td>Sztuka<\/td><td>200,00 z\u0142<\/td><\/tr><tr><td>Monta\u017c 1,20<\/td><td>U\u0142o\u017cenie przewodu ziemnego YKY<\/td><td>Metr bie\u017c\u0105cy<\/td><td>5,00 z\u0142<\/td><\/tr><tr><td>Monta\u017c 1,21<\/td><td>Pod\u0142aczenie przewodu do z\u0142acza kablowego<\/td><td>Sztuka<\/td><td>500,00 z\u0142<\/td><\/tr><tr><td><strong>Monta\u017c 1,22<\/strong><\/td><td><strong>Cennik Monta\u017cu rozdzielni , skrzynki bezpiecznikowej<\/strong><\/td><td><strong>Indywidualna wycena<\/strong><\/td><td><strong>Indywidualna wycena<\/strong><\/td><\/tr><tr><td>Monta\u017c 1,23<\/td><td>Osadzenie rozdzielni , skrzynki bezpiecznikowej do 12 modu\u0142\u00f3w<\/td><td>Sztuka<\/td><td>100,00 z\u0142<\/td><\/tr><tr><td>Monta\u017c 1,24<\/td><td>Osadzenie rozdzielni , skrzynki bezpiecznikowej do 48 modu\u0142\u00f3w<\/td><td>Sztuka<\/td><td>150,00 z\u0142<\/td><\/tr><tr><td>Monta\u017c 1,25<\/td><td>Osadzenie rozdzielni , skrzynki bezpiecznikowej do 104 modu\u0142\u00f3w<\/td><td>Sztuka<\/td><td>200,00 z\u0142<\/td><\/tr><tr><td>Monta\u017c 1,26<\/td><td>Osadzenie rozdzielni , skrzynki bezpiecznikowej &lt; 104 modu\u0142\u00f3w<\/td><td>Sztuka<\/td><td>250,00 z\u0142<\/td><\/tr><tr><td>Monta\u017c 1,27<\/td><td>Wykonanie otworu pod rozdzielni\u0119 podtynkow\u0105 w cegle i materia\u0142ach mi\u0119kkich<\/td><td>Sztuka<\/td><td>150,00 z\u0142<\/td><\/tr><tr><td>Monta\u017c 1,28<\/td><td>Wykonanie otworu pod rozdzielni\u0119 podtynkow\u0105 w betonie<\/td><td>Sztuka<\/td><td>500,00 z\u0142<\/td><\/tr><tr><td>Monta\u017c 1,29<\/td><td>Monta\u017c osprz\u0119tu tablicowego w systemie szyn profilowanych<\/td><td>Sztuka<\/td><td>10,00 z\u0142<\/td><\/tr><tr><td>Monta\u017c 1,30<\/td><td>Monta\u017c osprz\u0119tu tablicowego ZUG<\/td><td>Sztuka<\/td><td>5,00 z\u0142<\/td><\/tr><tr><td>Monta\u017c 1,31<\/td><td>Pod\u0142\u0105czenie punktu tablicowego elementu rozdzielni<\/td><td>Sztuka<\/td><td>10,00 z\u0142<\/td><\/tr><tr><td>Monta\u017c 1,32<\/td><td>Pod\u0142\u0105czenie kabla zasilaj\u0105cego do rozdzielni<\/td><td>Sztuka<\/td><td>100,00 z\u0142<\/td><\/tr><tr><td>Monta\u017c 1,33<\/td><td>Wyprowadzenie obwodu elektrycznego jednofazowego z rozdz .<\/td><td>Sztuka<\/td><td>5,00 z\u0142<\/td><\/tr><tr><td>Monta\u017c 1,34<\/td><td>Wyprowadzenie obwodu elektrycznego tr\u00f3jfazowego z rozdz .<\/td><td>Sztuka<\/td><td>10,00 z\u0142<\/td><\/tr><tr><td>Monta\u017c 1,35<\/td><td>Monta\u017c listwy szeregowej<\/td><td>Sztuka<\/td><td>10,00 z\u0142<\/td><\/tr><tr><td>Monta\u017c 1,36<\/td><td>Monta\u017c listwy jednofazowej ( mostek )<\/td><td>Sztuka<\/td><td>25,00 z\u0142<\/td><\/tr><tr><td>Monta\u017c 1,37<\/td><td>Monta\u017c listwy tr\u00f3jfazowej ( mostek )<\/td><td>Sztuka<\/td><td>50 z\u0142&nbsp;<\/td><\/tr><tr><td>Monta\u017c 1,38<\/td><td>Wykonanie mostka z zaciskan\u0105 ko\u0144c\u00f3wk\u0105<\/td><td>Sztuka<\/td><td>5,00 z\u0142<\/td><\/tr><tr><td>Monta\u017c 1,39<\/td><td>Monta\u017c g\u0142\u00f3wnego wy\u0142\u0105cznika ( p.po\u017c . )<\/td><td>Sztuka<\/td><td>100,00 z\u0142<\/td><\/tr><tr><td><strong>Monta\u017c 1,40<\/strong><\/td><td><strong>Cennik Pomiary elektryczne<\/strong><\/td><td><strong>Indywidualna wycena<\/strong><\/td><td><strong>Indywidualna wycena<\/strong><\/td><\/tr><tr><td>Monta\u017c 1,41<\/td><td>Okresowe przegl\u0105dy i pomiary eksploatacyjne<\/td><td>Sztuka<\/td><td>100,00 z\u0142<\/td><\/tr><tr><td>Monta\u017c 1,42<\/td><td>Pomiar rezystancji izolacji w obwodzie 1 &#8211; fazowym<\/td><td>Sztuka<\/td><td>10,00 z\u0142<\/td><\/tr><tr><td>Monta\u017c 1,43<\/td><td>Pomiar rezystancji izolacji w obwodzie 3 &#8211; fazowym .<\/td><td>Sztuka<\/td><td>15,00 z\u0142<\/td><\/tr><tr><td>Monta\u017c 1,44<\/td><td>Pomiar rezystancji izolacji w obwodzie 3 &#8211; fazowym<\/td><td>Sztuka<\/td><td>15,00 z\u0142<\/td><\/tr><tr><td>Monta\u017c 1,45<\/td><td>Pomiar skuteczno\u015bci zerowania<\/td><td>Sztuka<\/td><td>10,00 z\u0142<\/td><\/tr><tr><td>Monta\u017c 1,46<\/td><td>Pomiar impedancji p\u0119tli zwarcia<\/td><td>Sztuka<\/td><td>10,00 z\u0142<\/td><\/tr><tr><td>Monta\u017c 1,47<\/td><td>Pomiar rezystancji uziemienia<\/td><td>Sztuka<\/td><td>30,00 z\u0142<\/td><\/tr><tr><td>Monta\u017c 1,48<\/td><td>Pomiar i badanie wy\u0142\u0105cznika r\u00f3\u017cnicowo pr\u0105dowego<\/td><td>Sztuka<\/td><td>15,00 z\u0142<\/td><\/tr><tr><td>Monta\u017c 1,49<\/td><td>Przegl\u0105d instalacji oraz ocena stanu technicznego punkt\u00f3w ele .<\/td><td>Sztuka<\/td><td>20,00 z\u0142<\/td><\/tr><tr><td>Monta\u017c 1,50<\/td><td>Badanie linii kablowej<\/td><td>Sztuka<\/td><td>50,00 z\u0142<\/td><\/tr><tr><td>Monta\u017c 1,51<\/td><td>Wykonanie protoko\u0142u<\/td><td>Sztuka<\/td><td>100,00 z\u0142<\/td><\/tr><tr><td><strong>Monta\u017c 1,52<\/strong><\/td><td><strong>Cennik U\u0142o\u017cenie przewod\u00f3w<\/strong><\/td><td><strong>Indywidualna wycena<\/strong><\/td><td><strong>Indywidualna wycena<\/strong><\/td><\/tr><tr><td>Monta\u017c 1,53<\/td><td>U\u0142o\u017cenia przewodu ziemnego YKY<\/td><td>Metr bie\u017c\u0105cy<\/td><td>5,00 z\u0142<\/td><\/tr><tr><td>Monta\u017c 1,54<\/td><td>U\u0142o\u017cenie przewod\u00f3w YDY na tynku cegle<\/td><td>Metr bie\u017c\u0105cy<\/td><td>1,00 z\u0142<\/td><\/tr><tr><td>Monta\u017c 1,55<\/td><td>U\u0142o\u017cenie przewod\u00f3w YDY na betonie<\/td><td>Metr bie\u017c\u0105cy<\/td><td>2,00 z\u0142<\/td><\/tr><tr><td>Monta\u017c 1,56<\/td><td>U\u0142o\u017cenie przewod\u00f3w OMY na tynku , cegle<\/td><td>Metr bie\u017c\u0105cy<\/td><td>1,00 z\u0142<\/td><\/tr><tr><td>Monta\u017c 1,57<\/td><td>U\u0142o\u017cenie przewod\u00f3w OMY na betonie<\/td><td>Metr bie\u017c\u0105cy<\/td><td>2,00 z\u0142<\/td><\/tr><tr><td>Monta\u017c 1,58<\/td><td>U\u0142o\u017cenie przewod\u00f3w koncentrycznych 75 \u03a9 na tynku , cegle<\/td><td>Metr bie\u017c\u0105cy<\/td><td>1,00 z\u0142<\/td><\/tr><tr><td>Monta\u017c 1,59<\/td><td>U\u0142o\u017cenie przewod\u00f3w koncentrycznych 75 \u03a9 na betonie<\/td><td>Metr bie\u017c\u0105cy<\/td><td>2,00 z\u0142<\/td><\/tr><tr><td>Monta\u017c 1,60<\/td><td>U\u0142o\u017cenie przewod\u00f3w typu skr\u0119tka ( UTP &#8211; FTP ) na tynku , cegle<\/td><td>Metr bie\u017c\u0105cy<\/td><td>1,00 z\u0142<\/td><\/tr><tr><td>Monta\u017c 1,61<\/td><td>U\u0142o\u017cenie przewod\u00f3w typu skr\u0119tka ( UTP &#8211; FTP ) na betonie<\/td><td>Metr bie\u017c\u0105cy<\/td><td>2,00 z\u0142<\/td><\/tr><tr><td>Monta\u017c 1,62<\/td><td>U\u0142o\u017cenie przewod\u00f3w telekomunikacyjnego YTDY na tynku , cegle<\/td><td>Metr bie\u017c\u0105cy<\/td><td>1,00 z\u0142<\/td><\/tr><tr><td>Monta\u017c 1,63<\/td><td>U\u0142o\u017cenie przewod\u00f3w telekomunikacyjnego YTDY na betonie<\/td><td>Metr bie\u017c\u0105cy<\/td><td>2,00 z\u0142<\/td><\/tr><tr><td>Monta\u017c 1,64<\/td><td>U\u0142o\u017cenie przewod\u00f3w w bru\u017adzie<\/td><td>Metr bie\u017c\u0105cy<\/td><td>2,00 z\u0142<\/td><\/tr><tr><td>Monta\u017c 1,65<\/td><td>U\u0142o\u017cenie przewod\u00f3w na uchwytach US<\/td><td>Metr bie\u017c\u0105cy<\/td><td>3,00 z\u0142<\/td><\/tr><tr><td>Monta\u017c 1,66<\/td><td>Monta\u017c trasy kablowej<\/td><td>Metr bie\u017c\u0105cy<\/td><td>25,00 z\u0142<\/td><\/tr><tr><td>Monta\u017c 1,67<\/td><td>U\u0142o\u017cenie przewod\u00f3w na trasie kablowej<\/td><td>Metr bie\u017c\u0105cy<\/td><td>2,50 z\u0142<\/td><\/tr><tr><td>Monta\u017c 1,68<\/td><td>Monta\u017c rurek , korytek PCV<\/td><td>Metr bie\u017c\u0105cy<\/td><td>5,00 z\u0142<\/td><\/tr><tr><td>Monta\u017c 1,69<\/td><td>U\u0142o\u017cenie przewod\u00f3w w rurkach , korytkach PCV<\/td><td>Metr bie\u017c\u0105cy<\/td><td>2,00 z\u0142<\/td><\/tr><tr><td><strong>Monta\u017c 1,70<\/strong><\/td><td><strong>Cennik Bia\u0142y monta\u017c<\/strong><\/td><td><strong>Indywidualna wycena<\/strong><\/td><td><strong>Indywidualna wycena<\/strong><\/td><\/tr><tr><td>Monta\u017c 1,71<\/td><td>Monta\u017c i pod\u0142\u0105czenie gniazda elektrycznego<\/td><td>Sztuka<\/td><td>10,00 z\u0142<\/td><\/tr><tr><td>Monta\u017c 1,72<\/td><td>Monta\u017c i pod\u0142\u0105czenie gniazda si\u0142owego<\/td><td>Sztuka<\/td><td>50 z\u0142&nbsp;<\/td><\/tr><tr><td>Monta\u017c 1,73<\/td><td>Monta\u017c i pod\u0142\u0105czenie \u0142\u0105cznika ( wy\u0142\u0105cznika )<\/td><td>Sztuka<\/td><td>10,00 z\u0142<\/td><\/tr><tr><td>Monta\u017c 1,74<\/td><td>Monta\u017c i pod\u0142\u0105czenie \u0142\u0105cznika ( wy\u0142\u0105cznika ) sterowania rolet\u0105 elektryczn\u0105<\/td><td>Sztuka<\/td><td>10,00 z\u0142<\/td><\/tr><tr><td>Monta\u017c 1,75<\/td><td>Monta\u017c i pod\u0142\u0105czenie dotykowego sensora w\u0142\u0105cznika element\u00f3w o\u015bwietlenia<\/td><td>Sztuka<\/td><td>30,00 z\u0142<\/td><\/tr><tr><td>Monta\u017c 1,76<\/td><td>Monta\u017c i pod\u0142\u0105czenie \u015bciemniacza o\u015bwietlenia<\/td><td>Sztuka<\/td><td>30,00 z\u0142<\/td><\/tr><tr><td>Monta\u017c 1,77<\/td><td>Monta\u017c i pod\u0142\u0105czenie \u017cyrandoli<\/td><td>Sztuka<\/td><td>25,00 z\u0142<\/td><\/tr><tr><td>Monta\u017c 1,78<\/td><td>Monta\u017c i pod\u0142\u0105czenie lamp<\/td><td>Sztuka<\/td><td>30,00 z\u0142<\/td><\/tr><tr><td>Monta\u017c 1,79<\/td><td>Monta\u017c i pod\u0142\u0105czenie kinkiet\u00f3w<\/td><td>Sztuka<\/td><td>25,00 z\u0142<\/td><\/tr><tr><td>Monta\u017c 1,80<\/td><td>Monta\u017c lampy rastrowej w suficie kasetonowym<\/td><td>Sztuka<\/td><td>50,00 z\u0142<\/td><\/tr><tr><td>Monta\u017c 1,81<\/td><td>Monta\u017c i pod\u0142\u0105czenie zewn\u0119trznych element\u00f3w o\u015bwietlenia w ogrodzie na podjazdach i elewacjach<\/td><td>Sztuka<\/td><td>50 z\u0142&nbsp;<\/td><\/tr><tr><td>Monta\u017c 1,82<\/td><td>Monta\u017c i pod\u0142\u0105czenie halogen\u00f3w wpuszczanych<\/td><td>Sztuka<\/td><td>10,00 z\u0142<\/td><\/tr><tr><td>Monta\u017c 1,83<\/td><td>Monta\u017c i pod\u0142\u0105czenie halogen\u00f3w nawierzchniowych<\/td><td>Sztuka<\/td><td>35,00 z\u0142<\/td><\/tr><tr><td>Monta\u017c 1,84<\/td><td>Monta\u017c i pod\u0142\u0105czenie ta\u015bmy LED &#8211; jednokolorowa<\/td><td>Metr bie\u017c\u0105cy<\/td><td>20,00 z\u0142<\/td><\/tr><tr><td>Monta\u017c 1,85<\/td><td>Monta\u017c i pod\u0142\u0105czenie ta\u015bmy LED &#8211; RGB ( wielokolorowa )<\/td><td>Metr bie\u017c\u0105cy<\/td><td>25,00 z\u0142<\/td><\/tr><tr><td>Monta\u017c 1,86<\/td><td>Monta\u017c i pod\u0142\u0105czenie sterownik\u00f3w LED &#8211; ta\u015bma jednokolorowa<\/td><td>Sztuka<\/td><td>50 z\u0142&nbsp;<\/td><\/tr><tr><td>Monta\u017c 1,87<\/td><td>Monta\u017c i pod\u0142\u0105czenie sterownik\u00f3w LED &#8211; ta\u015bma RGB ( wielokolorowa )<\/td><td>Sztuka<\/td><td>60,00 z\u0142<\/td><\/tr><tr><td>Monta\u017c 1,88<\/td><td>Monta\u017c i pod\u0142\u0105czenie zasilacza o\u015bwietlenia 230 \/ 12V<\/td><td>Sztuka<\/td><td>30,00 z\u0142<\/td><\/tr><tr><td>Monta\u017c 1,89<\/td><td>Monta\u017c i pod\u0142\u0105czenie listwy o\u015bwietleniowych LED lub w\u0119\u017cy \u015bwietlnych<\/td><td>Metr bie\u017c\u0105cy<\/td><td>10,00 z\u0142<\/td><\/tr><tr><td>Monta\u017c 1,90<\/td><td>Monta\u017c i pod\u0142\u0105czenie o\u015bwietlenia pod\u0142ogowego<\/td><td>Sztuka<\/td><td>50 z\u0142&nbsp;<\/td><\/tr><tr><td>Monta\u017c 1,91<\/td><td>Monta\u017c i pod\u0142\u0105czenie gniazda antenowego TV<\/td><td>Sztuka<\/td><td>20,00 z\u0142<\/td><\/tr><tr><td>Monta\u017c 1,92<\/td><td>Monta\u017c i pod\u0142\u0105czenie gniazda komputerowego RJ &#8211; 45<\/td><td>Sztuka<\/td><td>15,00 z\u0142<\/td><\/tr><tr><td>Monta\u017c 1,93<\/td><td>Monta\u017c i pod\u0142\u0105czenie gniazda telefonicznego RJ11 , RJ12<\/td><td>Sztuka<\/td><td>15,00 z\u0142<\/td><\/tr><tr><td>Monta\u017c 1,94<\/td><td>Monta\u017c i pod\u0142\u0105czenie gniazda telewizyjnego<\/td><td>Sztuka<\/td><td>15,00 z\u0142<\/td><\/tr><tr><td>Monta\u017c 1,95<\/td><td>Monta\u017c i pod\u0142\u0105czenie gniazda akustycznego<\/td><td>Sztuka<\/td><td>15,00 z\u0142<\/td><\/tr><tr><td><strong>Monta\u017c 1,96<\/strong><\/td><td><strong>Cennik Naprawa i wymiana<\/strong><\/td><td><strong>Indywidualna wycena<\/strong><\/td><td><strong>Indywidualna wycena<\/strong><\/td><\/tr><tr><td>Monta\u017c 1,97<\/td><td>Usuni\u0119cie awarii , usterki<\/td><td>Sztuka<\/td><td>100,00 z\u0142<\/td><\/tr><tr><td>Monta\u017c 1,98<\/td><td>Usuni\u0119cie awarii , usterki od godz . 20.00 do 8.00<\/td><td>Sztuka<\/td><td>200,00 z\u0142<\/td><\/tr><tr><td>Monta\u017c 1,99<\/td><td>Naprawy sprz\u0119tu AGD i TV<\/td><td>Sztuka<\/td><td>50,00 z\u0142<\/td><\/tr><tr><td>Monta\u017c 1,100<\/td><td>Przesuni\u0119cie punktu elektrycznego<\/td><td>Sztuka<\/td><td>50,00 z\u0142<\/td><\/tr><tr><td>Monta\u017c 1,101<\/td><td>Likwidacja jarzenia \u017car\u00f3wki LED<\/td><td>Sztuka<\/td><td>20,00 z\u0142<\/td><\/tr><tr><td>Monta\u017c 1,102<\/td><td>Likwidacja jarzenia ta\u015bmy LED<\/td><td>Sztuka<\/td><td>20,00 z\u0142<\/td><\/tr><tr><td>Monta\u017c 1,103<\/td><td>Wymiana \u017car\u00f3wek , \u017carnik\u00f3w , neon\u00f3w do 3 m<\/td><td>Sztuka<\/td><td>10,00 z\u0142<\/td><\/tr><tr><td>Monta\u017c 1,104<\/td><td>Wyszukiwanie przerwanych przewod\u00f3w<\/td><td>Sztuka<\/td><td>50,00 z\u0142<\/td><\/tr><tr><td>Monta\u017c 1,105<\/td><td>Wyszukiwanie miejsca uszkodzenia przewodu<\/td><td>Sztuka<\/td><td>50,00 z\u0142<\/td><\/tr><tr><td>Monta\u017c 1,106<\/td><td>Wyszukiwanie przewodu w wi\u0105zce<\/td><td>Sztuka<\/td><td>50,00 z\u0142<\/td><\/tr><tr><td>Monta\u017c 1,107<\/td><td>Identyfikacja przewodu w wi\u0105zce<\/td><td>Sztuka<\/td><td>50,00 z\u0142<\/td><\/tr><tr><td><strong>Monta\u017c 1,108<\/strong><\/td><td><strong>Cennik Us\u0142ug dodatkowych<\/strong><\/td><td><strong>Indywidualna wycena<\/strong><\/td><td><strong>Indywidualna wycena<\/strong><\/td><\/tr><tr><td>Monta\u017c 1,109<\/td><td>Bruzdowanie pod przewody w betonie 1 cm x 2 cm pod przew\u00f3d<\/td><td>Metr bie\u017c\u0105cy<\/td><td>15,00 z\u0142<\/td><\/tr><tr><td>Monta\u017c 1,110<\/td><td>Bruzdowanie pod przewody w betonie 5 cm x 2 cm pod przew\u00f3d<\/td><td>Metr bie\u017c\u0105cy<\/td><td>25,00 z\u0142<\/td><\/tr><tr><td>Monta\u017c 1,111<\/td><td>Bruzdowanie pod przewody w cegle i materia\u0142ach mi\u0119kkich 1 cm x 2 cm pod przew\u00f3d<\/td><td>Metr bie\u017c\u0105cy<\/td><td>10,00 z\u0142<\/td><\/tr><tr><td>Monta\u017c 1,112<\/td><td>Bruzdowanie pod przewody w cegle i materia\u0142ach mi\u0119kkich 5 cm x 2 cm pod przew\u00f3d<\/td><td>Metr bie\u017c\u0105cy<\/td><td>20,00 z\u0142<\/td><\/tr><tr><td>Monta\u017c 1,113<\/td><td>Zaszpachlowanie bruzd<\/td><td>Metr bie\u017c\u0105cy<\/td><td>10,00 z\u0142<\/td><\/tr><tr><td>Monta\u017c 1,114<\/td><td>Wykonanie w betonie otworu pod puszk\u0119 instalacyjn\u0105 fi 60 x 50<\/td><td>Metr bie\u017c\u0105cy<\/td><td>30,00 z\u0142<\/td><\/tr><tr><td>Monta\u017c 1,115<\/td><td>Wykonanie w betonie otworu pod puszk\u0119 instalacyjn\u0105 fi 80 x 50<\/td><td>Metr bie\u017c\u0105cy<\/td><td>40,00 z\u0142<\/td><\/tr><tr><td>Monta\u017c 1,116<\/td><td>Wykonanie w cegle i materia\u0142ach mi\u0119kkich otworu pod puszk\u0119 instalacyjn\u0105 fi 60 x 50<\/td><td>Metr bie\u017c\u0105cy<\/td><td>30,00 z\u0142<\/td><\/tr><tr><td>Monta\u017c 1,117<\/td><td>Wykonanie w cegle i materia\u0142ach mi\u0119kkich otworu pod puszk\u0119 instalacyjn\u0105 fi 80 x 50<\/td><td>Metr bie\u017c\u0105cy<\/td><td>40,00 z\u0142<\/td><\/tr><tr><td>Monta\u017c 1,118<\/td><td>Osadzenie puszki<\/td><td>Metr bie\u017c\u0105cy<\/td><td>20,00 z\u0142<\/td><\/tr><tr><td>Monta\u017c 1,119<\/td><td>Wykonanie przebicia do \u00d825 mm w betonie przez \u015bcian\u0119 lub strop<\/td><td>Metr bie\u017c\u0105cy<\/td><td>50 z\u0142&nbsp;<\/td><\/tr><tr><td>Monta\u017c 1,120<\/td><td>Wykonanie przebicia do \u00d825 mm w cegle i materia\u0142ach mi\u0119kkich przez \u015bcian\u0119<\/td><td>Metr bie\u017c\u0105cy<\/td><td>40,00 z\u0142<\/td><\/tr><tr><td>Monta\u017c 1,121<\/td><td>Wykonanie kana\u0142u telewizyjnego na przewody<\/td><td>Metr bie\u017c\u0105cy<\/td><td>100,00 z\u0142<\/td><\/tr><tr><td><strong>Monta\u017c 1,122<\/strong><\/td><td><strong>Cennik Instalacji uziemieniowej i odgromowej<\/strong><\/td><td><strong>Indywidualna wycena<\/strong><\/td><td><strong>Indywidualna wycena<\/strong><\/td><\/tr><tr><td>Monta\u017c 1,123<\/td><td>U\u0142o\u017cenie i monta\u017c bednarki<\/td><td>Metr bie\u017c\u0105cy<\/td><td>20,00 z\u0142<\/td><\/tr><tr><td>Monta\u017c 1,124<\/td><td>Wykonanie uziomu<\/td><td>Sztuka<\/td><td>100,00 z\u0142<\/td><\/tr><tr><td>Monta\u017c 1,125<\/td><td>Wykonanie instalacji odgromowej<\/td><td>Sztuka<\/td><td>1 000,00 z\u0142<\/td><\/tr><tr><td><strong>Monta\u017c 1,126<\/strong><\/td><td><strong>Cennik Przy\u0142\u0105cza elektrycznego<\/strong><\/td><td><strong>Indywidualna wycena<\/strong><\/td><td><strong>Indywidualna wycena<\/strong><\/td><\/tr><tr><td>Monta\u017c 1,127<\/td><td>R\u0119czne wykonanie wykopu na g\u0142\u0119boko\u015b\u0107 0,7-1m<\/td><td>Metr bie\u017c\u0105cy<\/td><td>100,00 z\u0142<\/td><\/tr><tr><td>Monta\u017c 1,128<\/td><td>Wykonanie podsypki pod kabel<\/td><td>Metr bie\u017c\u0105cy<\/td><td>10,00 z\u0142<\/td><\/tr><tr><td>Monta\u017c 1,129<\/td><td>U\u0142o\u017cenie niebieskiej foli ostrzegawczej<\/td><td>Metr bie\u017c\u0105cy<\/td><td>5,00 z\u0142<\/td><\/tr><tr><td>Monta\u017c 1,130<\/td><td>Zasypanie wykopu<\/td><td>Metr bie\u017c\u0105cy<\/td><td>30,00 z\u0142<\/td><\/tr><tr><td>Monta\u017c 1,131<\/td><td>U\u0142o\u017cenia przewodu ziemnego YKY w wykopie<\/td><td>Metr bie\u017c\u0105cy<\/td><td>5,00 z\u0142<\/td><\/tr><tr><td>Monta\u017c 1,132<\/td><td>U\u0142o\u017cenie przewodu w wykopie w rurze os\u0142onowej typu AROT<\/td><td>Metr bie\u017c\u0105cy<\/td><td>25,00 z\u0142<\/td><\/tr><tr><td><strong>Monta\u017c 1,133<\/strong><\/td><td><strong>Cennik Wyposa\u017cenie dodatkowe<\/strong><\/td><td><strong>Indywidualna wycena<\/strong><\/td><td><strong>Indywidualna wycena<\/strong><\/td><\/tr><tr><td>Monta\u017c 1,134<\/td><td>Monta\u017c i pod\u0142\u0105czenie domofonu<\/td><td>Sztuka<\/td><td>150,00 z\u0142<\/td><\/tr><tr><td>Monta\u017c 1,135<\/td><td>Monta\u017c i pod\u0142\u0105czenie domofonu&nbsp; ( kaseta do kilku mieszka\u0144 )<\/td><td>Sztuka<\/td><td>200,00 z\u0142<\/td><\/tr><tr><td>Monta\u017c 1,136<\/td><td>Monta\u017c i pod\u0142\u0105czenie domofonu ( s\u0142uchawki )<\/td><td>Sztuka<\/td><td>70,00 z\u0142<\/td><\/tr><tr><td>Monta\u017c 1,137<\/td><td>Monta\u017c i pod\u0142\u0105czenie wideofonu<\/td><td>Sztuka<\/td><td>250,00 z\u0142<\/td><\/tr><tr><td>Monta\u017c 1,138<\/td><td>Monta\u017c i pod\u0142\u0105czenie wentylatora \u0142azienkowego<\/td><td>Sztuka<\/td><td>50 z\u0142&nbsp;<\/td><\/tr><tr><td>Monta\u017c 1,139<\/td><td>Monta\u017c i pod\u0142\u0105czenie wentylatora pokojowego<\/td><td>Sztuka<\/td><td>50,00 z\u0142<\/td><\/tr><tr><td>Monta\u017c 1,140<\/td><td>Monta\u017c i pod\u0142\u0105czenie dzwonka<\/td><td>Sztuka<\/td><td>50 z\u0142&nbsp;<\/td><\/tr><tr><td>Monta\u017c 1,141<\/td><td>Monta\u017c oprawy ogrodowej<\/td><td>Sztuka<\/td><td>100,00 z\u0142<\/td><\/tr><tr><td>Monta\u017c 1,142<\/td><td>Monta\u017c i pod\u0142\u0105czenie osprzetu opraw ogrodowych<\/td><td>Sztuka<\/td><td>20,00 z\u0142<\/td><\/tr><tr><td>Monta\u017c 1,143<\/td><td>Monta\u017c i pod\u0142\u0105czenie podgrzewacza przep\u0142ywowego wody<\/td><td>Sztuka<\/td><td>100,00 z\u0142<\/td><\/tr><tr><td>Monta\u017c 1,144<\/td><td>Monta\u017c i pod\u0142\u0105czenie g\u0142o\u015bnik\u00f3w<\/td><td>Sztuka<\/td><td>30,00 z\u0142<\/td><\/tr><tr><td>Monta\u017c 1,145<\/td><td>Montarz i pod\u0142aczenie diody o\u015bwietlenia schodowego ( fotokomurka )<\/td><td>Sztuka<\/td><td>80,00 z\u0142<\/td><\/tr><tr><td>Monta\u017c 1,146<\/td><td>Monta\u017c i pod\u0142\u0105czenie czujnik p.po\u017c czadu<\/td><td>Sztuka<\/td><td>50 z\u0142&nbsp;<\/td><\/tr><tr><td>Monta\u017c 1,147<\/td><td>Monta\u017c i pod\u0142\u0105czenie czujka ruchu , zmierzchowego w\u0142\u0105cznika<\/td><td>Sztuka<\/td><td>50 z\u0142&nbsp;<\/td><\/tr><tr><td>Monta\u017c 1,148<\/td><td>Monta\u017c i pod\u0142\u0105czenie regulatora temperatury<\/td><td>Sztuka<\/td><td>50 z\u0142&nbsp;<\/td><\/tr><tr><td>Monta\u017c 1,149<\/td><td>Pod\u0142\u0105czenie pompy , hydroforu<\/td><td>Sztuka<\/td><td>50 z\u0142&nbsp;<\/td><\/tr><tr><td><strong>Monta\u017c 1,150<\/strong><\/td><td><strong>Cennik Ogrzewanie Elektryczne<\/strong><\/td><td><strong>Indywidualna wycena<\/strong><\/td><td><strong>Indywidualna wycena<\/strong><\/td><\/tr><tr><td>Monta\u017c 1,151<\/td><td>Monta\u017c i pod\u0142\u0105czenie maty grzewczej<\/td><td>Metr kwadratowy<\/td><td>30,00 z\u0142<\/td><\/tr><tr><td>Monta\u017c 1,152<\/td><td>Monta\u017c i pod\u0142\u0105czenie sterownika do maty grzewczej<\/td><td>Sztuka<\/td><td>100,00 z\u0142<\/td><\/tr><tr><td>Monta\u017c 1,153<\/td><td>Monta\u017c i pod\u0142\u0105czenie foli grzewczej<\/td><td>Metr kwadratowy<\/td><td>30,00 z\u0142<\/td><\/tr><tr><td>Monta\u017c 1,154<\/td><td>Monta\u017c i pod\u0142\u0105czenie sterownika do folii grzewczej<\/td><td>Sztuka<\/td><td>100,00 z\u0142<\/td><\/tr><tr><td>Monta\u017c 1,155<\/td><td>Monta\u017c i pod\u0142\u0105czenie sterownika ogrzewania<\/td><td>Sztuka<\/td><td>80,00 z\u0142<\/td><\/tr><tr><td>Monta\u017c 1,156<\/td><td>Monta\u017c i pod\u0142\u0105czenie termoregulatora temperatury<\/td><td>Sztuka<\/td><td>80,00 z\u0142<\/td><\/tr><tr><td>Monta\u017c 1,157<\/td><td>Monta\u017c i pod\u0142\u0105czenie panelu grzewczego<\/td><td>Sztuka<\/td><td>150,00 z\u0142<\/td><\/tr><tr><td>Monta\u017c 1,158<\/td><td>Monta\u017c i pod\u0142\u0105czenie kot\u0142a elektrycznego<\/td><td>Sztuka<\/td><td>600,00 z\u0142<\/td><\/tr><\/tbody><\/table><\/figure>\n","protected":false},"excerpt":{"rendered":"<p>NUMER US\u0141UGI NAZWA US\u0141UGI JEDNOSTKA CENA Monta\u017c 1,1 Cennik Instalacji Elektrycznych Indywidualna wycena Indywidualna wycena Monta\u017c 1,2 Wykonanie punktu si\u0142owego<\/p>\n","protected":false},"author":1,"featured_media":0,"parent":0,"menu_order":0,"comment_status":"closed","ping_status":"closed","template":"","meta":{"colormag_page_container_layout":"no_sidebar_full_width","colormag_page_sidebar_layout":"no_sidebar","footnotes":""},"class_list":["post-60","page","type-page","status-publish","hentry"],"_links":{"self":[{"href":"https:\/\/teamprofessional.pl\/teamprofessional\/index.php?rest_route=\/wp\/v2\/pages\/60","targetHints":{"allow":["GET"]}}],"collection":[{"href":"https:\/\/teamprofessional.pl\/teamprofessional\/index.php?rest_route=\/wp\/v2\/pages"}],"about":[{"href":"https:\/\/teamprofessional.pl\/teamprofessional\/index.php?rest_route=\/wp\/v2\/types\/page"}],"author":[{"embeddable":true,"href":"https:\/\/teamprofessional.pl\/teamprofessional\/index.php?rest_route=\/wp\/v2\/users\/1"}],"replies":[{"embeddable":true,"href":"https:\/\/teamprofessional.pl\/teamprofessional\/index.php?rest_route=%2Fwp%2Fv2%2Fcomments&post=60"}],"version-history":[{"count":6,"href":"https:\/\/teamprofessional.pl\/teamprofessional\/index.php?rest_route=\/wp\/v2\/pages\/60\/revisions"}],"predecessor-version":[{"id":500,"href":"https:\/\/teamprofessional.pl\/teamprofessional\/index.php?rest_route=\/wp\/v2\/pages\/60\/revisions\/500"}],"wp:attachment":[{"href":"https:\/\/teamprofessional.pl\/teamprofessional\/index.php?rest_route=%2Fwp%2Fv2%2Fmedia&parent=60"}],"curies":[{"name":"wp","href":"https:\/\/api.w.org\/{rel}","templated":true}]}}