{"id":257,"date":"2023-06-10T15:05:38","date_gmt":"2023-06-10T14:05:38","guid":{"rendered":"https:\/\/teamprofessional.pl\/teamprofessional\/?page_id=257"},"modified":"2024-05-12T08:12:19","modified_gmt":"2024-05-12T07:12:19","slug":"usluga-zabudowy-z-karton-gipsu-o","status":"publish","type":"page","link":"https:\/\/teamprofessional.pl\/teamprofessional\/?page_id=257","title":{"rendered":"US\u0141UGA ZABUDOWY Z KARTON GIPSU"},"content":{"rendered":"\n<p class=\"has-text-align-center has-medium-font-size\">Kompleksowo wykonujemy wszelkiego rodzaju prace zwi\u0105zane z wyko\u0144czeniem i przebudow\u0105 \u015bcian i sufit\u00f3w:<\/p>\n\n\n\n<ul class=\"wp-block-list\">\n<li>Zabudowa gipsowo &#8211; kartonowa g-k<\/li>\n\n\n\n<li>\u015acianki dzia\u0142owe z p\u0142yt gipsowo-kartonowych i OSB<\/li>\n\n\n\n<li>Nietypowa zabudowa z p\u0142yt gipsowo-kartonowych i OSB<\/li>\n\n\n\n<li>Sufity podwieszane<\/li>\n\n\n\n<li>Docieplenia poddaszy i \u015bcian<\/li>\n\n\n\n<li>Zabudow\u0119 poddaszy, strych\u00f3w i innych pomieszcze\u0144 o nietypowych<\/li>\n\n\n\n<li>kszta\u0142tach<\/li>\n\n\n\n<li>G\u0142adzie gipsowe (z produkt\u00f3w marki Knauff, Cekol, Megaron)<\/li>\n\n\n\n<li>Szpachlowanie<\/li>\n\n\n\n<li>Naprawa \u015bcian i sufit\u00f3w<\/li>\n\n\n\n<li>Obr\u00f3bka okien, drzwi<\/li>\n\n\n\n<li>Murowanie<\/li>\n\n\n\n<li>Wyburzenia<\/li>\n\n\n\n<li>Usuwanie awarii i usterek<\/li>\n\n\n\n<li>Serwis<\/li>\n<\/ul>\n\n\n\n<p class=\"has-medium-font-size\">Us\u0142uga zabudowy z karton gipsu polega na tworzeniu \u015bcian, sufit\u00f3w, wn\u0119k, rega\u0142\u00f3w, kolumn czy innych element\u00f3w wyko\u0144czeniowych z zastosowaniem p\u0142yt gipsowo-kartonowych. Jest to popularna metoda wyko\u0144czenia wn\u0119trz, kt\u00f3ra pozwala na szybkie i efektywne tworzenie r\u00f3\u017cnych konstrukcji wewn\u0105trz pomieszcze\u0144.<\/p>\n\n\n\n<p class=\"has-medium-font-size\">Zabudowa z karton gipsu jest trwa\u0142a, estetyczna i \u0142atwa w monta\u017cu. Mo\u017cna przy jej pomocy stworzy\u0107 nowe pomieszczenia, ukry\u0107 instalacje, stworzy\u0107 odpowiednie warunki akustyczne czy termiczne. Jest to tak\u017ce doskona\u0142e rozwi\u0105zanie do modernizacji i remont\u00f3w mieszka\u0144 czy biur.<\/p>\n","protected":false},"excerpt":{"rendered":"<p>Kompleksowo wykonujemy wszelkiego rodzaju prace zwi\u0105zane z wyko\u0144czeniem i przebudow\u0105 \u015bcian i sufit\u00f3w: Us\u0142uga zabudowy z karton gipsu polega na<\/p>\n","protected":false},"author":1,"featured_media":0,"parent":0,"menu_order":0,"comment_status":"closed","ping_status":"closed","template":"","meta":{"colormag_page_container_layout":"no_sidebar_full_width","colormag_page_sidebar_layout":"no_sidebar","footnotes":""},"class_list":["post-257","page","type-page","status-publish","hentry"],"_links":{"self":[{"href":"https:\/\/teamprofessional.pl\/teamprofessional\/index.php?rest_route=\/wp\/v2\/pages\/257","targetHints":{"allow":["GET"]}}],"collection":[{"href":"https:\/\/teamprofessional.pl\/teamprofessional\/index.php?rest_route=\/wp\/v2\/pages"}],"about":[{"href":"https:\/\/teamprofessional.pl\/teamprofessional\/index.php?rest_route=\/wp\/v2\/types\/page"}],"author":[{"embeddable":true,"href":"https:\/\/teamprofessional.pl\/teamprofessional\/index.php?rest_route=\/wp\/v2\/users\/1"}],"replies":[{"embeddable":true,"href":"https:\/\/teamprofessional.pl\/teamprofessional\/index.php?rest_route=%2Fwp%2Fv2%2Fcomments&post=257"}],"version-history":[{"count":4,"href":"https:\/\/teamprofessional.pl\/teamprofessional\/index.php?rest_route=\/wp\/v2\/pages\/257\/revisions"}],"predecessor-version":[{"id":541,"href":"https:\/\/teamprofessional.pl\/teamprofessional\/index.php?rest_route=\/wp\/v2\/pages\/257\/revisions\/541"}],"wp:attachment":[{"href":"https:\/\/teamprofessional.pl\/teamprofessional\/index.php?rest_route=%2Fwp%2Fv2%2Fmedia&parent=257"}],"curies":[{"name":"wp","href":"https:\/\/api.w.org\/{rel}","templated":true}]}}