{"id":256,"date":"2023-06-10T15:05:00","date_gmt":"2023-06-10T14:05:00","guid":{"rendered":"https:\/\/teamprofessional.pl\/teamprofessional\/?page_id=256"},"modified":"2023-08-06T15:27:53","modified_gmt":"2023-08-06T14:27:53","slug":"usluga-ukladania-plytek-o","status":"publish","type":"page","link":"https:\/\/teamprofessional.pl\/teamprofessional\/?page_id=256","title":{"rendered":"US\u0141UGA UK\u0141ADANIA P\u0141YTEK"},"content":{"rendered":"\n<p class=\"has-text-align-center has-medium-font-size\">Specjalizujemy si\u0119 w wykonywaniu wszelkiego rodzaju prac glazurniczych oraz wykonujemy projekty \u0142azienek od podstaw lub modernizujemy oraz dostosowujemy ju\u017c istniej\u0105ce projekty do aktualnych potrzeb:<\/p>\n\n\n\n<ul class=\"wp-block-list\">\n<li>Uk\u0142adanie terakoty<\/li>\n\n\n\n<li>Uk\u0142adanie p\u0142ytek ceramicznych<\/li>\n\n\n\n<li>Uk\u0142adanie gresu<\/li>\n\n\n\n<li>Uk\u0142adanie mozaiki<\/li>\n\n\n\n<li>Uk\u0142adanie p\u0142ytek gipsowych<\/li>\n\n\n\n<li>Uk\u0142adanie p\u0142ytek kinkietowych<\/li>\n\n\n\n<li>Fugowanie<\/li>\n\n\n\n<li>Op\u0142ytkowanie wanny, brodzika, geberitu, parapetu<\/li>\n\n\n\n<li>Wiercenie i wykonywanie otwor\u00f3w<\/li>\n\n\n\n<li>Usuwanie p\u0142ytek<\/li>\n\n\n\n<li>Usuwanie usterek<\/li>\n<\/ul>\n","protected":false},"excerpt":{"rendered":"<p>Specjalizujemy si\u0119 w wykonywaniu wszelkiego rodzaju prac glazurniczych oraz wykonujemy projekty \u0142azienek od podstaw lub modernizujemy oraz dostosowujemy ju\u017c istniej\u0105ce<\/p>\n","protected":false},"author":1,"featured_media":0,"parent":0,"menu_order":0,"comment_status":"closed","ping_status":"closed","template":"","meta":{"colormag_page_container_layout":"no_sidebar_full_width","colormag_page_sidebar_layout":"no_sidebar","footnotes":""},"class_list":["post-256","page","type-page","status-publish","hentry"],"_links":{"self":[{"href":"https:\/\/teamprofessional.pl\/teamprofessional\/index.php?rest_route=\/wp\/v2\/pages\/256","targetHints":{"allow":["GET"]}}],"collection":[{"href":"https:\/\/teamprofessional.pl\/teamprofessional\/index.php?rest_route=\/wp\/v2\/pages"}],"about":[{"href":"https:\/\/teamprofessional.pl\/teamprofessional\/index.php?rest_route=\/wp\/v2\/types\/page"}],"author":[{"embeddable":true,"href":"https:\/\/teamprofessional.pl\/teamprofessional\/index.php?rest_route=\/wp\/v2\/users\/1"}],"replies":[{"embeddable":true,"href":"https:\/\/teamprofessional.pl\/teamprofessional\/index.php?rest_route=%2Fwp%2Fv2%2Fcomments&post=256"}],"version-history":[{"count":3,"href":"https:\/\/teamprofessional.pl\/teamprofessional\/index.php?rest_route=\/wp\/v2\/pages\/256\/revisions"}],"predecessor-version":[{"id":363,"href":"https:\/\/teamprofessional.pl\/teamprofessional\/index.php?rest_route=\/wp\/v2\/pages\/256\/revisions\/363"}],"wp:attachment":[{"href":"https:\/\/teamprofessional.pl\/teamprofessional\/index.php?rest_route=%2Fwp%2Fv2%2Fmedia&parent=256"}],"curies":[{"name":"wp","href":"https:\/\/api.w.org\/{rel}","templated":true}]}}