{"id":248,"date":"2023-06-10T15:03:53","date_gmt":"2023-06-10T14:03:53","guid":{"rendered":"https:\/\/teamprofessional.pl\/teamprofessional\/?page_id=248"},"modified":"2023-08-06T15:27:07","modified_gmt":"2023-08-06T14:27:07","slug":"usluga-sprzatania-i-utylizacji-o","status":"publish","type":"page","link":"https:\/\/teamprofessional.pl\/teamprofessional\/?page_id=248","title":{"rendered":"US\u0141UGA SPRZ\u0104TANIA I UTYLIZACJI"},"content":{"rendered":"\n<p class=\"has-text-align-center has-medium-font-size\">Oferujemy szeroki zakres profesjonalnych us\u0142ug porz\u0105dkowych i transportowych:<\/p>\n\n\n\n<ul class=\"wp-block-list\">\n<li>Kompleksowe opr\u00f3\u017cnianie i oczyszczanie mieszka\u0144, dom\u00f3w, gara\u017cy, magazyn\u00f3w, sklep\u00f3w i wszystkich innych nieruchomo\u015bci i pomieszcze\u0144<\/li>\n\n\n\n<li>Opr\u00f3\u017cnianie i oczyszczanie ca\u0142kowite lub cz\u0119\u015bciowe nieruchomo\u015bci, magazyn\u00f3w, dzia\u0142ek, warsztat\u00f3w, itp.<\/li>\n\n\n\n<li>Opr\u00f3\u017cnianie i oczyszczanie trudno dost\u0119pnych miejsc strych\u00f3w, piwnic, kom\u00f3rek, balkon\u00f3w, itp.<\/li>\n\n\n\n<li>Rozbi\u00f3rka, wyniesienie i wyw\u00f3z gabaryt\u00f3w (meblo\u015bcianki, komplety mebli, naro\u017cniki, tapczany, kanapy, wyk\u0142adziny, szaf, rega\u0142y, zabudowy, itp.)<\/li>\n\n\n\n<li>Wyniesienie i wyw\u00f3z mebli (p\u00f3\u0142ki, fotele, sto\u0142y, krzes\u0142a, dywan\u00f3w itp.)<\/li>\n\n\n\n<li>Od\u0142\u0105czenie wyniesienie i utylizacja sprz\u0119tu elektrycznego AGD, RTV (lod\u00f3wki, pralki, kuchenki, zmywarki, telewizory, radia, odkurzacze itp.)<\/li>\n\n\n\n<li>Pakowanie i wyw\u00f3z (ksi\u0105\u017cek, naczy\u0144, odzie\u017cy, po\u015bcieli i wszelkich innych drobnych przedmiot\u00f3w).<\/li>\n\n\n\n<li>Likwidacja biur, warsztat\u00f3w, kiosk\u00f3w, pawilon\u00f3w, barak\u00f3w, stragan\u00f3w, itp.<\/li>\n\n\n\n<li>Przygotowywanie nieruchomo\u015bci do sprzeda\u017cy, remontu, rozbi\u00f3rki<\/li>\n\n\n\n<li>Porz\u0105dkowanie i sprz\u0105tanie po budowie lub remoncie<\/li>\n\n\n\n<li>Porz\u0105dkowanie i sprz\u0105tanie ogrod\u00f3w i dzia\u0142ek (wycinka drzew, podcinanie krzew\u00f3w, \u017cywop\u0142otu, drzewek owocowych, usuwanie korzeni, koszenie trawy)<\/li>\n\n\n\n<li>Odbi\u00f3r i wyw\u00f3z (\u015bmieci, gruzu, ziemi, odpad\u00f3w z gospodarstw domowych, dzia\u0142ek)<\/li>\n\n\n\n<li>Odbi\u00f3r i wyw\u00f3z (szk\u0142a, makulatury)<\/li>\n\n\n\n<li>Odbi\u00f3r i wyw\u00f3z odpad\u00f3w zielonych (trawy, li\u015bci, ga\u0142\u0119zi)<\/li>\n\n\n\n<li>Odbi\u00f3r i wyw\u00f3z z\u0142omu, rozbi\u00f3rki konstrukcji stalowych za materia\u0142<\/li>\n\n\n\n<li>Zabezpieczanie pustostan\u00f3w przed dost\u0119pem os\u00f3b trzecich<\/li>\n\n\n\n<li>Demonta\u017c zabud\u00f3w targowych i powystawowych<\/li>\n\n\n\n<li>Us\u0142uga ekspres w 48H<\/li>\n\n\n\n<li>Rozbi\u00f3rk\u0119 wyniesienie, wyw\u00f3z i utylizacj\u0119 gabaryt\u00f3w<\/li>\n\n\n\n<li>Wyniesienie, wyw\u00f3z i utylizacj\u0119 mebli<\/li>\n\n\n\n<li>Demonta\u017c, wyniesienie i utylizacj\u0119 sprz\u0119tu AGD i RTV<\/li>\n\n\n\n<li>Wyniesienie i wyw\u00f3z rzeczy<\/li>\n\n\n\n<li>Dok\u0142adne sprz\u0105tanie mieszkania<\/li>\n\n\n\n<li>Rozbi\u00f3rk\u0119, wyniesienie i wyw\u00f3z gabaryt\u00f3w (meblo\u015bcianek,<\/li>\n\n\n\n<li>komplet\u00f3w mebli, mebli kuchennych, mebli \u0142azienkowych, meble wypoczynkowe, szafy, rega\u0142y, itp.)<\/li>\n\n\n\n<li>Rozbi\u00f3rk\u0119, wyniesienie i wyw\u00f3z zabudowy meblowej (garderoby, szafy komandor, itp.)<\/li>\n\n\n\n<li>Rozbi\u00f3rk\u0119, wyniesienie i wyw\u00f3z zabudowy karton-gips<\/li>\n\n\n\n<li>Meble biurowe (szafy, szafki, biurka, rega\u0142y, krzes\u0142a, itp.)<\/li>\n\n\n\n<li>Meble kuchenne (szafki, blaty, sto\u0142y, krzes\u0142a, zlewy, itp.)<\/li>\n\n\n\n<li>Meble skrzyniowe (szafy, rega\u0142y, komody, biblioteczki, witryny, szafki, itp.)<\/li>\n\n\n\n<li>Meble wypoczynkowe (naro\u017cniki, kanapy, wersalki, tapczany, fotele, \u0142\u00f3\u017cka, materace, itp.)<\/li>\n\n\n\n<li>Sprz\u0119t RTV i AGD (telewizory, radia, lod\u00f3wek, pralki, kuchenek, zmywarek<\/li>\n\n\n\n<li>Stare piece<\/li>\n\n\n\n<li>Wanny, grzejniki i rury itp.<\/li>\n\n\n\n<li>Sprz\u0119t elektryczny (silniki, komputery, akumulatory itp).<\/li>\n\n\n\n<li>Lod\u00f3wki, pralki, zmywarki, telewizory, radia itp.<\/li>\n\n\n\n<li>Elementy metalowe (siatki, blachy, pr\u0119ty itp.)<\/li>\n\n\n\n<li>Gabarytowe konstrukcje i urz\u0105dzenia<\/li>\n\n\n\n<li>Niepotrzebne wyposa\u017cenie sklepu i warsztatowe<\/li>\n\n\n\n<li>Wszystkie inne przedmioty wykonane z metalu<\/li>\n<\/ul>\n","protected":false},"excerpt":{"rendered":"<p>Oferujemy szeroki zakres profesjonalnych us\u0142ug porz\u0105dkowych i transportowych:<\/p>\n","protected":false},"author":1,"featured_media":0,"parent":0,"menu_order":0,"comment_status":"closed","ping_status":"closed","template":"","meta":{"colormag_page_container_layout":"no_sidebar_full_width","colormag_page_sidebar_layout":"no_sidebar","footnotes":""},"class_list":["post-248","page","type-page","status-publish","hentry"],"_links":{"self":[{"href":"https:\/\/teamprofessional.pl\/teamprofessional\/index.php?rest_route=\/wp\/v2\/pages\/248","targetHints":{"allow":["GET"]}}],"collection":[{"href":"https:\/\/teamprofessional.pl\/teamprofessional\/index.php?rest_route=\/wp\/v2\/pages"}],"about":[{"href":"https:\/\/teamprofessional.pl\/teamprofessional\/index.php?rest_route=\/wp\/v2\/types\/page"}],"author":[{"embeddable":true,"href":"https:\/\/teamprofessional.pl\/teamprofessional\/index.php?rest_route=\/wp\/v2\/users\/1"}],"replies":[{"embeddable":true,"href":"https:\/\/teamprofessional.pl\/teamprofessional\/index.php?rest_route=%2Fwp%2Fv2%2Fcomments&post=248"}],"version-history":[{"count":3,"href":"https:\/\/teamprofessional.pl\/teamprofessional\/index.php?rest_route=\/wp\/v2\/pages\/248\/revisions"}],"predecessor-version":[{"id":360,"href":"https:\/\/teamprofessional.pl\/teamprofessional\/index.php?rest_route=\/wp\/v2\/pages\/248\/revisions\/360"}],"wp:attachment":[{"href":"https:\/\/teamprofessional.pl\/teamprofessional\/index.php?rest_route=%2Fwp%2Fv2%2Fmedia&parent=248"}],"curies":[{"name":"wp","href":"https:\/\/api.w.org\/{rel}","templated":true}]}}