{"id":241,"date":"2023-06-10T15:02:25","date_gmt":"2023-06-10T14:02:25","guid":{"rendered":"https:\/\/teamprofessional.pl\/teamprofessional\/?page_id=241"},"modified":"2023-08-06T15:26:20","modified_gmt":"2023-08-06T14:26:20","slug":"usluga-montarzu-podlogi-dywanow-paneli-o","status":"publish","type":"page","link":"https:\/\/teamprofessional.pl\/teamprofessional\/?page_id=241","title":{"rendered":"US\u0141UGA MONTARZU POD\u0141OGI, DYWAN\u00d3W, PANELI"},"content":{"rendered":"\n<p class=\"has-text-align-center has-medium-font-size\">Pi\u0119kna pod\u0142oga potrafi odmieni\u0107 ka\u017cde wn\u0119trze, optycznie powi\u0119kszy\u0107 przestrze\u0144 i nada\u0107 jej odpowiedni charakter. Jest to inwestycja na lata wi\u0119c musi by\u0107 wykonana fachowo i rzetelnie.<\/p>\n\n\n\n<p class=\"has-text-align-center has-medium-font-size\">Specjalizujemy si\u0119 w wykonywaniu kompleksowych us\u0142ug zwi\u0105zanych z monta\u017cem i uk\u0142adaniem pod\u0142\u00f3g:<\/p>\n\n\n\n<ul class=\"wp-block-list\">\n<li>Monta\u017c parkietu pod\u0142ogowego<\/li>\n\n\n\n<li>Monta\u017c pod\u0142\u00f3g drewnianych<\/li>\n\n\n\n<li>Monta\u017c deski barlineckiej<\/li>\n\n\n\n<li>Monta\u017c paneli pod\u0142ogowych<\/li>\n\n\n\n<li>Monta\u017c paneli \u015bciennych<\/li>\n\n\n\n<li>Monta\u017c podk\u0142ad\u00f3w ( p\u0142yt podpanelowych, folii z g\u0105bk\u0105, folii)<\/li>\n\n\n\n<li>Monta\u017c wyk\u0142adziny dywanowej i PCV<\/li>\n\n\n\n<li>Monta\u017c listew (drewnianych, PCV, MDF)<\/li>\n\n\n\n<li>Monta\u017c boazerii<\/li>\n\n\n\n<li>Monta\u017c deski pod\u0142ogowej, tarasowej, kompozytowej i p\u0142yty OSB<\/li>\n\n\n\n<li>Wykonanie posadzki i wylewki samopoziomuj\u0105ce<\/li>\n\n\n\n<li>Konserwacja pod\u0142\u00f3g<\/li>\n\n\n\n<li>Usuwanie usterek<\/li>\n\n\n\n<li>Serwis<\/li>\n\n\n\n<li>Przygotowanie powierzchni (zrywanie starych pod\u0142\u00f3g, wyr\u00f3wnywanie pod\u0142o\u017ca)<\/li>\n\n\n\n<li>Przenoszenie i ustawianie mebli, sprz\u0119tu AGD i RTV<\/li>\n\n\n\n<li>Wykonanie pod\u0142o\u017ca pod panele (g\u0105bka, p\u0142yty)<\/li>\n\n\n\n<li>Uk\u0142adanie legar\u00f3w<\/li>\n\n\n\n<li>Monta\u017c desek i p\u0142yt OSB<\/li>\n\n\n\n<li>Monta\u017c paneli pod\u0142ogowych<\/li>\n\n\n\n<li>Monta\u017c paneli \u015bciennych<\/li>\n\n\n\n<li>Monta\u017c deski barlineckiej<\/li>\n\n\n\n<li>Monta\u017c parkietu<\/li>\n\n\n\n<li>Monta\u017c boazerii i kaseton\u00f3w<\/li>\n\n\n\n<li>Monta\u017c listew przypod\u0142ogowych (drewnianych, PCV, MDF)<\/li>\n\n\n\n<li>Monta\u017c listew przej\u015bciowych (prog\u00f3w)<\/li>\n\n\n\n<li>Monta\u017c wyk\u0142adziny dywanowej i PCV<\/li>\n\n\n\n<li>Monta\u017c deski pod\u0142ogowej, tarasowej, kompozytowej<\/li>\n<\/ul>\n","protected":false},"excerpt":{"rendered":"<p>Pi\u0119kna pod\u0142oga potrafi odmieni\u0107 ka\u017cde wn\u0119trze, optycznie powi\u0119kszy\u0107 przestrze\u0144 i nada\u0107 jej odpowiedni charakter. Jest to inwestycja na lata wi\u0119c<\/p>\n","protected":false},"author":1,"featured_media":0,"parent":0,"menu_order":0,"comment_status":"closed","ping_status":"closed","template":"","meta":{"colormag_page_container_layout":"no_sidebar_full_width","colormag_page_sidebar_layout":"no_sidebar","footnotes":""},"class_list":["post-241","page","type-page","status-publish","hentry"],"_links":{"self":[{"href":"https:\/\/teamprofessional.pl\/teamprofessional\/index.php?rest_route=\/wp\/v2\/pages\/241","targetHints":{"allow":["GET"]}}],"collection":[{"href":"https:\/\/teamprofessional.pl\/teamprofessional\/index.php?rest_route=\/wp\/v2\/pages"}],"about":[{"href":"https:\/\/teamprofessional.pl\/teamprofessional\/index.php?rest_route=\/wp\/v2\/types\/page"}],"author":[{"embeddable":true,"href":"https:\/\/teamprofessional.pl\/teamprofessional\/index.php?rest_route=\/wp\/v2\/users\/1"}],"replies":[{"embeddable":true,"href":"https:\/\/teamprofessional.pl\/teamprofessional\/index.php?rest_route=%2Fwp%2Fv2%2Fcomments&post=241"}],"version-history":[{"count":6,"href":"https:\/\/teamprofessional.pl\/teamprofessional\/index.php?rest_route=\/wp\/v2\/pages\/241\/revisions"}],"predecessor-version":[{"id":358,"href":"https:\/\/teamprofessional.pl\/teamprofessional\/index.php?rest_route=\/wp\/v2\/pages\/241\/revisions\/358"}],"wp:attachment":[{"href":"https:\/\/teamprofessional.pl\/teamprofessional\/index.php?rest_route=%2Fwp%2Fv2%2Fmedia&parent=241"}],"curies":[{"name":"wp","href":"https:\/\/api.w.org\/{rel}","templated":true}]}}