{"id":238,"date":"2023-06-10T15:02:09","date_gmt":"2023-06-10T14:02:09","guid":{"rendered":"https:\/\/teamprofessional.pl\/teamprofessional\/?page_id=238"},"modified":"2023-08-06T15:25:42","modified_gmt":"2023-08-06T14:25:42","slug":"usluga-montarzu-dzwi-okna-parapety-o","status":"publish","type":"page","link":"https:\/\/teamprofessional.pl\/teamprofessional\/?page_id=238","title":{"rendered":"US\u0141UGA MONTARZU DZWI, OKNA, PARAPETY"},"content":{"rendered":"\n<p class=\"has-text-align-center has-medium-font-size\">Wykonujemy wszelkiego rodzaju kompleksowe us\u0142ugi zwi\u0105zane z stolark\u0105 domow\u0105:<\/p>\n\n\n\n<ul class=\"wp-block-list\">\n<li>Monta\u017c i wymiana drzwi<\/li>\n\n\n\n<li>Monta\u017c i wymiana okien<\/li>\n\n\n\n<li>Monta\u017c i wymiana parapet\u00f3w<\/li>\n\n\n\n<li>Monta\u017c i wymiana bram gara\u017cowych<\/li>\n\n\n\n<li>Monta\u017c i wymiana nap\u0119d\u00f3w bram gara\u017cowych i wjazdowych<\/li>\n\n\n\n<li>Monta\u017c i wymiana osprz\u0119tu do bram gara\u017cowych i wjazdowych<\/li>\n\n\n\n<li>Naprawa drzwi, okien i bram<\/li>\n\n\n\n<li>Demonta\u017c drzwi, okien, parapet\u00f3w i bram<\/li>\n\n\n\n<li>Obr\u00f3bka drzwi, okien, parapet\u00f3w i bram<\/li>\n\n\n\n<li>Usuwanie awarii i usterek<\/li>\n\n\n\n<li>Serwis<\/li>\n\n\n\n<li>Demonta\u017c starych okien, parapet\u00f3w, drzwi, bram<\/li>\n\n\n\n<li>Monta\u017c stolarki otworowej z PWC i aluminium<\/li>\n\n\n\n<li>Monta\u017c okien, drzwi, bram na kotwy lub dyble<\/li>\n\n\n\n<li>Ustabilizowanie i uszczelnienie okien pian\u0105 monta\u017cow\u0105<\/li>\n\n\n\n<li>Monta\u017c parapet\u00f3w zewn\u0119trznych i wewn\u0119trznych<\/li>\n\n\n\n<li>Obr\u00f3bka tynkarska o\u015bcie\u017cnicy okien, drzwi, bram<\/li>\n\n\n\n<li>Demonta\u017c starych drzwi<\/li>\n\n\n\n<li>Monta\u017c stolarki otworowej<\/li>\n\n\n\n<li>Monta\u017c stolarki drzwiowej<\/li>\n\n\n\n<li>Monta\u017c drzwi na kotwy lub dyble<\/li>\n\n\n\n<li>Monta\u017c prog\u00f3w<\/li>\n\n\n\n<li>Ustabilizowanie i uszczelnienie drzwi pian\u0105 monta\u017cow\u0105<\/li>\n\n\n\n<li>Obr\u00f3bka tynkarska o\u015bcie\u017cnic drzwi<\/li>\n\n\n\n<li>Regulacja stolarki okiennej i drzwiowej<\/li>\n\n\n\n<li>Renowacja okien i drzwi<\/li>\n\n\n\n<li>Wymiana szyb<\/li>\n\n\n\n<li>Naprawa i wymiana oku\u0107<\/li>\n\n\n\n<li>Wymiana uszczelek<\/li>\n\n\n\n<li>Wymiana silikonu<\/li>\n\n\n\n<li>Monta\u017c wymiana nawietrznik\u00f3w<\/li>\n\n\n\n<li>Monta\u017c i wymiana klamek<\/li>\n<\/ul>\n","protected":false},"excerpt":{"rendered":"<p>Wykonujemy wszelkiego rodzaju kompleksowe us\u0142ugi zwi\u0105zane z stolark\u0105 domow\u0105:<\/p>\n","protected":false},"author":1,"featured_media":0,"parent":0,"menu_order":0,"comment_status":"closed","ping_status":"closed","template":"","meta":{"colormag_page_container_layout":"no_sidebar_full_width","colormag_page_sidebar_layout":"no_sidebar","footnotes":""},"class_list":["post-238","page","type-page","status-publish","hentry"],"_links":{"self":[{"href":"https:\/\/teamprofessional.pl\/teamprofessional\/index.php?rest_route=\/wp\/v2\/pages\/238","targetHints":{"allow":["GET"]}}],"collection":[{"href":"https:\/\/teamprofessional.pl\/teamprofessional\/index.php?rest_route=\/wp\/v2\/pages"}],"about":[{"href":"https:\/\/teamprofessional.pl\/teamprofessional\/index.php?rest_route=\/wp\/v2\/types\/page"}],"author":[{"embeddable":true,"href":"https:\/\/teamprofessional.pl\/teamprofessional\/index.php?rest_route=\/wp\/v2\/users\/1"}],"replies":[{"embeddable":true,"href":"https:\/\/teamprofessional.pl\/teamprofessional\/index.php?rest_route=%2Fwp%2Fv2%2Fcomments&post=238"}],"version-history":[{"count":5,"href":"https:\/\/teamprofessional.pl\/teamprofessional\/index.php?rest_route=\/wp\/v2\/pages\/238\/revisions"}],"predecessor-version":[{"id":356,"href":"https:\/\/teamprofessional.pl\/teamprofessional\/index.php?rest_route=\/wp\/v2\/pages\/238\/revisions\/356"}],"wp:attachment":[{"href":"https:\/\/teamprofessional.pl\/teamprofessional\/index.php?rest_route=%2Fwp%2Fv2%2Fmedia&parent=238"}],"curies":[{"name":"wp","href":"https:\/\/api.w.org\/{rel}","templated":true}]}}