{"id":230,"date":"2023-06-10T15:00:58","date_gmt":"2023-06-10T14:00:58","guid":{"rendered":"https:\/\/teamprofessional.pl\/teamprofessional\/?page_id=230"},"modified":"2023-08-06T15:25:14","modified_gmt":"2023-08-06T14:25:14","slug":"usluga-malowania-o","status":"publish","type":"page","link":"https:\/\/teamprofessional.pl\/teamprofessional\/?page_id=230","title":{"rendered":"US\u0141UGA MALOWANIA"},"content":{"rendered":"\n<p class=\"has-text-align-center has-medium-font-size\">Precyzyjnie pomalowane i wyko\u0144czone \u015bciany to wizyt\u00f3wka ka\u017cdego wn\u0119trza. To \u015bciany nadaj\u0105 wn\u0119trzu niepowtarzalnego charakteru:<\/p>\n\n\n\n<ul class=\"wp-block-list\">\n<li>Naprawa \u015bcian i sufit\u00f3w<\/li>\n\n\n\n<li>Szpachlowanie<\/li>\n\n\n\n<li>Przygotowanie powierzchni do malowania<\/li>\n\n\n\n<li>Malowanie \u015bcian i sufit\u00f3w<\/li>\n\n\n\n<li>Przygotowanie powierzchni do tapetowania<\/li>\n\n\n\n<li>Tapetowanie \u015bcian i sufit\u00f3w<\/li>\n\n\n\n<li>Malowanie farbami emulsyjnymi metod\u0105 tradycyjn\u0105<\/li>\n\n\n\n<li>Malowanie farbami emulsyjnymi agregatem<\/li>\n\n\n\n<li>Wykonanie g\u0142adzi gipsowych<\/li>\n\n\n\n<li>Skrobanie i mycie \u015bcian<\/li>\n\n\n\n<li>Gruntowanie \u015bcian<\/li>\n\n\n\n<li>Malowanie rur wodno-kanalizacyjnych i centralnego ogrzewania<\/li>\n\n\n\n<li>Lakierowanie<\/li>\n\n\n\n<li>Malowanie drzwi<\/li>\n\n\n\n<li>Malowanie grzejnik\u00f3w<\/li>\n\n\n\n<li>Malowanie okien<\/li>\n\n\n\n<li>Impregnacja drewna<\/li>\n\n\n\n<li>Opalanie starej pow\u0142oki malarskiej na powierzchniach drewnianych<\/li>\n\n\n\n<li>Zabezpieczenie foli\u0105 malowanych pomieszcze\u0144 (pod\u0142ogi, mebli, itp.)<\/li>\n\n\n\n<li>Zabezpieczenie ta\u015bm\u0105 malarsk\u0105 (kontakt\u00f3w, gniazdek, lamp, itp.)<\/li>\n<\/ul>\n","protected":false},"excerpt":{"rendered":"<p>Precyzyjnie pomalowane i wyko\u0144czone \u015bciany to wizyt\u00f3wka ka\u017cdego wn\u0119trza. To \u015bciany nadaj\u0105 wn\u0119trzu niepowtarzalnego charakteru:<\/p>\n","protected":false},"author":1,"featured_media":0,"parent":0,"menu_order":0,"comment_status":"closed","ping_status":"closed","template":"","meta":{"colormag_page_container_layout":"no_sidebar_full_width","colormag_page_sidebar_layout":"no_sidebar","footnotes":""},"class_list":["post-230","page","type-page","status-publish","hentry"],"_links":{"self":[{"href":"https:\/\/teamprofessional.pl\/teamprofessional\/index.php?rest_route=\/wp\/v2\/pages\/230","targetHints":{"allow":["GET"]}}],"collection":[{"href":"https:\/\/teamprofessional.pl\/teamprofessional\/index.php?rest_route=\/wp\/v2\/pages"}],"about":[{"href":"https:\/\/teamprofessional.pl\/teamprofessional\/index.php?rest_route=\/wp\/v2\/types\/page"}],"author":[{"embeddable":true,"href":"https:\/\/teamprofessional.pl\/teamprofessional\/index.php?rest_route=\/wp\/v2\/users\/1"}],"replies":[{"embeddable":true,"href":"https:\/\/teamprofessional.pl\/teamprofessional\/index.php?rest_route=%2Fwp%2Fv2%2Fcomments&post=230"}],"version-history":[{"count":3,"href":"https:\/\/teamprofessional.pl\/teamprofessional\/index.php?rest_route=\/wp\/v2\/pages\/230\/revisions"}],"predecessor-version":[{"id":355,"href":"https:\/\/teamprofessional.pl\/teamprofessional\/index.php?rest_route=\/wp\/v2\/pages\/230\/revisions\/355"}],"wp:attachment":[{"href":"https:\/\/teamprofessional.pl\/teamprofessional\/index.php?rest_route=%2Fwp%2Fv2%2Fmedia&parent=230"}],"curies":[{"name":"wp","href":"https:\/\/api.w.org\/{rel}","templated":true}]}}