{"id":227,"date":"2023-06-10T15:00:21","date_gmt":"2023-06-10T14:00:21","guid":{"rendered":"https:\/\/teamprofessional.pl\/teamprofessional\/?page_id=227"},"modified":"2023-08-06T15:23:37","modified_gmt":"2023-08-06T14:23:37","slug":"usluga-elektryczna-o","status":"publish","type":"page","link":"https:\/\/teamprofessional.pl\/teamprofessional\/?page_id=227","title":{"rendered":"US\u0141UGA ELEKTRYCZNA"},"content":{"rendered":"\n<p class=\"has-text-align-center has-medium-font-size\">Oferujemy szeroki zakres us\u0142ug instalacyjnych, remontowych i wyko\u0144czeniowych.<br>Wykonujemy instalacje elektryczne od podstaw lub modernizujemy i dostosowujemy ju\u017c istniej\u0105ce do aktualnych potrzeb:<\/p>\n\n\n\n<ul class=\"wp-block-list\">\n<li>Wykonanie nowej instalacji elektrycznych<\/li>\n\n\n\n<li>Wymiana, modernizacja i przebudowa instalacji elektrycznych<\/li>\n\n\n\n<li>Instalacje o\u015bwietleniowe zewn\u0119trzne i wewn\u0119trzne<\/li>\n\n\n\n<li>O\u015bwietlenie LED<\/li>\n\n\n\n<li>Instalacje odgromowe<\/li>\n\n\n\n<li>Bia\u0142y monta\u017c<\/li>\n\n\n\n<li>Instalacje telefoniczne i telewizyjne<\/li>\n\n\n\n<li>Wymiana tablic bezpiecznikowych<\/li>\n\n\n\n<li>Wymiana element\u00f3w instalacji elektrycznej<\/li>\n\n\n\n<li>Wyszukiwanie przerwanych przewod\u00f3w<\/li>\n\n\n\n<li>Wyszukiwanie miejsca uszkodzenia przewodu<\/li>\n\n\n\n<li>Wyszukiwanie przewodu w wi\u0105zce<\/li>\n\n\n\n<li>Identyfikacja przewodu w wi\u0105zce<\/li>\n\n\n\n<li>Monta\u017c sprz\u0119tu elektrycznego<\/li>\n\n\n\n<li>Pod\u0142\u0105czanie p\u0142yt indukcyjnych, piekarnik\u00f3w, zmywarek, okap\u00f3w<\/li>\n\n\n\n<li>Instalacja urz\u0105dze\u0144 elektrycznych wolnostoj\u0105cych (p\u0142yt, kuchenek, piecyk\u00f3w, piekarnik\u00f3w, wpis do karty gwarancyjnej)<\/li>\n\n\n\n<li>Monta\u017c i instalacja urz\u0105dze\u0144 elektrycznych do zabudowy (p\u0142yt, kuchenek, piecyk\u00f3w, wpis do karty gwarancyjnej)<\/li>\n\n\n\n<li>Usuwanie usterek i awarii w instalacjach elektrycznych<\/li>\n\n\n\n<li>Okresowe przegl\u0105dy<\/li>\n\n\n\n<li>Pomiary elektryczne odbiorcze i okresowe<\/li>\n\n\n\n<li>Doz\u00f3r nad wykonaniem instalacji elektrycznych<\/li>\n\n\n\n<li>Wykonanie instalacji przeciwoblodzeniowe (podjazd\u00f3w, kran\u00f3w, rur)<\/li>\n\n\n\n<li>Wykonanie instalacji alarmowych, video-domofonowych, TV-SAT, do kamer<\/li>\n\n\n\n<li>Serwis<\/li>\n\n\n\n<li>Naprawa instalacji elektrycznej<\/li>\n\n\n\n<li>Pogotowie elektryczne 24h\/7 dni<\/li>\n\n\n\n<li>Odbi\u00f3r i wyw\u00f3z zu\u017cytego sprz\u0119tu domowego, AGD i RTV zgodnie z obowi\u0105zuj\u0105cym prawem o elektro odpadach<\/li>\n\n\n\n<li>Usuwanie usterek i awarii w instalacji elektryczne<\/li>\n\n\n\n<li>Usuwanie usterek i awarii w instalacji o\u015bwietleniowej<\/li>\n\n\n\n<li>Usuwanie usterek i awarii w tablicach rozdzielczych<\/li>\n\n\n\n<li>Usuwanie usterek i awarii w sprz\u0119cie AGD i RTV<\/li>\n<\/ul>\n","protected":false},"excerpt":{"rendered":"<p>Oferujemy szeroki zakres us\u0142ug instalacyjnych, remontowych i wyko\u0144czeniowych.Wykonujemy instalacje elektryczne od podstaw lub modernizujemy i dostosowujemy ju\u017c istniej\u0105ce do aktualnych<\/p>\n","protected":false},"author":1,"featured_media":0,"parent":0,"menu_order":0,"comment_status":"closed","ping_status":"closed","template":"","meta":{"colormag_page_container_layout":"no_sidebar_full_width","colormag_page_sidebar_layout":"no_sidebar","footnotes":""},"class_list":["post-227","page","type-page","status-publish","hentry"],"_links":{"self":[{"href":"https:\/\/teamprofessional.pl\/teamprofessional\/index.php?rest_route=\/wp\/v2\/pages\/227","targetHints":{"allow":["GET"]}}],"collection":[{"href":"https:\/\/teamprofessional.pl\/teamprofessional\/index.php?rest_route=\/wp\/v2\/pages"}],"about":[{"href":"https:\/\/teamprofessional.pl\/teamprofessional\/index.php?rest_route=\/wp\/v2\/types\/page"}],"author":[{"embeddable":true,"href":"https:\/\/teamprofessional.pl\/teamprofessional\/index.php?rest_route=\/wp\/v2\/users\/1"}],"replies":[{"embeddable":true,"href":"https:\/\/teamprofessional.pl\/teamprofessional\/index.php?rest_route=%2Fwp%2Fv2%2Fcomments&post=227"}],"version-history":[{"count":4,"href":"https:\/\/teamprofessional.pl\/teamprofessional\/index.php?rest_route=\/wp\/v2\/pages\/227\/revisions"}],"predecessor-version":[{"id":352,"href":"https:\/\/teamprofessional.pl\/teamprofessional\/index.php?rest_route=\/wp\/v2\/pages\/227\/revisions\/352"}],"wp:attachment":[{"href":"https:\/\/teamprofessional.pl\/teamprofessional\/index.php?rest_route=%2Fwp%2Fv2%2Fmedia&parent=227"}],"curies":[{"name":"wp","href":"https:\/\/api.w.org\/{rel}","templated":true}]}}