{"id":223,"date":"2023-06-10T14:59:12","date_gmt":"2023-06-10T13:59:12","guid":{"rendered":"https:\/\/teamprofessional.pl\/teamprofessional\/?page_id=223"},"modified":"2023-08-06T15:22:59","modified_gmt":"2023-08-06T14:22:59","slug":"usluga-domofonowa-o","status":"publish","type":"page","link":"https:\/\/teamprofessional.pl\/teamprofessional\/?page_id=223","title":{"rendered":"US\u0141UGA DOMOFONOWA"},"content":{"rendered":"\n<p class=\"has-text-align-center has-medium-font-size\">Wykonujemy monta\u017ce domofon\u00f3w od podstaw lub modernizujemy i dostosowujemy ju\u017c istniej\u0105ce instalacje do aktualnych potrzeb:<\/p>\n\n\n\n<ul class=\"wp-block-list\">\n<li>Monta\u017c i instalacja domofon\u00f3w<\/li>\n\n\n\n<li>Monta\u017c i instalacja unifon\u00f3w<\/li>\n\n\n\n<li>Monta\u017c i instalacja wideodomofonu<\/li>\n\n\n\n<li>Monta\u017c i instalacja dzwonk\u00f3w<\/li>\n\n\n\n<li>Uk\u0142adanie przewod\u00f3w<\/li>\n\n\n\n<li>Demonta\u017c urz\u0105dze\u0144 i instalacji<\/li>\n\n\n\n<li>Usuwanie usterek i awarii<\/li>\n\n\n\n<li>Serwis<\/li>\n<\/ul>\n","protected":false},"excerpt":{"rendered":"<p>Wykonujemy monta\u017ce domofon\u00f3w od podstaw lub modernizujemy i dostosowujemy ju\u017c istniej\u0105ce instalacje do aktualnych potrzeb:<\/p>\n","protected":false},"author":1,"featured_media":0,"parent":0,"menu_order":0,"comment_status":"closed","ping_status":"closed","template":"","meta":{"colormag_page_container_layout":"no_sidebar_full_width","colormag_page_sidebar_layout":"no_sidebar","footnotes":""},"class_list":["post-223","page","type-page","status-publish","hentry"],"_links":{"self":[{"href":"https:\/\/teamprofessional.pl\/teamprofessional\/index.php?rest_route=\/wp\/v2\/pages\/223","targetHints":{"allow":["GET"]}}],"collection":[{"href":"https:\/\/teamprofessional.pl\/teamprofessional\/index.php?rest_route=\/wp\/v2\/pages"}],"about":[{"href":"https:\/\/teamprofessional.pl\/teamprofessional\/index.php?rest_route=\/wp\/v2\/types\/page"}],"author":[{"embeddable":true,"href":"https:\/\/teamprofessional.pl\/teamprofessional\/index.php?rest_route=\/wp\/v2\/users\/1"}],"replies":[{"embeddable":true,"href":"https:\/\/teamprofessional.pl\/teamprofessional\/index.php?rest_route=%2Fwp%2Fv2%2Fcomments&post=223"}],"version-history":[{"count":4,"href":"https:\/\/teamprofessional.pl\/teamprofessional\/index.php?rest_route=\/wp\/v2\/pages\/223\/revisions"}],"predecessor-version":[{"id":351,"href":"https:\/\/teamprofessional.pl\/teamprofessional\/index.php?rest_route=\/wp\/v2\/pages\/223\/revisions\/351"}],"wp:attachment":[{"href":"https:\/\/teamprofessional.pl\/teamprofessional\/index.php?rest_route=%2Fwp%2Fv2%2Fmedia&parent=223"}],"curies":[{"name":"wp","href":"https:\/\/api.w.org\/{rel}","templated":true}]}}