{"id":219,"date":"2023-06-10T14:57:50","date_gmt":"2023-06-10T13:57:50","guid":{"rendered":"https:\/\/teamprofessional.pl\/teamprofessional\/?page_id=219"},"modified":"2023-08-06T15:21:01","modified_gmt":"2023-08-06T14:21:01","slug":"usluga-automatyki-bram-o","status":"publish","type":"page","link":"https:\/\/teamprofessional.pl\/teamprofessional\/?page_id=219","title":{"rendered":"US\u0141UGA AUTOMATYKI BRAM"},"content":{"rendered":"\n<p class=\"has-text-align-center has-medium-font-size\">Wykonujemy monta\u017ce nap\u0119d\u00f3w bram od podstaw lub modernizujemy i dostosowujemy ju\u017c istniej\u0105ce instalacje do aktualnych potrzeb:<\/p>\n\n\n\n<ul class=\"wp-block-list\">\n<li>Monta\u017c nap\u0119d\u00f3w do bram przesuwnych<\/li>\n\n\n\n<li>Monta\u017c nap\u0119d\u00f3w do bram skrzyd\u0142owych<\/li>\n\n\n\n<li>Monta\u017c nap\u0119d\u00f3w do bram gara\u017cowych<\/li>\n\n\n\n<li>Wymiana nap\u0119d\u00f3w bram gara\u017cowych i wjazdowych<\/li>\n\n\n\n<li>Wymiana osprz\u0119tu do bram gara\u017cowych i wjazdowych<\/li>\n\n\n\n<li>Wykonanie nowych instalacji elektrycznych<\/li>\n\n\n\n<li>Wymiana, modernizacja i przebudowa instalacji elektrycznych<\/li>\n\n\n\n<li>Serwis<\/li>\n\n\n\n<li>Usuwanie usterek i awarii w instalacjach elektrycznych<\/li>\n\n\n\n<li>Okresowe przegl\u0105dy<\/li>\n\n\n\n<li>Naprawa nap\u0119d\u00f3w do bram<\/li>\n\n\n\n<li>Pogotowie elektryczne 24h\/7 dni<\/li>\n<\/ul>\n\n\n\n<p>Monta\u017c nap\u0119d\u00f3w do bram przesuwnych<\/p>\n\n\n\n<ul class=\"wp-block-list\">\n<li>Sprawdzenie istniej\u0105cej infrastruktury kablowej<\/li>\n\n\n\n<li>Sprawdzenie zamocowania bramy<\/li>\n\n\n\n<li>Monta\u017c podstawy nap\u0119du bramy przesuwnej<\/li>\n\n\n\n<li>Monta\u017c nap\u0119du bramy przesuwnej<\/li>\n\n\n\n<li>Monta\u017c oraz konfiguracja sterownika nap\u0119du bramy przesuwnej<\/li>\n\n\n\n<li>Monta\u017c listwy z\u0119batej (stalowej lub z tworzywa)<\/li>\n\n\n\n<li>Monta\u017c fotokom\u00f3rek zabezpieczaj\u0105cych<\/li>\n\n\n\n<li>Monta\u017c lampy sygnalizacyjnej<\/li>\n\n\n\n<li>Przygotowanie odpowiedniej infrastruktury kablowej<\/li>\n\n\n\n<li>Przygotowanie podmur\u00f3wki lub wylewki pod nap\u0119d<\/li>\n\n\n\n<li>Monta\u017c anteny dodatkowej wzmacniaj\u0105cej zasi\u0119g pilot\u00f3w<\/li>\n\n\n\n<li>Monta\u017c dodatkowych przycisk\u00f3w steruj\u0105cych bram\u0105<\/li>\n\n\n\n<li>Monta\u017c dodatkowych fotokom\u00f3rek zabezpieczaj\u0105cych obszar pracy<\/li>\n\n\n\n<li>Monta\u017c modu\u0142\u00f3w zdalnego sterowania bram\u0105 (GSM, WIFI)<\/li>\n<\/ul>\n\n\n\n<p>Monta\u017c nap\u0119d\u00f3w do bram skrzyd\u0142owych<\/p>\n\n\n\n<ul class=\"wp-block-list\">\n<li>Sprawdzenie istniej\u0105cej infrastruktury kablowej<\/li>\n\n\n\n<li>Sprawdzenie zamocowania bramy<\/li>\n\n\n\n<li>Monta\u017c mocowa\u0144 si\u0142ownik\u00f3w bramy skrzyd\u0142owej<\/li>\n\n\n\n<li>Monta\u017c si\u0142ownik\u00f3w bramy skrzyd\u0142owej<\/li>\n\n\n\n<li>Monta\u017c oraz konfiguracja sterownika nap\u0119du bramy skrzyd\u0142owej<\/li>\n\n\n\n<li>Monta\u017c fotokom\u00f3rek zabezpieczaj\u0105cych<\/li>\n\n\n\n<li>Monta\u017c lampy sygnalizacyjnej<\/li>\n\n\n\n<li>Przygotowanie odpowiedniej infrastruktury kablowej<\/li>\n\n\n\n<li>Monta\u017c anteny dodatkowej wzmacniaj\u0105cej zasi\u0119g pilot\u00f3w<\/li>\n\n\n\n<li>Monta\u017c dodatkowych przycisk\u00f3w steruj\u0105cych bram\u0105<\/li>\n\n\n\n<li>Monta\u017c dodatkowych fotokom\u00f3rek zabezpieczaj\u0105cych obszar pracy<\/li>\n\n\n\n<li>Monta\u017c modu\u0142\u00f3w zdalnego sterowania bram\u0105 (GSM, WIFI)<\/li>\n<\/ul>\n\n\n\n<p>Monta\u017c nap\u0119d\u00f3w do bram gara\u017cowych<\/p>\n\n\n\n<ul class=\"wp-block-list\">\n<li>Sprawdzenie istniej\u0105cej infrastruktury kablowej<\/li>\n\n\n\n<li>Sprawdzenie zamocowania bramy i szyn<\/li>\n\n\n\n<li>Monta\u017c szyny transmisyjnej<\/li>\n\n\n\n<li>Monta\u017c nap\u0119du bramy gara\u017cowej<\/li>\n\n\n\n<li>Monta\u017c oraz konfiguracja sterownika nap\u0119du bramy gara\u017cowej<\/li>\n\n\n\n<li>Monta\u017c awaryjnego otwarcia bramy gara\u017cowej<\/li>\n\n\n\n<li>Monta\u017c fotokom\u00f3rek zabezpieczaj\u0105cych<\/li>\n\n\n\n<li>Przygotowanie odpowiedniej infrastruktury kablowej<\/li>\n\n\n\n<li>Monta\u017c anteny dodatkowej wzmacniaj\u0105cej zasi\u0119g pilot\u00f3w<\/li>\n\n\n\n<li>Monta\u017c dodatkowych przycisk\u00f3w steruj\u0105cych bram\u0105<\/li>\n\n\n\n<li>Monta\u017c dodatkowych fotokom\u00f3rek zabezpieczaj\u0105cych obszar pracy<\/li>\n\n\n\n<li>Monta\u017c modu\u0142\u00f3w zdalnego sterowania bram\u0105 (GSM, WIFI)<\/li>\n<\/ul>\n","protected":false},"excerpt":{"rendered":"<p>Wykonujemy monta\u017ce nap\u0119d\u00f3w bram od podstaw lub modernizujemy i dostosowujemy ju\u017c istniej\u0105ce instalacje do aktualnych potrzeb: Monta\u017c nap\u0119d\u00f3w do bram<\/p>\n","protected":false},"author":1,"featured_media":0,"parent":0,"menu_order":0,"comment_status":"closed","ping_status":"closed","template":"","meta":{"colormag_page_container_layout":"no_sidebar_full_width","colormag_page_sidebar_layout":"no_sidebar","footnotes":""},"class_list":["post-219","page","type-page","status-publish","hentry"],"_links":{"self":[{"href":"https:\/\/teamprofessional.pl\/teamprofessional\/index.php?rest_route=\/wp\/v2\/pages\/219","targetHints":{"allow":["GET"]}}],"collection":[{"href":"https:\/\/teamprofessional.pl\/teamprofessional\/index.php?rest_route=\/wp\/v2\/pages"}],"about":[{"href":"https:\/\/teamprofessional.pl\/teamprofessional\/index.php?rest_route=\/wp\/v2\/types\/page"}],"author":[{"embeddable":true,"href":"https:\/\/teamprofessional.pl\/teamprofessional\/index.php?rest_route=\/wp\/v2\/users\/1"}],"replies":[{"embeddable":true,"href":"https:\/\/teamprofessional.pl\/teamprofessional\/index.php?rest_route=%2Fwp%2Fv2%2Fcomments&post=219"}],"version-history":[{"count":5,"href":"https:\/\/teamprofessional.pl\/teamprofessional\/index.php?rest_route=\/wp\/v2\/pages\/219\/revisions"}],"predecessor-version":[{"id":349,"href":"https:\/\/teamprofessional.pl\/teamprofessional\/index.php?rest_route=\/wp\/v2\/pages\/219\/revisions\/349"}],"wp:attachment":[{"href":"https:\/\/teamprofessional.pl\/teamprofessional\/index.php?rest_route=%2Fwp%2Fv2%2Fmedia&parent=219"}],"curies":[{"name":"wp","href":"https:\/\/api.w.org\/{rel}","templated":true}]}}