{"id":142,"date":"2023-03-31T16:38:51","date_gmt":"2023-03-31T15:38:51","guid":{"rendered":"https:\/\/teamprofessional.pl\/teamprofessional\/?page_id=142"},"modified":"2024-05-12T08:37:41","modified_gmt":"2024-05-12T07:37:41","slug":"usluga-budowania-stron-internetowych-o","status":"publish","type":"page","link":"https:\/\/teamprofessional.pl\/teamprofessional\/?page_id=142","title":{"rendered":"US\u0141UGA BUDOWY STRON INTERNETOWYCH"},"content":{"rendered":"\n<p class=\"has-medium-font-size\">Oferujemy kompleksowe us\u0142ugi w zakresie budowy stron internetowych, przygotowane z my\u015bl\u0105 o spe\u0142nieniu potrzeb i oczekiwa\u0144 naszych klient\u00f3w. Nasza oferta obejmuje:<\/p>\n\n\n\n<ol class=\"wp-block-list\">\n<li class=\"has-medium-font-size\">Projektowanie i tworzenie responsywnych stron internetowych, kt\u00f3re doskonale wy\u015bwietlaj\u0105 si\u0119 na r\u00f3\u017cnych urz\u0105dzeniach (komputerach, tabletach, smartfonach).<\/li>\n\n\n\n<li class=\"has-medium-font-size\">Optymalizacj\u0119 pod k\u0105tem SEO, czyli pozycjonowanie stron w wyszukiwarkach internetowych, co przyczynia si\u0119 do poprawy widoczno\u015bci strony w wynikach wyszukiwania.<\/li>\n\n\n\n<li class=\"has-medium-font-size\">Personalizacj\u0119 i dostosowanie strony do wymaga\u0144 i bran\u017cy klienta, zapewniaj\u0105c unikalny design i funkcjonalno\u015bci.<\/li>\n\n\n\n<li class=\"has-medium-font-size\">Integracj\u0119 z systemami zarz\u0105dzania tre\u015bci\u0105 (CMS), co umo\u017cliwia \u0142atwe i szybkie zarz\u0105dzanie tre\u015bci\u0105 na stronie.<\/li>\n\n\n\n<li class=\"has-medium-font-size\">Sta\u0142e wsparcie techniczne oraz aktualizacje strony, aby zapewni\u0107 bezpiecze\u0144stwo i wydajno\u015b\u0107 strony internetowej.<\/li>\n<\/ol>\n\n\n\n<p class=\"has-medium-font-size\">Zaufaj profesjonalistom z naszej firmy i razem stw\u00f3rzmy funkcjonaln\u0105 i atrakcyjn\u0105 stron\u0119 internetow\u0105, kt\u00f3ra pomo\u017ce Ci w osi\u0105gni\u0119ciu sukcesu online!<\/p>\n","protected":false},"excerpt":{"rendered":"<p>Oferujemy kompleksowe us\u0142ugi w zakresie budowy stron internetowych, przygotowane z my\u015bl\u0105 o spe\u0142nieniu potrzeb i oczekiwa\u0144 naszych klient\u00f3w. Nasza oferta<\/p>\n","protected":false},"author":1,"featured_media":0,"parent":0,"menu_order":0,"comment_status":"closed","ping_status":"closed","template":"","meta":{"colormag_page_container_layout":"no_sidebar_full_width","colormag_page_sidebar_layout":"no_sidebar","footnotes":""},"class_list":["post-142","page","type-page","status-publish","hentry"],"_links":{"self":[{"href":"https:\/\/teamprofessional.pl\/teamprofessional\/index.php?rest_route=\/wp\/v2\/pages\/142","targetHints":{"allow":["GET"]}}],"collection":[{"href":"https:\/\/teamprofessional.pl\/teamprofessional\/index.php?rest_route=\/wp\/v2\/pages"}],"about":[{"href":"https:\/\/teamprofessional.pl\/teamprofessional\/index.php?rest_route=\/wp\/v2\/types\/page"}],"author":[{"embeddable":true,"href":"https:\/\/teamprofessional.pl\/teamprofessional\/index.php?rest_route=\/wp\/v2\/users\/1"}],"replies":[{"embeddable":true,"href":"https:\/\/teamprofessional.pl\/teamprofessional\/index.php?rest_route=%2Fwp%2Fv2%2Fcomments&post=142"}],"version-history":[{"count":4,"href":"https:\/\/teamprofessional.pl\/teamprofessional\/index.php?rest_route=\/wp\/v2\/pages\/142\/revisions"}],"predecessor-version":[{"id":554,"href":"https:\/\/teamprofessional.pl\/teamprofessional\/index.php?rest_route=\/wp\/v2\/pages\/142\/revisions\/554"}],"wp:attachment":[{"href":"https:\/\/teamprofessional.pl\/teamprofessional\/index.php?rest_route=%2Fwp%2Fv2%2Fmedia&parent=142"}],"curies":[{"name":"wp","href":"https:\/\/api.w.org\/{rel}","templated":true}]}}