{"id":139,"date":"2023-03-31T16:37:51","date_gmt":"2023-03-31T15:37:51","guid":{"rendered":"https:\/\/teamprofessional.pl\/teamprofessional\/?page_id=139"},"modified":"2024-05-12T08:29:53","modified_gmt":"2024-05-12T07:29:53","slug":"usluga-budowlana-o","status":"publish","type":"page","link":"https:\/\/teamprofessional.pl\/teamprofessional\/?page_id=139","title":{"rendered":"US\u0141UGA BUDOWLANA"},"content":{"rendered":"\n<ol class=\"wp-block-list\">\n<li class=\"has-medium-font-size\"><a href=\"https:\/\/teamprofessional.pl\/teamprofessional\/?page_id=227\" data-type=\"URL\" data-id=\"https:\/\/teamprofessional.pl\/teamprofessional\/?page_id=227\">1,0 US\u0141UGA ELEKTRYCZNA<\/a><\/li>\n\n\n\n<li class=\"has-medium-font-size\"><a href=\"https:\/\/teamprofessional.pl\/teamprofessional\/?page_id=216\" data-type=\"URL\" data-id=\"https:\/\/teamprofessional.pl\/teamprofessional\/?page_id=216\">2,0 US\u0141UGA HYDRAULICZNA<\/a><\/li>\n\n\n\n<li class=\"has-medium-font-size\"><a href=\"https:\/\/teamprofessional.pl\/teamprofessional\/?page_id=257\" data-type=\"URL\" data-id=\"https:\/\/teamprofessional.pl\/teamprofessional\/?page_id=257\">3,0 US\u0141UGA ZABUDOWY Z KARTON GIPSU<\/a><\/li>\n\n\n\n<li class=\"has-medium-font-size\"><a href=\"https:\/\/teamprofessional.pl\/teamprofessional\/?page_id=230\" data-type=\"URL\" data-id=\"https:\/\/teamprofessional.pl\/teamprofessional\/?page_id=230\">4,0 US\u0141UGA MALOWANIA<\/a><\/li>\n\n\n\n<li class=\"has-medium-font-size\"><a href=\"https:\/\/teamprofessional.pl\/teamprofessional\/?page_id=223\" data-type=\"URL\" data-id=\"https:\/\/teamprofessional.pl\/teamprofessional\/?page_id=223\">5,0 US\u0141UGA DOMOFONOWA<\/a><\/li>\n\n\n\n<li class=\"has-medium-font-size\"><a href=\"https:\/\/teamprofessional.pl\/teamprofessional\/?page_id=219\" data-type=\"URL\" data-id=\"https:\/\/teamprofessional.pl\/teamprofessional\/?page_id=219\">6,0 US\u0141UGA AUTOMATYKI BRAM<\/a><\/li>\n\n\n\n<li class=\"has-medium-font-size\"><a href=\"https:\/\/teamprofessional.pl\/teamprofessional\/?page_id=234\" data-type=\"URL\" data-id=\"https:\/\/teamprofessional.pl\/teamprofessional\/?page_id=234\">7,0 US\u0141UGA ALARMOWA I MONITORINGU<\/a><\/li>\n\n\n\n<li class=\"has-medium-font-size\"><a href=\"https:\/\/teamprofessional.pl\/teamprofessional\/?page_id=256\" data-type=\"URL\" data-id=\"https:\/\/teamprofessional.pl\/teamprofessional\/?page_id=256\">8,0 US\u0141UGA UK\u0141ADANIA P\u0141YTEK<\/a><\/li>\n\n\n\n<li class=\"has-medium-font-size\"><a href=\"https:\/\/teamprofessional.pl\/teamprofessional\/?page_id=244\" data-type=\"URL\" data-id=\"https:\/\/teamprofessional.pl\/teamprofessional\/?page_id=244\">9,0 US\u0141UGA SKR\u0118CANIA MEBLI<\/a><\/li>\n\n\n\n<li class=\"has-medium-font-size\"><a href=\"https:\/\/teamprofessional.pl\/teamprofessional\/?page_id=249\" data-type=\"URL\" data-id=\"https:\/\/teamprofessional.pl\/teamprofessional\/?page_id=249\">10,0 US\u0141UGA TRANSPORTOWA<\/a><\/li>\n\n\n\n<li class=\"has-medium-font-size\"><a href=\"https:\/\/teamprofessional.pl\/teamprofessional\/?page_id=238\" data-type=\"URL\" data-id=\"https:\/\/teamprofessional.pl\/teamprofessional\/?page_id=238\">11,0 US\u0141UGA MONTARZU DZWI, OKNA, PARAPETY<\/a><\/li>\n\n\n\n<li class=\"has-medium-font-size\"><a href=\"https:\/\/teamprofessional.pl\/teamprofessional\/?page_id=241\" data-type=\"URL\" data-id=\"https:\/\/teamprofessional.pl\/teamprofessional\/?page_id=241\">12,0 US\u0141UGA MONTARZU POD\u0141OGI, DYWAN\u00d3W, PANELI<\/a><\/li>\n\n\n\n<li class=\"has-medium-font-size\"><a href=\"https:\/\/teamprofessional.pl\/teamprofessional\/?page_id=248\" data-type=\"URL\" data-id=\"https:\/\/teamprofessional.pl\/teamprofessional\/?page_id=248\">13,0 US\u0141UGA SPRZ\u0104TANIA I UTYLIZACJI<\/a><\/li>\n<\/ol>\n","protected":false},"excerpt":{"rendered":"","protected":false},"author":1,"featured_media":0,"parent":0,"menu_order":0,"comment_status":"closed","ping_status":"closed","template":"","meta":{"colormag_page_container_layout":"no_sidebar_full_width","colormag_page_sidebar_layout":"no_sidebar","footnotes":""},"class_list":["post-139","page","type-page","status-publish","hentry"],"_links":{"self":[{"href":"https:\/\/teamprofessional.pl\/teamprofessional\/index.php?rest_route=\/wp\/v2\/pages\/139","targetHints":{"allow":["GET"]}}],"collection":[{"href":"https:\/\/teamprofessional.pl\/teamprofessional\/index.php?rest_route=\/wp\/v2\/pages"}],"about":[{"href":"https:\/\/teamprofessional.pl\/teamprofessional\/index.php?rest_route=\/wp\/v2\/types\/page"}],"author":[{"embeddable":true,"href":"https:\/\/teamprofessional.pl\/teamprofessional\/index.php?rest_route=\/wp\/v2\/users\/1"}],"replies":[{"embeddable":true,"href":"https:\/\/teamprofessional.pl\/teamprofessional\/index.php?rest_route=%2Fwp%2Fv2%2Fcomments&post=139"}],"version-history":[{"count":10,"href":"https:\/\/teamprofessional.pl\/teamprofessional\/index.php?rest_route=\/wp\/v2\/pages\/139\/revisions"}],"predecessor-version":[{"id":550,"href":"https:\/\/teamprofessional.pl\/teamprofessional\/index.php?rest_route=\/wp\/v2\/pages\/139\/revisions\/550"}],"wp:attachment":[{"href":"https:\/\/teamprofessional.pl\/teamprofessional\/index.php?rest_route=%2Fwp%2Fv2%2Fmedia&parent=139"}],"curies":[{"name":"wp","href":"https:\/\/api.w.org\/{rel}","templated":true}]}}