{"id":136,"date":"2023-03-31T16:36:32","date_gmt":"2023-03-31T15:36:32","guid":{"rendered":"https:\/\/teamprofessional.pl\/teamprofessional\/?page_id=136"},"modified":"2024-05-12T08:36:11","modified_gmt":"2024-05-12T07:36:11","slug":"usluga-budowy-stron-internetowych-c","status":"publish","type":"page","link":"https:\/\/teamprofessional.pl\/teamprofessional\/?page_id=136","title":{"rendered":"US\u0141UGA BUDOWY STRON INTERNETOWYCH"},"content":{"rendered":"\n<figure class=\"wp-block-table is-style-stripes has-medium-font-size\"><table style=\"border-width:4px\"><thead><tr><th><strong>NUMER US\u0141UGI<\/strong><\/th><th><strong>NAZWA US\u0141UGI<\/strong><\/th><th><strong>CENA<\/strong><\/th><\/tr><\/thead><tbody><tr><td><strong>Us\u0142uga<\/strong><\/td><td><strong>Cena budowy strony internetowej<\/strong><\/td><td><strong>Indywidualna wycena do ka\u017cdego zlecenia<\/strong> <\/td><\/tr><\/tbody><\/table><\/figure>\n","protected":false},"excerpt":{"rendered":"<p>NUMER US\u0141UGI NAZWA US\u0141UGI CENA Us\u0142uga Cena budowy strony internetowej Indywidualna wycena do ka\u017cdego zlecenia<\/p>\n","protected":false},"author":1,"featured_media":0,"parent":0,"menu_order":0,"comment_status":"closed","ping_status":"closed","template":"","meta":{"colormag_page_container_layout":"no_sidebar_full_width","colormag_page_sidebar_layout":"no_sidebar","footnotes":""},"class_list":["post-136","page","type-page","status-publish","hentry"],"_links":{"self":[{"href":"https:\/\/teamprofessional.pl\/teamprofessional\/index.php?rest_route=\/wp\/v2\/pages\/136","targetHints":{"allow":["GET"]}}],"collection":[{"href":"https:\/\/teamprofessional.pl\/teamprofessional\/index.php?rest_route=\/wp\/v2\/pages"}],"about":[{"href":"https:\/\/teamprofessional.pl\/teamprofessional\/index.php?rest_route=\/wp\/v2\/types\/page"}],"author":[{"embeddable":true,"href":"https:\/\/teamprofessional.pl\/teamprofessional\/index.php?rest_route=\/wp\/v2\/users\/1"}],"replies":[{"embeddable":true,"href":"https:\/\/teamprofessional.pl\/teamprofessional\/index.php?rest_route=%2Fwp%2Fv2%2Fcomments&post=136"}],"version-history":[{"count":3,"href":"https:\/\/teamprofessional.pl\/teamprofessional\/index.php?rest_route=\/wp\/v2\/pages\/136\/revisions"}],"predecessor-version":[{"id":553,"href":"https:\/\/teamprofessional.pl\/teamprofessional\/index.php?rest_route=\/wp\/v2\/pages\/136\/revisions\/553"}],"wp:attachment":[{"href":"https:\/\/teamprofessional.pl\/teamprofessional\/index.php?rest_route=%2Fwp%2Fv2%2Fmedia&parent=136"}],"curies":[{"name":"wp","href":"https:\/\/api.w.org\/{rel}","templated":true}]}}