{"id":119,"date":"2023-01-08T13:34:02","date_gmt":"2023-01-08T12:34:02","guid":{"rendered":"https:\/\/teamprofessional.pl\/teamprofessional\/?page_id=119"},"modified":"2024-12-25T16:02:54","modified_gmt":"2024-12-25T15:02:54","slug":"regulamin","status":"publish","type":"page","link":"https:\/\/teamprofessional.pl\/teamprofessional\/?page_id=119","title":{"rendered":"Regulamin"},"content":{"rendered":"\n<hr class=\"wp-block-separator has-alpha-channel-opacity is-style-wide\" id=\"block-13ea40c3-f5d6-441f-8cdd-4c0a9246a602\"\/>\n\n\n\n<p class=\"has-medium-font-size\" id=\"block-283f46a9-34ba-4bc4-b29c-176d18ceb82a\">Regulamin strony internetowego wchodzi w \u017cycie z dniem 01.01.2020 r.<\/p>\n\n\n\n<p class=\"has-medium-font-size\" id=\"block-b1c4a123-fb69-4bb9-8b03-2dcb328bf5a0\" style=\"margin-top:0;margin-right:0;margin-bottom:0;margin-left:0\">Niniejszy regulamin, zwany dalej Regulaminem, okre\u015bla zasady \u015bwiadczenia us\u0142ug przez Us\u0142ugodawc\u0119 za po\u015brednictwem serwisu internetowego umieszczonego w witrynie internetowej pod adresem <a href=\"https:\/\/teamprofessional.pl\/teamprofessional\/\"><strong>https:\/\/teamprofessional.p<\/strong>l<\/a> zwany dalej \u201eSerwisem\u201d, zasady korzystania z tych us\u0142ug i zasady ochrony danych osobowych Us\u0142ugobiorc\u00f3w i innych u\u017cytkownik\u00f3w.<\/p>\n\n\n\n<hr class=\"wp-block-separator has-alpha-channel-opacity is-style-wide\" id=\"block-91de34d6-5c9c-4859-9b74-dcbd98279df8\"\/>\n\n\n\n<p class=\"has-medium-font-size\" id=\"block-2ef616cd-c4c4-4e4a-bc59-c334093a72b3\" style=\"margin-top:0;margin-bottom:0\"><strong>1. Definicje<\/strong><\/p>\n\n\n\n<p class=\"has-medium-font-size\" id=\"block-2ef616cd-c4c4-4e4a-bc59-c334093a72b3\" style=\"margin-top:0;margin-bottom:0\"><\/p>\n\n\n\n<p class=\"has-medium-font-size\" id=\"block-5cd33456-ea50-40d2-b583-d34cf0b1724e\" style=\"margin-top:0;margin-bottom:0\">1. Klient &#8211; pe\u0142noletnia osoba fizyczna posiadaj\u0105ca pe\u0142n\u0105 zdolno\u015b\u0107 do czynno\u015bci prawnych, osoba prawna lub jednostka organizacyjna nie posiadaj\u0105ca osobowo\u015bci prawnej a posiadaj\u0105ca zdolno\u015b\u0107 do czynno\u015bci prawnych.<\/p>\n\n\n\n<p class=\"has-medium-font-size\" id=\"block-be18a5ca-2b87-49a7-8712-db813fdb328f\" style=\"margin-top:0;margin-bottom:0\">2. Konsument &#8211; oznacza osob\u0119 fizyczn\u0105 dokonuj\u0105c\u0105 z przedsi\u0119biorc\u0105 czynno\u015bci prawnej niezwi\u0105zanej bezpo\u015brednio z jej dzia\u0142alno\u015bci\u0105 gospodarcz\u0105 lub zawodow\u0105.<\/p>\n\n\n\n<p class=\"has-medium-font-size\" style=\"margin-top:0;margin-bottom:0\">3. Przedsi\u0119biorca \/ Sprzedawca us\u0142ugi &#8211; oznacza osob\u0119 fizyczn\u0105, osob\u0119 prawn\u0105 lub jednostk\u0119 organizacyjn\u0105 nieb\u0119d\u0105c\u0105 osob\u0105 prawn\u0105, kt\u00f3rej ustawa przyznaje zdolno\u015b\u0107 prawn\u0105, prowadz\u0105c\u0105 we w\u0142asnym imieniu dzia\u0142alno\u015b\u0107 gospodarcz\u0105 lub zawodow\u0105 i dokonuj\u0105c\u0105 czynno\u015bci prawnej zwi\u0105zanej bezpo\u015brednio z jej dzia\u0142alno\u015bci\u0105 gospodarcz\u0105 lub zawodow\u0105.<\/p>\n\n\n\n<p class=\"has-medium-font-size\" id=\"block-d3bc40ef-8ccf-4da4-b034-25c4734d3064\" style=\"margin-top:0;margin-bottom:0\">4. Konto Klienta &#8211; oznacza indywidualny dla ka\u017cdego Klienta panel, uruchomiony na jego rzecz przez Sprzedawc\u0119, po dokonaniu przez Klienta Rejestracji i zawarciu umowy \u015bwiadczenia us\u0142ugi Prowadzenie Konta Klienta.<\/p>\n\n\n\n<p class=\"has-medium-font-size\" style=\"margin-top:0;margin-bottom:0\">5. Rejestracja &#8211; oznacza czynno\u015b\u0107 faktyczn\u0105 dokonan\u0105 w spos\u00f3b okre\u015blony w Regulaminie, wymagan\u0105 dla korzystania przez Klienta ze wszystkich funkcjonalno\u015bci Sklepu Internetowego.<\/p>\n\n\n\n<p class=\"has-medium-font-size\" style=\"margin-top:0;margin-bottom:0\">6. Login &#8211; oznacza indywidualne oznaczenie Klienta, przez niego ustalone, sk\u0142adaj\u0105ce si\u0119 z ci\u0105gu znak\u00f3w literowych, cyfrowych lub innych, wymagane wraz z Has\u0142em do za\u0142o\u017cenia Konta Klienta w Sklepie Internetowym. Login jest w\u0142a\u015bciwym adresem poczty elektronicznej Klienta.<\/p>\n\n\n\n<p class=\"has-medium-font-size\" style=\"margin-top:0;margin-bottom:0\">7. Has\u0142o &#8211; oznacza ci\u0105g znak\u00f3w literowych, cyfrowych lub innych wybranych przez Klienta podczas Rejestracji w Sklepie Internetowym, wykorzystywanych w celu zabezpieczenia dost\u0119pu do Konta Klienta w Sklepie Internetowym.<\/p>\n\n\n\n<p class=\"has-medium-font-size\" id=\"block-9ddec6b6-fe2f-453e-a12b-923a780e2c83\" style=\"margin-top:0;margin-bottom:0\">8. Regulamin &#8211; oznacza niniejszy regulamin.<\/p>\n\n\n\n<hr class=\"wp-block-separator has-alpha-channel-opacity is-style-wide\" id=\"block-5a903a57-e9a3-4f33-88a4-b4c4af20690c\"\/>\n\n\n\n<p class=\"has-medium-font-size\" id=\"block-ec1a94ff-5d92-4e08-9fa5-921e8e413bec\" style=\"margin-top:0;margin-right:0;margin-bottom:0;margin-left:0;padding-top:0;padding-right:0;padding-bottom:0;padding-left:0\"><strong>2. Postanowienia og\u00f3lne i korzystanie ze Strony Internetowej<\/strong><\/p>\n\n\n\n<p class=\"has-medium-font-size\" style=\"margin-top:0;margin-right:0;margin-bottom:0;margin-left:0;padding-top:0;padding-right:0;padding-bottom:0;padding-left:0\"><\/p>\n\n\n\n<p class=\"has-medium-font-size\" id=\"block-7b9ebff1-0fa9-47ee-ac35-53a97ec74747\" style=\"margin-top:0;margin-right:0;margin-bottom:0;margin-left:0;padding-top:0;padding-right:0;padding-bottom:0;padding-left:0\">1. Wszelkie prawa do Strony Internetowej, w tym maj\u0105tkowe prawa autorskie, prawa w\u0142asno\u015bci intelektualnej do jego nazwy, jego domeny internetowej, Strony Internetowej, a tak\u017ce do wzorc\u00f3w, formularzy, logotyp\u00f3w zamieszczanych na Stronie Internetowej (z wyj\u0105tkiem logotyp\u00f3w i zdj\u0119\u0107 prezentowanych na Stronie Internetowej w celach prezentacji towar\u00f3w, do kt\u00f3rych to prawa autorskie nale\u017c\u0105 do podmiot\u00f3w trzecich) nale\u017c\u0105 do Sprzedawcy, a korzystanie z nich mo\u017ce nast\u0119powa\u0107 wy\u0142\u0105cznie w spos\u00f3b okre\u015blony i zgodny z Regulaminem oraz za zgod\u0105 Sprzedawcy wyra\u017con\u0105 na pi\u015bmie.<\/p>\n\n\n\n<p class=\"has-medium-font-size\" id=\"block-dfd3752e-c056-4ea8-9dcb-697dad80ac91\" style=\"margin-top:0;margin-bottom:0;padding-top:0;padding-right:0;padding-bottom:0;padding-left:0\">2. W celu z\u0142o\u017cenia zam\u00f3wienia na Stronie Internetowej za po\u015brednictwem Strony Internetowej oraz w celu korzystania z us\u0142ug \u015bwiadczonych drog\u0105 elektroniczn\u0105 za po\u015brednictwem Strony Internetowej, konieczne jest posiadanie przez Klienta aktywnego konta poczty elektronicznej.<\/p>\n\n\n\n<p class=\"has-medium-font-size\" id=\"block-8e837001-e027-4578-9d55-0d8f992ccf61\" style=\"margin-top:0;margin-bottom:0;padding-top:0;padding-right:0;padding-bottom:0;padding-left:0\">3. Zakazane jest dostarczanie przez Klienta tre\u015bci o charakterze bezprawnym oraz wykorzystywanie przez Klienta Strony Internetowej lub us\u0142ug nieodp\u0142atnych \u015bwiadczonych przez Sprzedawc\u0119, w spos\u00f3b sprzeczny z prawem, dobrymi obyczajami lub naruszaj\u0105cy dobra osobiste os\u00f3b trzecich.<\/p>\n\n\n\n<hr class=\"wp-block-separator has-alpha-channel-opacity is-style-wide\" id=\"block-aac4bad6-7ec4-4a92-96e2-7ab9fa58b68c\"\/>\n\n\n\n<p class=\"has-medium-font-size\" id=\"block-0621ccc5-02da-4cbb-a570-5b7402839dde\" style=\"margin-top:0;margin-right:0;margin-bottom:0;margin-left:0\"><strong>3. Za\u0142o\u017cenie konta<\/strong><\/p>\n\n\n\n<p class=\"has-medium-font-size\" style=\"margin-top:0;margin-right:0;margin-bottom:0;margin-left:0\"><\/p>\n\n\n\n<p class=\"has-medium-font-size\" id=\"block-1fba43e5-442a-4d4e-90f1-ab83d18f1d80\" style=\"margin-top:0;margin-right:0;margin-bottom:0;margin-left:0\">1. W celu utworzenia Konta Klienta, Klient obowi\u0105zany jest dokona\u0107 nieodp\u0142atnej Rejestracji (za\u0142o\u017cenia konta).<\/p>\n\n\n\n<p class=\"has-medium-font-size\" id=\"block-de56d857-906c-4e33-9ce5-f9453cecd757\" style=\"margin-top:0;margin-right:0;margin-bottom:0;margin-left:0\">2. Rejestracja nie jest konieczna do z\u0142o\u017cenia zam\u00f3wienia na Stronie Internetowej.<\/p>\n\n\n\n<p class=\"has-medium-font-size\" id=\"block-d292284e-18c0-4c17-8b25-07624a3910e0\" style=\"margin-top:0;margin-right:0;margin-bottom:0;margin-left:0\">3. W celu Rejestracji, Klient powinien wype\u0142ni\u0107 formularz rejestracyjny udost\u0119pniony przez Sprzedawc\u0119 na Stronie Internetowej i przes\u0142a\u0107 wype\u0142niony formularz rejestracyjny drog\u0105 elektroniczn\u0105 do Sprzedawcy poprzez wyb\u00f3r odpowiedniej funkcji znajduj\u0105cej si\u0119 w formularzu rejestracyjnym. Podczas Rejestracji Klient ustala indywidualne Has\u0142o.<\/p>\n\n\n\n<p class=\"has-medium-font-size\" id=\"block-ff4034ca-8510-4b94-9c0a-7d2f76028832\" style=\"margin-top:0;margin-right:0;margin-bottom:0;margin-left:0\">4. W trakcie wype\u0142niania formularza rejestracyjnego, Klient ma mo\u017cliwo\u015b\u0107 zapoznania si\u0119 z Regulaminem, akceptuj\u0105c jego tre\u015b\u0107 poprzez oznaczenie odpowiedniego pola w formularzu.<\/p>\n\n\n\n<p class=\"has-medium-font-size\" id=\"block-39e27256-12ff-42f3-8daa-e5cee8d85004\" style=\"margin-top:0;margin-right:0;margin-bottom:0;margin-left:0\">5. Po przes\u0142aniu wype\u0142nionego formularza rejestracyjnego Klient otrzymuje niezw\u0142ocznie, drog\u0105 elektroniczn\u0105 na adres poczty elektronicznej podany w formularzu rejestracyjnym potwierdzenie Rejestracji przez Sprzedawc\u0119. Z t\u0105 chwil\u0105 zawarta zostaje umowa o \u015bwiadczenie drog\u0105 elektroniczn\u0105 us\u0142ugi Prowadzenie Konta Klienta, za\u015b Klient uzyskuje mo\u017cliwo\u015b\u0107 dost\u0119pu do Konta Klienta i dokonywania zmian podanych podczas Rejestracji danych.<\/p>\n\n\n\n<hr class=\"wp-block-separator has-alpha-channel-opacity is-style-wide\" id=\"block-7f2b4b42-3a04-4346-89c4-f05aa5feb078\"\/>\n\n\n\n<p class=\"has-medium-font-size\" id=\"block-bf3bf4c0-76dc-454f-a86c-20984985d3eb\" style=\"margin-top:0;margin-bottom:0\"><strong>4. Reklamacje<\/strong><\/p>\n\n\n\n<p class=\"has-medium-font-size\" style=\"margin-top:0;margin-bottom:0\"><\/p>\n\n\n\n<p class=\"has-medium-font-size\" id=\"block-d8db1741-a04c-4cd1-a876-3268cc59d877\" style=\"margin-top:0;margin-bottom:0\">1. Wszelkie reklamacje zwi\u0105zane z Us\u0142ug\u0105 lub realizacj\u0105 Umowy, Klient mo\u017ce kierowa\u0107 w formie pisemnej na adres Sprzedawcy.<\/p>\n\n\n\n<p class=\"has-medium-font-size\" id=\"block-fdc75419-b0ce-40a7-b055-6271585da0ff\" style=\"margin-top:0;margin-bottom:0\">2. Sprzedawca w ci\u0105gu 14 dni od dnia \u017c\u0105dania zawieraj\u0105cego reklamacj\u0119, ustosunkuje si\u0119 do reklamacji Us\u0142ugi lub reklamacji zwi\u0105zanej z realizacj\u0105 Umowy sprzeda\u017cy zg\u0142oszonej przez Klienta.<\/p>\n\n\n\n<hr class=\"wp-block-separator has-alpha-channel-opacity is-style-wide\" id=\"block-bf18c44a-9050-4e08-ac79-8ccbaa09d9ab\"\/>\n\n\n\n<p class=\"has-medium-font-size\" id=\"block-11e0590a-a7ff-4f0a-9dea-c7e36c7e3776\" style=\"margin-top:0;margin-bottom:0\"><strong>5. Gwarancja<\/strong><\/p>\n\n\n\n<p class=\"has-medium-font-size\" style=\"margin-top:0;margin-bottom:0\"><\/p>\n\n\n\n<p class=\"has-medium-font-size\" id=\"block-8e5d712e-f5f2-487d-b22f-f0b6b3f56ba5\" style=\"margin-top:0;margin-bottom:0\">1. Towary sprzedawane przez Sprzedawc\u0119 mog\u0105 by\u0107 obj\u0119te gwarancj\u0105 udzielon\u0105 przez producenta Towaru b\u0105d\u017a dystrybutora.<\/p>\n\n\n\n<hr class=\"wp-block-separator has-alpha-channel-opacity is-style-wide\" id=\"block-3f48408b-4b4f-4c39-91c6-f2be7a0fc3b0\"\/>\n\n\n\n<p class=\"has-medium-font-size\" id=\"block-0d65e04f-50c8-4038-9bb9-b541a4d1b541\" style=\"margin-top:0;margin-bottom:0\"><strong>6. Odst\u0105pienie od Umowy sprzeda\u017cy<\/strong><\/p>\n\n\n\n<p class=\"has-medium-font-size\" style=\"margin-top:0;margin-bottom:0\"><\/p>\n\n\n\n<p class=\"has-medium-font-size\" id=\"block-3f02760b-c7d1-45aa-a339-26ac4fdf9148\" style=\"margin-top:0;margin-bottom:0\">1. Klient b\u0119d\u0105cy Konsumentem, kt\u00f3ry zawar\u0142 Umow\u0119 sprzeda\u017cy, mo\u017ce w terminie 14 dni odst\u0105pi\u0107 od niej bez podawania przyczyny.<\/p>\n\n\n\n<p class=\"has-medium-font-size\" id=\"block-d4fc6cfe-5d3b-4c7c-b45f-dde5780e7d3b\" style=\"margin-top:0;margin-bottom:0\">2. Bieg terminu na odst\u0105pienie od Umowy sprzeda\u017cy rozpoczyna si\u0119 od chwili obj\u0119cia Us\u0142ugi w posiadanie przez Konsumenta. Konsument mo\u017ce odst\u0105pi\u0107 od Umowy sprzeda\u017cy sk\u0142adaj\u0105c Sprzedawcy o\u015bwiadczenie o odst\u0105pieniu. O\u015bwiadczenie to mo\u017ce zosta\u0107 z\u0142o\u017cone przyk\u0142adowo pisemnie na adres Sprzedawcy, za po\u015brednictwem poczty elektronicznej na adres Sprzedawcy.<\/p>\n\n\n\n<p class=\"has-medium-font-size\" id=\"block-a2397e20-baeb-412e-bcff-fbcb0a8b009e\" style=\"margin-top:0;margin-bottom:0\">3. W przypadku odst\u0105pienia od Umowy sprzeda\u017cy, jest ona uwa\u017cana za niezawart\u0105.<\/p>\n\n\n\n<p class=\"has-medium-font-size\" id=\"block-20c7f764-d9a0-40d5-8b72-cc3639c4cfa1\" style=\"margin-top:0;margin-bottom:0\">4. Je\u015bli Konsument z\u0142o\u017cy\u0142 o\u015bwiadczenie o odst\u0105pieniu od Umowy sprzeda\u017cy zanim Sprzedawca przyj\u0105\u0142 jego ofert\u0119, oferta przestaje wi\u0105za\u0107.<\/p>\n\n\n\n<p class=\"has-medium-font-size\" id=\"block-e7b90187-55aa-4ccc-81df-1500b960acc9\" style=\"margin-top:0;margin-bottom:0\">5. Sprzedawca ma obowi\u0105zek niezw\u0142ocznie, nie p\u00f3\u017aniej ni\u017c w terminie 14 dni od dnia otrzymania o\u015bwiadczenia Konsumenta o odst\u0105pieniu od Umowy sprzeda\u017cy, zwr\u00f3ci\u0107 mu wszystkie dokonane przez niego p\u0142atno\u015bci. Sprzedawca mo\u017ce wstrzyma\u0107 si\u0119 ze zwrotem p\u0142atno\u015bci otrzymanych od Konsumenta do chwili otrzymania z powrotem Towaru\/Us\u0142ugi lub dostarczenia przez Konsumenta dowodu odes\u0142ania Towaru\/Us\u0142ugi, w zale\u017cno\u015bci od tego, kt\u00f3re zdarzenie nast\u0105pi wcze\u015bniej.<\/p>\n\n\n\n<p class=\"has-medium-font-size\" id=\"block-a6e8eb3d-d356-422e-9e74-a248f51a4555\" style=\"margin-top:0;margin-bottom:0\">6. Konsument ma obowi\u0105zek zwr\u00f3ci\u0107 Towar Sprzedawcy niezw\u0142ocznie, jednak nie p\u00f3\u017aniej ni\u017c w terminie 14 dni od dnia, w kt\u00f3rym odst\u0105pi\u0142 od Umowy sprzeda\u017cy Us\u0142ugi. Do zachowania terminu wystarczy odes\u0142anie Towaru\/Us\u0142ugi na adres wyznaczony przez sprzedawc\u0119<\/p>\n\n\n\n<p class=\"has-medium-font-size\" id=\"block-26d52b31-6299-4fb6-927d-986d4893c057\" style=\"margin-top:0;margin-bottom:0\">7. W wypadku odst\u0105pienia Klient b\u0119d\u0105cy Konsumentem ponosi tylko bezpo\u015brednie koszty zwrotu Towaru.<\/p>\n\n\n\n<p class=\"has-medium-font-size\" id=\"block-33725953-2c60-4887-8368-253a71d3a9d7\" style=\"margin-top:0;margin-bottom:0\">8. Konsument ponosi odpowiedzialno\u015b\u0107 za zmniejszenie warto\u015bci Towaru b\u0119d\u0105ce wynikiem korzystania z niego w spos\u00f3b wykraczaj\u0105cy poza spos\u00f3b konieczny do stwierdzenia charakteru, cech i funkcjonowania Towaru\/Us\u0142ugi.<\/p>\n\n\n\n<p class=\"has-medium-font-size\" id=\"block-98ffca2f-b1e5-4828-a4b6-3b12523180f9\" style=\"margin-top:0;margin-bottom:0\">9. Sprzedawca dokonuje zwrotu p\u0142atno\u015bci przy u\u017cyciu takiego samego sposobu zap\u0142aty, jakiego u\u017cy\u0142 Konsument chyba, \u017ce Konsument wyra\u017anie zgodzi\u0142 si\u0119 na inny spos\u00f3b zwrotu, kt\u00f3ry nie wi\u0105\u017ce si\u0119 dla niego z \u017cadnymi kosztami.<\/p>\n\n\n\n<hr class=\"wp-block-separator has-alpha-channel-opacity is-style-wide\" id=\"block-04f9cc95-c857-4819-8109-c54ea4cf5dc3\"\/>\n\n\n\n<p class=\"has-medium-font-size\" id=\"block-a44156f4-0471-4e09-800d-ae82e840e8e2\" style=\"margin-top:0;margin-right:0;margin-bottom:0;margin-left:0;padding-top:0;padding-right:0;padding-bottom:0;padding-left:0\"><strong>7.\u00a0Postanowienia ko\u0144cowe<\/strong><\/p>\n\n\n\n<p class=\"has-medium-font-size\" id=\"block-a44156f4-0471-4e09-800d-ae82e840e8e2\" style=\"margin-top:0;margin-right:0;margin-bottom:0;margin-left:0;padding-top:0;padding-right:0;padding-bottom:0;padding-left:0\"><br>1. Us\u0142ugobiorcy przed rozpocz\u0119ciem korzystania z Serwisu s\u0105 zobowi\u0105zani zapozna\u0107 si\u0119 z niniejszym Regulaminem.<br>2. Regulamin jest udost\u0119pniony Us\u0142ugobiorcom nieodp\u0142atnie za po\u015brednictwem Serwisu na Stronie Internetowej, w formie, kt\u00f3ra umo\u017cliwia jego pobranie, utrwalenie i wydrukowanie.<br>3. Ka\u017cdy Us\u0142ugobiorca zobowi\u0105zany jest do przestrzegania postanowie\u0144 Regulaminu od chwili rozpocz\u0119cia korzystania z Us\u0142ug.<br>4. Us\u0142ugodawca uprawniony jest do zawieszenia lub zaprzestania albo zmiany zasad \u015bwiadczenia Us\u0142ug bez uprzedniego zawiadamiania Us\u0142ugobiorc\u00f3w, z zastrze\u017ceniem zachowania praw Us\u0142ugobiorc\u00f3w.<br>5. Us\u0142ugodawca zastrzega sobie prawo zmiany postanowie\u0144 niniejszego Regulaminu.<br>6. W przypadku zmiany niniejszego Regulaminu zostanie on umieszczony na Stronie Internetowej. <br>7. Us\u0142ugodawca ma prawo do jednostronnej zmiany Regulaminu, z zastrze\u017ceniem zachowania praw Us\u0142ugobiorc\u00f3w. Zmiana mo\u017ce by\u0107 uzasadniona zmian\u0105 powszechnie obowi\u0105zuj\u0105cego prawa w zakresie w jakim ma wp\u0142yw na niniejszy regulamin jak r\u00f3wnie\u017c potrzeb\u0105 wprowadzenia przez Us\u0142ugodawc\u0119 nowych us\u0142ug lub nowych funkcjonalno\u015bci dla us\u0142ug ju\u017c istniej\u0105cych.<br>8. Wszelkie pytania, opinie i wnioski dotycz\u0105ce funkcjonowania Serwisu oraz o\u015bwiadczenia do Us\u0142ugodawcy Us\u0142ugobiorca mo\u017ce kierowa\u0107 na adres poczty elektronicznej.<br><\/p>\n\n\n\n<hr class=\"wp-block-separator has-alpha-channel-opacity is-style-wide\"\/>\n","protected":false},"excerpt":{"rendered":"<p>Regulamin strony internetowego wchodzi w \u017cycie z dniem 01.01.2020 r. Niniejszy regulamin, zwany dalej Regulaminem, okre\u015bla zasady \u015bwiadczenia us\u0142ug przez<\/p>\n","protected":false},"author":1,"featured_media":0,"parent":0,"menu_order":0,"comment_status":"closed","ping_status":"closed","template":"","meta":{"colormag_page_container_layout":"no_sidebar_full_width","colormag_page_sidebar_layout":"no_sidebar","footnotes":""},"class_list":["post-119","page","type-page","status-publish","hentry"],"_links":{"self":[{"href":"https:\/\/teamprofessional.pl\/teamprofessional\/index.php?rest_route=\/wp\/v2\/pages\/119","targetHints":{"allow":["GET"]}}],"collection":[{"href":"https:\/\/teamprofessional.pl\/teamprofessional\/index.php?rest_route=\/wp\/v2\/pages"}],"about":[{"href":"https:\/\/teamprofessional.pl\/teamprofessional\/index.php?rest_route=\/wp\/v2\/types\/page"}],"author":[{"embeddable":true,"href":"https:\/\/teamprofessional.pl\/teamprofessional\/index.php?rest_route=\/wp\/v2\/users\/1"}],"replies":[{"embeddable":true,"href":"https:\/\/teamprofessional.pl\/teamprofessional\/index.php?rest_route=%2Fwp%2Fv2%2Fcomments&post=119"}],"version-history":[{"count":5,"href":"https:\/\/teamprofessional.pl\/teamprofessional\/index.php?rest_route=\/wp\/v2\/pages\/119\/revisions"}],"predecessor-version":[{"id":572,"href":"https:\/\/teamprofessional.pl\/teamprofessional\/index.php?rest_route=\/wp\/v2\/pages\/119\/revisions\/572"}],"wp:attachment":[{"href":"https:\/\/teamprofessional.pl\/teamprofessional\/index.php?rest_route=%2Fwp%2Fv2%2Fmedia&parent=119"}],"curies":[{"name":"wp","href":"https:\/\/api.w.org\/{rel}","templated":true}]}}