{"id":116,"date":"2023-01-08T13:29:13","date_gmt":"2023-01-08T12:29:13","guid":{"rendered":"https:\/\/teamprofessional.pl\/teamprofessional\/?page_id=116"},"modified":"2024-12-23T08:03:22","modified_gmt":"2024-12-23T07:03:22","slug":"polityka-cookies","status":"publish","type":"page","link":"https:\/\/teamprofessional.pl\/teamprofessional\/?page_id=116","title":{"rendered":"Polityka cookies"},"content":{"rendered":"\n<hr class=\"wp-block-separator has-alpha-channel-opacity is-style-wide\" id=\"block-aad429f1-6117-4c9b-a53f-046cdb8ef528\"\/>\n\n\n\n<p id=\"block-7ec89b16-76d5-4dad-940d-f7539371711d\">Polityka cookies sporz\u0105dzona zosta\u0142a zgodnie z obowi\u0105zkami wynikaj\u0105cymi z nowelizacji Prawa Telekomunikacyjnego, kt\u00f3re wesz\u0142y w \u017cycie 22 marca 2013 roku. Obowi\u0105zki te realizowane s\u0105 w ca\u0142ej Europie wskutek implementowania dyrektywy europejskiej.<\/p>\n\n\n\n<p id=\"block-eb6d8ea7-0ec7-448b-8023-0a1bc9b6b716\">Pliki cookies stosowane w ramach strony <a href=\"https:\/\/teamprofessional.pl\/teamprofessional\/\"><strong>www.teamprofessional.pl<\/strong><\/a> s\u0105 bezpieczne i nie maj\u0105 szkodliwego wp\u0142ywu na urz\u0105dzenie ko\u0144cowe.<\/p>\n\n\n\n<hr class=\"wp-block-separator has-alpha-channel-opacity is-style-wide\" id=\"block-85567389-299b-45da-aec5-dfd0ce4e899f\"\/>\n\n\n\n<p id=\"block-3d00c312-5b18-4e8a-aced-a4115f6401cc\"><strong>Pliki cookies<\/strong><\/p>\n\n\n\n<p id=\"block-5dfc9935-ecc9-4eaf-95a5-279bd90ceaa4\">Strona <a href=\"https:\/\/teamprofessional.pl\/teamprofessional\/\"><strong>www.teamprofessional.pl<\/strong><\/a> u\u017cywa cookies. S\u0105 to niewielkie pliki tekstowe wysy\u0142ane przez serwer www i przechowywane przez oprogramowanie komputera przegl\u0105darki. Kiedy przegl\u0105darka ponownie po\u0142\u0105czy si\u0119 ze stron\u0105, witryna rozpoznaje rodzaj urz\u0105dzenia, z kt\u00f3rego \u0142\u0105czy si\u0119 u\u017cytkownik. Parametry pozwalaj\u0105 na odczytanie informacji w nich zawartych jedynie serwerowi, kt\u00f3ry je utworzy\u0142. Cookies u\u0142atwiaj\u0105 wi\u0119c korzystanie z wcze\u015bniej odwiedzonych witryn.<\/p>\n\n\n\n<p id=\"block-0205a875-624f-4bea-981e-b9899d381c61\">Dzi\u0119ki nim mo\u017cliwe jest dostarczenie wysokiej jako\u015bci us\u0142ugi w stosowanym modelu biznesowym i usprawniaj\u0105 korzystanie z niej. Pliki te identyfikuj\u0105 internaut\u0119 przy ponownych odwiedzinach b\u0105d\u017a w ramach jednej wizyty w celu usprawnienia niekt\u00f3rych funkcji np. zwi\u0105zanych z logowaniem, przechowywaniem zawarto\u015bci koszyka lub w celu dostarczenia spersonalizowanych informacji.<\/p>\n\n\n\n<hr class=\"wp-block-separator has-alpha-channel-opacity is-style-wide\" id=\"block-3ae0e033-7426-451e-a689-b369e866ade1\"\/>\n\n\n\n<p id=\"block-fd0c4afc-59fe-409c-8824-6edb90385ad3\">Gromadzone informacje dotycz\u0105 adresu IP, typu wykorzystywanej przegl\u0105darki, j\u0119zyka, rodzaju systemu operacyjnego, dostawcy us\u0142ug internetowych, informacji o czasie i dacie, lokalizacji oraz informacji przesy\u0142anych do witryny za po\u015brednictwem formularza kontaktowego.<\/p>\n\n\n\n<p id=\"block-bfb89a9d-226f-41d6-b113-f1e31f6ba497\">Zebrane dane s\u0142u\u017c\u0105 do monitorowania i sprawdzenia, w jaki spos\u00f3b u\u017cytkownicy korzystaj\u0105 z naszych witryn, aby usprawnia\u0107 funkcjonowanie serwisu zapewniaj\u0105c bardziej efektywn\u0105 i bezproblemow\u0105 nawigacj\u0119. Monitorowania informacji o u\u017cytkownikach dokonujemy korzystaj\u0105c z narz\u0119dzia Google Analytics, kt\u00f3re rejestruje zachowanie u\u017cytkownika na stronie.<\/p>\n\n\n\n<p id=\"block-98601208-e730-40ff-9b81-3ce9a27e4b52\">Cookies identyfikuje u\u017cytkownika, co pozwala na dopasowanie tre\u015bci witryny, z kt\u00f3rej korzysta, do jego potrzeb. Zapami\u0119tuj\u0105c jego preferencje, umo\u017cliwia odpowiednie dopasowanie skierowanych do niego reklam. Stosujemy pliki cookies, aby zagwarantowa\u0107 najwy\u017cszy standard wygody naszego serwisu, a zebrane dane s\u0105 wykorzystywane jedynie wewn\u0105trz firmy <a href=\"https:\/\/teamprofessional.pl\/teamprofessional\/\"><strong>www.teamprofessional.pl<\/strong><\/a> w celu optymalizacji dzia\u0142a\u0144.<\/p>\n\n\n\n<hr class=\"wp-block-separator has-alpha-channel-opacity is-style-wide\" id=\"block-17ce1061-e3b2-4056-8716-de94d0b2f888\"\/>\n\n\n\n<p id=\"block-401e7b2c-f3a9-4dea-9010-577244b355fe\">U\u017cytkownik w ka\u017cdej chwili ma mo\u017cliwo\u015b\u0107 wy\u0142\u0105czenia lub przywr\u00f3cenia opcji gromadzenia cookies poprzez zmian\u0119 ustawie\u0144 w przegl\u0105darce internetowej. Instrukcja zarz\u0105dzania plikami cookies jest dost\u0119pna na stronie twojej przegl\u0105darki.<\/p>\n\n\n\n<p id=\"block-7c8a5839-5647-4698-ae2b-f6b0e9d45f9d\">Dodatkowe dane osobowe, jak adres e-mail, zbierane s\u0105 jedynie w miejscach, w kt\u00f3rych u\u017cytkownik wype\u0142niaj\u0105c formularz wyra\u017anie wyrazi\u0142 na to zgod\u0119. Powy\u017csze dane zachowujemy i wykorzystujemy tylko do potrzeb niezb\u0119dnych do wykonania danej funkcji.<\/p>\n\n\n\n<hr class=\"wp-block-separator has-alpha-channel-opacity is-style-wide\"\/>\n","protected":false},"excerpt":{"rendered":"<p>Polityka cookies sporz\u0105dzona zosta\u0142a zgodnie z obowi\u0105zkami wynikaj\u0105cymi z nowelizacji Prawa Telekomunikacyjnego, kt\u00f3re wesz\u0142y w \u017cycie 22 marca 2013 roku.<\/p>\n","protected":false},"author":1,"featured_media":0,"parent":0,"menu_order":0,"comment_status":"closed","ping_status":"closed","template":"","meta":{"colormag_page_container_layout":"no_sidebar_full_width","colormag_page_sidebar_layout":"no_sidebar","footnotes":""},"class_list":["post-116","page","type-page","status-publish","hentry"],"_links":{"self":[{"href":"https:\/\/teamprofessional.pl\/teamprofessional\/index.php?rest_route=\/wp\/v2\/pages\/116","targetHints":{"allow":["GET"]}}],"collection":[{"href":"https:\/\/teamprofessional.pl\/teamprofessional\/index.php?rest_route=\/wp\/v2\/pages"}],"about":[{"href":"https:\/\/teamprofessional.pl\/teamprofessional\/index.php?rest_route=\/wp\/v2\/types\/page"}],"author":[{"embeddable":true,"href":"https:\/\/teamprofessional.pl\/teamprofessional\/index.php?rest_route=\/wp\/v2\/users\/1"}],"replies":[{"embeddable":true,"href":"https:\/\/teamprofessional.pl\/teamprofessional\/index.php?rest_route=%2Fwp%2Fv2%2Fcomments&post=116"}],"version-history":[{"count":2,"href":"https:\/\/teamprofessional.pl\/teamprofessional\/index.php?rest_route=\/wp\/v2\/pages\/116\/revisions"}],"predecessor-version":[{"id":569,"href":"https:\/\/teamprofessional.pl\/teamprofessional\/index.php?rest_route=\/wp\/v2\/pages\/116\/revisions\/569"}],"wp:attachment":[{"href":"https:\/\/teamprofessional.pl\/teamprofessional\/index.php?rest_route=%2Fwp%2Fv2%2Fmedia&parent=116"}],"curies":[{"name":"wp","href":"https:\/\/api.w.org\/{rel}","templated":true}]}}