{"id":111,"date":"2023-01-08T13:22:09","date_gmt":"2023-01-08T12:22:09","guid":{"rendered":"https:\/\/teamprofessional.pl\/teamprofessional\/?page_id=111"},"modified":"2024-12-23T07:58:19","modified_gmt":"2024-12-23T06:58:19","slug":"polityka-prywatnosci-rodo","status":"publish","type":"page","link":"https:\/\/teamprofessional.pl\/teamprofessional\/?page_id=111","title":{"rendered":"Polityka prywatno\u015bci &#8211; RODO"},"content":{"rendered":"\n<hr class=\"wp-block-separator has-alpha-channel-opacity is-style-wide\"\/>\n\n\n\n<p>W zwi\u0105zku z rozpocz\u0119ciem stosowania z dniem 25 maja 2018 roku rozporz\u0105dzenia Parlamentu Europejskiego i Rady (UE) 2016\/679 z dnia 27 kwietnia 2016 r. w sprawie ochrony os\u00f3b fizycznych w zwi\u0105zku z przetwarzaniem danych osobowych i w sprawie swobodnego przep\u0142ywu takich danych i uchylenia dyrektywy 95\/46\/WE, (dalej zwanym \u201eRODO\u201d), administrator strony <a href=\"https:\/\/teamprofessional.pl\"><strong>https:\/\/teamprofessional.pl<\/strong><\/a> informuje, \u017ce od dnia 25 maja 2018 roku b\u0119d\u0105 Pani\/Panu przys\u0142ugiwa\u0142y okre\u015blone poni\u017cej prawa zwi\u0105zane z przetwarzaniem Pani\/Pana danych osobowych przez administratora strony.<\/p>\n\n\n\n<hr class=\"wp-block-separator has-css-opacity is-style-wide\"\/>\n\n\n\n<p><strong>Rodzaj przetwarzanych danych<\/strong><\/p>\n\n\n\n<p>Dane osobowe klient\u00f3w s\u0105 zbierane w przypadku:<\/p>\n\n\n\n<ol class=\"wp-block-list\">\n<li>Rejestracji konta, w celu utworzenia indywidualnego konta i zarz\u0105dzania tym kontem,<\/li>\n\n\n\n<li>Obs\u0142ugi sk\u0142adanych zam\u00f3wie\u0144, w celu wykonania umowy sprzeda\u017cy,<\/li>\n\n\n\n<li>\u015awiadczenie us\u0142ug wysy\u0142ania newslettera,<\/li>\n<\/ol>\n\n\n\n<p>S\u0105 to w szczeg\u00f3lno\u015bci dane:<\/p>\n\n\n\n<ol class=\"wp-block-list\">\n<li>Imi\u0119 i nazwisko<\/li>\n\n\n\n<li>Adres zamieszkania<\/li>\n\n\n\n<li>Data urodzenia<\/li>\n\n\n\n<li>Adres&nbsp; e-mail<\/li>\n\n\n\n<li>Nr Telefonu<\/li>\n\n\n\n<li>Historia zam\u00f3wie\u0144<\/li>\n\n\n\n<li>Dane osoby kontaktowej<\/li>\n<\/ol>\n\n\n\n<p>Dodatkowo, przepisy prawa wymagaj\u0105 od nas przetwarzania Twoich danych dla cel\u00f3w podatkowych i rachunkowych.<\/p>\n\n\n\n<hr class=\"wp-block-separator has-css-opacity is-style-wide\"\/>\n\n\n\n<p><strong>Podstawowe informacje na temat bezpiecze\u0144stwa danych i prywatno\u015bci:<\/strong><\/p>\n\n\n\n<ol class=\"wp-block-list\">\n<li>Gdy kupisz co\u015b za po\u015brednictwem tej strony internetowej, dodasz komentarz na stronie przedmiotu, zapiszesz si\u0119 do newslettera, czy po prostu skontaktujesz si\u0119 z nami, przekazujesz nam swoje dane osobowe, a my gwarantuj\u0119 Ci, \u017ce Twoje dane pozostan\u0105 poufne, bezpieczne i nie zostan\u0105 udost\u0119pnione jakimkolwiek podmiotom trzecim bez Twojej wyra\u017anej zgody.<\/li>\n\n\n\n<li>Na stronie wykorzystywane s\u0105 pliki cookies. Wykorzystywane jest tak\u017ce zbieranie danych przez Google Analytics.<\/li>\n\n\n\n<li>Na stronie s\u0105 podane linki do portali takich jak: Instagram, YouTube, Facebook, Twitter i u\u017cywanie ich mo\u017ce wi\u0105za\u0107 si\u0119 z wykorzystywaniem plik\u00f3w cookies administrator\u00f3w tych\u017ce serwis\u00f3w spo\u0142eczno\u015bciowych.<\/li>\n\n\n\n<li>Korzystam z us\u0142ug firmy MailChimp w celu tworzenia list mailingowych i kontaktowych.<\/li>\n<\/ol>\n\n\n\n<hr class=\"wp-block-separator has-css-opacity is-style-wide\"\/>\n\n\n\n<p><strong>Twoje uprawnienia<\/strong><\/p>\n\n\n\n<p>Gwarantujemy spe\u0142nienie wszystkich Twoich praw wynikaj\u0105cych z og\u00f3lnego rozporz\u0105dzenia o ochronie danych, tj. prawo dost\u0119pu, sprostowania oraz usuni\u0119cia Twoich danych, ograniczenia ich przetwarzania, prawo do ich przenoszenia, niepodlegania zautomatyzowanemu podejmowaniu decyzji, w tym profilowaniu, a tak\u017ce prawo wyrazi\u0107 sprzeciw wobec przetwarzania Twoich danych osobowych.<\/p>\n\n\n\n<hr class=\"wp-block-separator has-css-opacity is-style-wide\"\/>\n\n\n\n<p><strong>RODO gwarantuje Ci nast\u0119puj\u0105ce prawa<\/strong>:<\/p>\n\n\n\n<ol class=\"wp-block-list\">\n<li>Prawo dost\u0119pu do danych osobowych,<\/li>\n\n\n\n<li>Prawo do sprostowania danych osobowych,<\/li>\n\n\n\n<li>Prawo do usuni\u0119cia danych osobowych,<\/li>\n\n\n\n<li>Prawo do ograniczenia przetwarzania danych osobowych,<\/li>\n\n\n\n<li>Prawo do wniesienia sprzeciwu co do przetwarzania danych osobowych,<\/li>\n\n\n\n<li>Prawo do przenoszenia danych,<\/li>\n\n\n\n<li>Prawo do wniesienia skargi do organu nadzorczego,<\/li>\n\n\n\n<li>Prawo do odwo\u0142ania zgody na przetwarzanie danych osobowych, je\u017celi takow\u0105 zgod\u0119 wyrazi\u0142e\u015b.<\/li>\n<\/ol>\n\n\n\n<hr class=\"wp-block-separator has-css-opacity is-style-wide\"\/>\n\n\n\n<p><strong>Profilowanie<\/strong><\/p>\n\n\n\n<p>Twoje dane osobowe b\u0119d\u0105 przetwarzane w spos\u00f3b zautomatyzowany (w tym w formie profilowania), jednak\u017ce nie b\u0119dzie to wywo\u0142ywa\u0107 wobec Ciebie \u017cadnych skutk\u00f3w prawnych lub w podobny spos\u00f3b istotnie wp\u0142ywa\u0107 na Twoj\u0105 sytuacj\u0119. Profilowanie danych osobowych przez Sp\u00f3\u0142k\u0119 polega na przetwarzaniu Twoich danych (r\u00f3wnie\u017c w spos\u00f3b zautomatyzowany), poprzez wykorzystywanie ich do oceny niekt\u00f3rych informacji o Tobie, w szczeg\u00f3lno\u015bci do analizy lub prognozy osobistych preferencji oraz zainteresowa\u0144.<\/p>\n\n\n\n<hr class=\"wp-block-separator has-css-opacity is-style-wide\"\/>\n\n\n\n<p><strong>Okres przechowywania danych osobowych<\/strong><\/p>\n\n\n\n<p>Administrator przechowuje dane osobowe Klient\u00f3w jedynie przez czas, jaki jest niezb\u0119dny do zrealizowania cel\u00f3w, dla kt\u00f3rych dane zosta\u0142y zebrane. Po tym czasie dane s\u0105 usuwane lub zanonimizowane w taki spos\u00f3b, \u017ce nie jest mo\u017cliwe ustalenie to\u017csamo\u015bci Klienta.<\/p>\n\n\n\n<p>Administrator ma prawo przechowywa\u0107 dane do momentu istnienia obowi\u0105zku wynikaj\u0105cego z przepis\u00f3w prawa lub jest to konieczne do obrony lub dochodzenia przez Sp\u00f3\u0142k\u0119 roszcze\u0144 w stosunku do Klient\u00f3w.<\/p>\n\n\n\n<hr class=\"wp-block-separator has-css-opacity is-style-wide\"\/>\n\n\n\n<p>Je\u015bli masz jakie\u015b pytania odno\u015bnie wykorzystania Twoich danych osobowych, to prosimy o kontakt: <a href=\"mailto:teamprofessional005@gmail.com\"><strong>teamprofessional005@gmail.com<\/strong><\/a><\/p>\n\n\n\n<p>Je\u015bli chcesz usuni\u0119cia Ci\u0119 z listy mailingowej, wysy\u0142kowej, kontaktowej, newslettera i jakikolwiek twoich danych zebranych na tej stronie to prosimy o kontakt: <a href=\"mailto:teamshop005@gmail.com\"><strong>teamprofessional005@gmail.com<\/strong><\/a><\/p>\n\n\n\n<hr class=\"wp-block-separator has-alpha-channel-opacity is-style-wide\"\/>\n","protected":false},"excerpt":{"rendered":"<p>W zwi\u0105zku z rozpocz\u0119ciem stosowania z dniem 25 maja 2018 roku rozporz\u0105dzenia Parlamentu Europejskiego i Rady (UE) 2016\/679 z dnia<\/p>\n","protected":false},"author":1,"featured_media":0,"parent":0,"menu_order":0,"comment_status":"closed","ping_status":"closed","template":"","meta":{"colormag_page_container_layout":"no_sidebar_full_width","colormag_page_sidebar_layout":"no_sidebar","footnotes":""},"class_list":["post-111","page","type-page","status-publish","hentry"],"_links":{"self":[{"href":"https:\/\/teamprofessional.pl\/teamprofessional\/index.php?rest_route=\/wp\/v2\/pages\/111","targetHints":{"allow":["GET"]}}],"collection":[{"href":"https:\/\/teamprofessional.pl\/teamprofessional\/index.php?rest_route=\/wp\/v2\/pages"}],"about":[{"href":"https:\/\/teamprofessional.pl\/teamprofessional\/index.php?rest_route=\/wp\/v2\/types\/page"}],"author":[{"embeddable":true,"href":"https:\/\/teamprofessional.pl\/teamprofessional\/index.php?rest_route=\/wp\/v2\/users\/1"}],"replies":[{"embeddable":true,"href":"https:\/\/teamprofessional.pl\/teamprofessional\/index.php?rest_route=%2Fwp%2Fv2%2Fcomments&post=111"}],"version-history":[{"count":3,"href":"https:\/\/teamprofessional.pl\/teamprofessional\/index.php?rest_route=\/wp\/v2\/pages\/111\/revisions"}],"predecessor-version":[{"id":125,"href":"https:\/\/teamprofessional.pl\/teamprofessional\/index.php?rest_route=\/wp\/v2\/pages\/111\/revisions\/125"}],"wp:attachment":[{"href":"https:\/\/teamprofessional.pl\/teamprofessional\/index.php?rest_route=%2Fwp%2Fv2%2Fmedia&parent=111"}],"curies":[{"name":"wp","href":"https:\/\/api.w.org\/{rel}","templated":true}]}}